{"id":2309,"date":"2024-01-29T19:18:41","date_gmt":"2024-01-29T18:18:41","guid":{"rendered":"https:\/\/goodbeer.solutions\/tipps\/"},"modified":"2024-07-02T10:20:40","modified_gmt":"2024-07-02T09:20:40","slug":"tipps","status":"publish","type":"page","link":"https:\/\/goodbeer.solutions\/de\/tipps\/","title":{"rendered":"Tipps"},"content":{"rendered":"\n<div class=\"wp-block-group alignwide\"><div class=\"wp-block-group__inner-container is-layout-constrained wp-block-group-is-layout-constrained\">\n<div class=\"wp-block-group\" style=\"padding-top:var(--wp--preset--spacing--40);padding-bottom:var(--wp--preset--spacing--40)\"><div class=\"wp-block-group__inner-container is-layout-constrained wp-block-group-is-layout-constrained\">\n<h1 class=\"wp-block-heading has-text-align-center\">Magazin<\/h1>\n\n\n\n<p class=\"has-text-align-center\">Schweizer Brauereien mit Fachwissen und Premium-Produkten versorgen. Tauchen Sie ein in unsere technischen Ressourcen zur Optimierung Ihres Brauprozesses, mit ausf\u00fchrlichen Anleitungen, Best Practices und Expertenratschl\u00e4gen zur Verwendung unserer Hauptprodukte: Lallemand Hefe, Dingemans Malz, Murphy &amp; Son&#8217;s Brauhilfen und Kersia Hygienel\u00f6sungen. Unsere Ressourcen sind darauf ausgerichtet, Schweizer Brauereien bei der Herstellung erstklassiger Biere zu unterst\u00fctzen und Qualit\u00e4t vom Korn bis zum Glas zu gew\u00e4hrleisten.<\/p>\n<\/div><\/div>\n\n\n\n<div class=\"wp-block-columns is-layout-flex wp-container-core-columns-is-layout-a0017d07 wp-block-columns-is-layout-flex\">\n<div class=\"wp-block-column is-layout-flow wp-block-column-is-layout-flow\">\n<div class=\"wp-block-group has-border-color has-middle-light-border-color\" style=\"border-width:1px\"><div class=\"wp-block-group__inner-container is-layout-constrained wp-block-group-is-layout-constrained\">\n<figure class=\"wp-block-image size-full is-resized\"><img loading=\"lazy\" decoding=\"async\" width=\"225\" height=\"150\" src=\"https:\/\/goodbeer.solutions\/wp-content\/uploads\/2024\/01\/gb-tips-1.jpg\" alt=\"Malz Hopfen Hefe\" class=\"wp-image-1830\" style=\"aspect-ratio:1.3333333333333333;object-fit:cover;width:400px;height:auto\"\/><\/figure>\n\n\n\n<h2 class=\"wp-block-heading has-text-align-center has-custom-302-b-2-b-color has-text-color has-link-color has-large-font-size wp-elements-a970206b50fef618a58de0b37c15b16d\"><a href=\"https:\/\/goodbeer.solutions\/de\/tips\/malz-hefe-hopfen\/\">Malz Hopfen  <br>Hefe<\/a><\/h2>\n<\/div><\/div>\n<\/div>\n\n\n\n<div class=\"wp-block-column is-layout-flow wp-block-column-is-layout-flow\">\n<div class=\"wp-block-group has-border-color has-middle-light-border-color\" style=\"border-width:1px\"><div class=\"wp-block-group__inner-container is-layout-constrained wp-block-group-is-layout-constrained\">\n<figure class=\"wp-block-image size-full is-resized\"><img loading=\"lazy\" decoding=\"async\" width=\"225\" height=\"150\" src=\"https:\/\/goodbeer.solutions\/wp-content\/uploads\/2024\/01\/gb-tips-2.jpg\" alt=\"G\u00e4rung &amp; Kl\u00e4rung\" class=\"wp-image-1833\" style=\"aspect-ratio:1.3333333333333333;object-fit:cover;width:400px;height:auto\"\/><\/figure>\n\n\n\n<h2 class=\"wp-block-heading has-text-align-center has-custom-302-b-2-b-color has-text-color has-link-color has-large-font-size wp-elements-d62a9df48a51f992f02356cb3dc25f4d\"><a href=\"https:\/\/goodbeer.solutions\/de\/tips\/garung-klarung\/\">G\u00e4rung  <br>&amp; Kl\u00e4rung<\/a><\/h2>\n<\/div><\/div>\n<\/div>\n\n\n\n<div class=\"wp-block-column is-layout-flow wp-block-column-is-layout-flow\">\n<div class=\"wp-block-group has-border-color has-middle-light-border-color\" style=\"border-width:1px\"><div class=\"wp-block-group__inner-container is-layout-constrained wp-block-group-is-layout-constrained\">\n<figure class=\"wp-block-image size-full is-resized\"><img loading=\"lazy\" decoding=\"async\" width=\"225\" height=\"150\" src=\"https:\/\/goodbeer.solutions\/wp-content\/uploads\/2024\/01\/gb-tips-3.jpg\" alt=\"Wasser &amp; W\u00fcrze\" class=\"wp-image-1836\" style=\"aspect-ratio:1.3333333333333333;object-fit:cover;width:400px;height:auto\"\/><\/figure>\n\n\n\n<h2 class=\"wp-block-heading has-text-align-center has-custom-302-b-2-b-color has-text-color has-link-color has-large-font-size wp-elements-b60851a3d8b66b4ad177be3a465b8679\"><a href=\"https:\/\/goodbeer.solutions\/de\/tips\/wasser-wurze\/\">W\u00e4sser <br>&amp; Wort<\/a><\/h2>\n<\/div><\/div>\n<\/div>\n\n\n\n<div class=\"wp-block-column is-layout-flow wp-block-column-is-layout-flow\">\n<div class=\"wp-block-group has-border-color has-middle-light-border-color\" style=\"border-width:1px\"><div class=\"wp-block-group__inner-container is-layout-constrained wp-block-group-is-layout-constrained\">\n<figure class=\"wp-block-image size-full is-resized\"><img loading=\"lazy\" decoding=\"async\" width=\"225\" height=\"150\" src=\"https:\/\/goodbeer.solutions\/wp-content\/uploads\/2024\/01\/gb-tips-4.jpg\" alt=\"Verpackung &amp; Hygiene\" class=\"wp-image-1839\" style=\"aspect-ratio:1.3333333333333333;object-fit:cover;width:400px;height:auto\"\/><\/figure>\n\n\n\n<h2 class=\"wp-block-heading has-text-align-center has-custom-302-b-2-b-color has-text-color has-link-color has-large-font-size wp-elements-e561a256de6c85abe9a3d960c02b39c9\"><a href=\"https:\/\/goodbeer.solutions\/de\/tips\/verpackung-hygiene\/\">Verpackung  <br>&amp; Hygiene<\/a><\/h2>\n<\/div><\/div>\n<\/div>\n<\/div>\n<\/div><\/div>\n","protected":false},"excerpt":{"rendered":"<h1 class=\"wp-block-heading has-text-align-center\">Magazin<\/h1>\n<p class=\"has-text-align-center\">Schweizer Brauereien mit Fachwissen und Premium-Produkten versorgen. Tauchen Sie ein in unsere technischen Ressourcen zur Optimierung Ihres Brauprozesses, mit ausf\u00fchrlichen Anleitungen, Best Practices und Expertenratschl\u00e4gen zur Verwendung unserer Hauptprodukte: Lallemand Hefe, Dingemans Malz, Murphy &amp; Son&#8217;s Brauhilfen und Kersia Hygienel\u00f6sungen. Unsere Ressourcen sind darauf ausgerichtet, Schweizer Brauereien bei der Herstellung erstklassiger Biere zu unterst\u00fctzen und Qualit\u00e4t vom Korn bis zum Glas zu gew\u00e4hrleisten.<\/p>\n<h2 class=\"wp-block-heading has-text-align-center has-custom-302-b-2-b-color has-text-color has-link-color has-large-font-size wp-elements-a970206b50fef618a58de0b37c15b16d\"><a href=\"https:\/\/goodbeer.solutions\/de\/tips\/malz-hefe-hopfen\/\">Malz Hopfen  <br \/>Hefe<\/a><\/h2>\n<h2 class=\"wp-block-heading has-text-align-center has-custom-302-b-2-b-color has-text-color has-link-color has-large-font-size wp-elements-d62a9df48a51f992f02356cb3dc25f4d\"><a href=\"https:\/\/goodbeer.solutions\/de\/tips\/garung-klarung\/\">G\u00e4rung  <br \/>&amp; Kl\u00e4rung<\/a><\/h2>\n<h2 class=\"wp-block-heading has-text-align-center has-custom-302-b-2-b-color has-text-color has-link-color has-large-font-size wp-elements-b60851a3d8b66b4ad177be3a465b8679\"><a href=\"https:\/\/goodbeer.solutions\/de\/tips\/wasser-wurze\/\">W\u00e4sser <br \/>&amp; Wort<\/a><\/h2>\n<h2 class=\"wp-block-heading has-text-align-center has-custom-302-b-2-b-color has-text-color has-link-color has-large-font-size wp-elements-e561a256de6c85abe9a3d960c02b39c9\"><a href=\"https:\/\/goodbeer.solutions\/de\/tips\/verpackung-hygiene\/\">Verpackung  <br \/>&amp; Hygiene<\/a><\/h2>\n","protected":false},"author":2,"featured_media":0,"parent":0,"menu_order":0,"comment_status":"closed","ping_status":"closed","template":"","meta":{"_themeisle_gutenberg_block_has_review":false,"footnotes":""},"class_list":["post-2309","page","type-page","status-publish","hentry"],"_links":{"self":[{"href":"https:\/\/goodbeer.solutions\/de\/wp-json\/wp\/v2\/pages\/2309","targetHints":{"allow":["GET"]}}],"collection":[{"href":"https:\/\/goodbeer.solutions\/de\/wp-json\/wp\/v2\/pages"}],"about":[{"href":"https:\/\/goodbeer.solutions\/de\/wp-json\/wp\/v2\/types\/page"}],"author":[{"embeddable":true,"href":"https:\/\/goodbeer.solutions\/de\/wp-json\/wp\/v2\/users\/2"}],"replies":[{"embeddable":true,"href":"https:\/\/goodbeer.solutions\/de\/wp-json\/wp\/v2\/comments?post=2309"}],"version-history":[{"count":4,"href":"https:\/\/goodbeer.solutions\/de\/wp-json\/wp\/v2\/pages\/2309\/revisions"}],"predecessor-version":[{"id":2816,"href":"https:\/\/goodbeer.solutions\/de\/wp-json\/wp\/v2\/pages\/2309\/revisions\/2816"}],"wp:attachment":[{"href":"https:\/\/goodbeer.solutions\/de\/wp-json\/wp\/v2\/media?parent=2309"}],"curies":[{"name":"wp","href":"https:\/\/api.w.org\/{rel}","templated":true}]}}