{"id":2345,"date":"2024-01-16T10:33:44","date_gmt":"2024-01-16T09:33:44","guid":{"rendered":"https:\/\/goodbeer.solutions\/lieferung\/"},"modified":"2024-05-10T12:59:36","modified_gmt":"2024-05-10T11:59:36","slug":"lieferung","status":"publish","type":"page","link":"https:\/\/goodbeer.solutions\/de\/lieferung\/","title":{"rendered":"Lieferung"},"content":{"rendered":"\n<div class=\"wp-block-group\"><div class=\"wp-block-group__inner-container is-layout-constrained wp-container-core-group-is-layout-b19b8825 wp-block-group-is-layout-constrained\">\n<h1 class=\"wp-block-heading\">Good Beer Solutions Logistik<\/h1>\n\n\n\n<p><\/p>\n\n\n\n<p>Die Lieferkosten werden Ihrer Rechnung hinzugef\u00fcgt. Sobald die Bestellung abgeschlossen ist, erhalten Sie von uns eine Rechnung mit den genauen Kosten auf der Grundlage dieser Berechnung. F\u00fcr eine Anfrage k\u00f6nnen Sie uns unter <a href=\"mailto:info@goodbeers.solutions\" target=\"_blank\" rel=\"noreferrer noopener\">info@goodbeers.solutions<\/a> kontaktieren.<\/p>\n\n\n\n<div class=\"wp-block-columns is-layout-flex wp-container-core-columns-is-layout-82eb6e96 wp-block-columns-is-layout-flex\" style=\"padding-top:var(--wp--preset--spacing--40);padding-bottom:var(--wp--preset--spacing--40)\">\n<div class=\"wp-block-column is-layout-flow wp-block-column-is-layout-flow\">\n<h2 class=\"wp-block-heading\" style=\"font-size:1.65rem\">Kleine Pakete<\/h2>\n\n\n\n<p>F\u00fcr Hefe, Brauhilfen und andere kleine Verpackungen verwenden wir Planzer-Pakete.<\/p>\n\n\n\n<p>Der Tarif betr\u00e4gt 12.- pro 25kg  <\/p>\n<\/div>\n\n\n\n<div class=\"wp-block-column is-layout-flow wp-block-column-is-layout-flow\">\n<h2 class=\"wp-block-heading\" style=\"font-size:1.65rem\">F\u00fcr Malz aus Vorrat<\/h2>\n\n\n\n<p>120,- f\u00fcr eine Palette<\/p>\n\n\n\n<p>240,- f\u00fcr zwei Paletten<\/p>\n\n\n\n<p>360,- f\u00fcr drei Paletten<\/p>\n\n\n\n<p>400,- f\u00fcr f\u00fcr Paletten<\/p>\n\n\n\n<p>500,- f\u00fcr f\u00fcnf Paletten<\/p>\n\n\n\n<p>F\u00fcr gr\u00f6\u00dfere Bestellungen fordern Sie bitte ein Angebot an<\/p>\n<\/div>\n\n\n\n<div class=\"wp-block-column is-layout-flow wp-block-column-is-layout-flow\">\n<h2 class=\"wp-block-heading\" style=\"font-size:1.65rem\">Malz auf Vorbestellung<\/h2>\n\n\n\n<p>Wenn Ihre Brauerei gr\u00f6\u00dfere Mengen ben\u00f6tigt, k\u00f6nnen wir Sie direkt von der M\u00e4lzerei beliefern.<\/p>\n\n\n\n<p>Wir k\u00f6nnen Sie dann ab 6 Paletten versandkostenfrei beliefern. Die Bestellung muss zwei bis drei Wochen im Voraus erfolgen<\/p>\n<\/div>\n\n\n\n<div class=\"wp-block-column is-layout-flow wp-block-column-is-layout-flow\">\n<h2 class=\"wp-block-heading\" style=\"font-size:1.65rem\">Reinigung und Desinfizierung<\/h2>\n\n\n\n<p>Der Transport von Reinigungs- und Desinfektionsmitteln muss gesetzlich von akkreditierten Transportunternehmen durchgef\u00fchrt werden. Unser Lieferant wird eine Direktlieferung in \u00dcbereinstimmung mit den Vorschriften arrangieren. Daher betr\u00e4gt der Preis f\u00fcr Bestellungen in dieser Kategorie 30,- pro Bestellung, und die Mindestbestellmenge betr\u00e4gt 3 Artikel. Dar\u00fcber hinaus haben wir ein Verpackungsrecyclingprogramm f\u00fcr Chemikalien in dieser Kategorie. Wenn Sie Verpackungsmaterial zur Entsorgung haben, informieren Sie uns bitte bei Ihrer Bestellung, und wir k\u00fcmmern uns um den Recyclingprozess.<\/p>\n<\/div>\n<\/div>\n\n\n\n<p><\/p>\n\n\n\n<p class=\"has-large-font-size\"><em>Good Beer Solutions, We craft with you.<\/em><\/p>\n<\/div><\/div>\n","protected":false},"excerpt":{"rendered":"<h1 class=\"wp-block-heading\">Good Beer Solutions Logistik<\/h1>\n<\/p>\n<p>Die Lieferkosten werden Ihrer Rechnung hinzugef\u00fcgt. Sobald die Bestellung abgeschlossen ist, erhalten Sie von uns eine Rechnung mit den genauen Kosten auf der Grundlage dieser Berechnung. F\u00fcr eine Anfrage k\u00f6nnen Sie uns unter <a href=\"mailto:info@goodbeers.solutions\" target=\"_blank\" rel=\"noreferrer noopener\">info@goodbeers.solutions<\/a> kontaktieren.<\/p>\n<h2 class=\"wp-block-heading\" style=\"font-size:1.65rem\">Kleine Pakete<\/h2>\n<p>F\u00fcr Hefe, Brauhilfen und andere kleine Verpackungen verwenden wir Planzer-Pakete.<\/p>\n<p>Der Tarif betr\u00e4gt 12.- pro 25kg  <\/p>\n<h2 class=\"wp-block-heading\" style=\"font-size:1.65rem\">F\u00fcr Malz aus Vorrat<\/h2>\n<p>120,- f\u00fcr eine Palette<\/p>\n<p>240,- f\u00fcr zwei Paletten<\/p>\n<p>360,- f\u00fcr drei Paletten<\/p>\n<p>400,- f\u00fcr f\u00fcr Paletten<\/p>\n<p>500,- f\u00fcr f\u00fcnf Paletten<\/p>\n<p>F\u00fcr gr\u00f6\u00dfere Bestellungen fordern Sie bitte ein Angebot an<\/p>\n<h2 class=\"wp-block-heading\" style=\"font-size:1.65rem\">Malz auf Vorbestellung<\/h2>\n<p>Wenn Ihre Brauerei gr\u00f6\u00dfere Mengen ben\u00f6tigt, k\u00f6nnen wir Sie direkt von der M\u00e4lzerei beliefern.<\/p>\n<p>Wir k\u00f6nnen Sie dann ab 6 Paletten versandkostenfrei beliefern. Die Bestellung muss zwei bis drei Wochen im Voraus erfolgen<\/p>\n<h2 class=\"wp-block-heading\" style=\"font-size:1.65rem\">Reinigung und Desinfizierung<\/h2>\n<p>Der Transport von Reinigungs- und Desinfektionsmitteln muss gesetzlich von akkreditierten Transportunternehmen durchgef\u00fchrt werden. Unser Lieferant wird eine Direktlieferung in \u00dcbereinstimmung mit den Vorschriften arrangieren. Daher betr\u00e4gt der Preis f\u00fcr Bestellungen in dieser Kategorie 30,- pro Bestellung, und die Mindestbestellmenge betr\u00e4gt 3 Artikel. Dar\u00fcber hinaus haben wir ein Verpackungsrecyclingprogramm f\u00fcr Chemikalien in dieser Kategorie. Wenn Sie Verpackungsmaterial zur Entsorgung haben, informieren Sie uns bitte bei Ihrer Bestellung, und wir k\u00fcmmern uns um den Recyclingprozess.<\/p>\n<\/p>\n<p class=\"has-large-font-size\"><em>Good Beer Solutions, We craft with you.<\/em><\/p>\n","protected":false},"author":2,"featured_media":0,"parent":0,"menu_order":0,"comment_status":"closed","ping_status":"closed","template":"","meta":{"_themeisle_gutenberg_block_has_review":false,"footnotes":""},"class_list":["post-2345","page","type-page","status-publish","hentry"],"_links":{"self":[{"href":"https:\/\/goodbeer.solutions\/de\/wp-json\/wp\/v2\/pages\/2345","targetHints":{"allow":["GET"]}}],"collection":[{"href":"https:\/\/goodbeer.solutions\/de\/wp-json\/wp\/v2\/pages"}],"about":[{"href":"https:\/\/goodbeer.solutions\/de\/wp-json\/wp\/v2\/types\/page"}],"author":[{"embeddable":true,"href":"https:\/\/goodbeer.solutions\/de\/wp-json\/wp\/v2\/users\/2"}],"replies":[{"embeddable":true,"href":"https:\/\/goodbeer.solutions\/de\/wp-json\/wp\/v2\/comments?post=2345"}],"version-history":[{"count":2,"href":"https:\/\/goodbeer.solutions\/de\/wp-json\/wp\/v2\/pages\/2345\/revisions"}],"predecessor-version":[{"id":2462,"href":"https:\/\/goodbeer.solutions\/de\/wp-json\/wp\/v2\/pages\/2345\/revisions\/2462"}],"wp:attachment":[{"href":"https:\/\/goodbeer.solutions\/de\/wp-json\/wp\/v2\/media?parent=2345"}],"curies":[{"name":"wp","href":"https:\/\/api.w.org\/{rel}","templated":true}]}}