{"id":2367,"date":"2023-11-20T18:14:41","date_gmt":"2023-11-20T17:14:41","guid":{"rendered":"https:\/\/goodbeer.solutions\/2367-2\/"},"modified":"2024-12-10T13:10:57","modified_gmt":"2024-12-10T12:10:57","slug":"2367-2","status":"publish","type":"page","link":"https:\/\/goodbeer.solutions\/de\/","title":{"rendered":""},"content":{"rendered":"\n<div class=\"wp-block-group alignwide\"><div class=\"wp-block-group__inner-container is-layout-constrained wp-block-group-is-layout-constrained\"><div id=\"metaslider-id-2976\" style=\"width: 100%; margin: 0 auto;\" class=\"ml-slider-3-107-0 metaslider metaslider-flex metaslider-2976 ml-slider home-slider has-dots-nav ms-theme-simply-dark\" role=\"region\" aria-label=\"Home Slider DE\" data-height=\"600\" data-width=\"1200\">\n    <div id=\"metaslider_container_2976\">\n        <div id=\"metaslider_2976\">\n            <ul class='slides'>\n                <li style=\"display: block; width: 100%;\" class=\"slide-2978 ms-image \" aria-roledescription=\"slide\" data-date=\"2024-08-27 09:48:30\" data-filename=\"pfg-940x470.png\" data-slide-type=\"image\"><a href=\"https:\/\/goodbeer.solutions\/de\/die-klarung-der-wurze-beim-kochen-aka-kettle-fining\/\" target=\"_self\" aria-label=\"View Slide Details\" class=\"metaslider_image_link\"><img loading=\"lazy\" decoding=\"async\" src=\"https:\/\/goodbeer.solutions\/wp-content\/uploads\/2023\/11\/pfg-940x470.png\" height=\"600\" width=\"1200\" alt=\"protafloc whirfloc kettle fining irish moos\" class=\"slider-2976 slide-2978 msDefaultImage\" title=\"Kl\u00e4rung der W\u00fcrze F\u00fchrung brauerei\" \/><\/a><div class=\"caption-wrap\"><div class=\"caption\"><div>Kl\u00e4rung der W\u00fcrze F\u00fchrung<\/div><\/div><\/div><\/li>\n                <li style=\"display: none; width: 100%;\" class=\"slide-2980 ms-image \" aria-roledescription=\"slide\" data-date=\"2024-08-27 09:48:30\" data-filename=\"LalBrew-Pomona-Digital-Square-The-Yeast-1200x600.jpg\" data-slide-type=\"image\"><a href=\"https:\/\/goodbeer.solutions\/de\/product\/lallemand-lalbrew-pomona-hefe-hybrid-ipa\/\" target=\"_self\" aria-label=\"neipa yeast new england ipa\" class=\"metaslider_image_link\"><img loading=\"lazy\" decoding=\"async\" src=\"https:\/\/goodbeer.solutions\/wp-content\/uploads\/2024\/05\/LalBrew-Pomona-Digital-Square-The-Yeast-1200x600.jpg\" height=\"600\" width=\"1200\" alt=\"order sale switzerland 500g\" class=\"slider-2976 slide-2980 msDefaultImage\" title=\"LalBrew Pomona - New england IPA yeast\" \/><\/a><div class=\"caption-wrap\"><div class=\"caption\"><div>Pomona, die neue NEIPA Hefe von Lallemand<\/div><\/div><\/div><\/li>\n                <li style=\"display: none; width: 100%;\" class=\"slide-2982 ms-image \" aria-roledescription=\"slide\" data-date=\"2024-08-27 09:48:30\" data-filename=\"u8448369647_a_sales_banner_for_a_b2b_website_with_yeast_for_b_13d787d5-4279-4e55-bef7-f432f9ea405a_1-1024x512.png\" data-slide-type=\"image\"><a href=\"https:\/\/goodbeer.solutions\/de\/on-sale\/\" target=\"_self\" aria-label=\"yeast sales lallemand\" class=\"metaslider_image_link\"><img loading=\"lazy\" decoding=\"async\" src=\"https:\/\/goodbeer.solutions\/wp-content\/uploads\/2024\/08\/u8448369647_a_sales_banner_for_a_b2b_website_with_yeast_for_b_13d787d5-4279-4e55-bef7-f432f9ea405a_1-1024x512.png\" height=\"600\" width=\"1200\" alt=\"sales brewing products yeast 500g\" class=\"slider-2976 slide-2982 msDefaultImage\" title=\"angebot ausverkauf good beer solutions\" \/><\/a><div class=\"caption-wrap\"><div class=\"caption\"><div>Sparen Sie noch heute mit unseren Angeboten<\/div><\/div><\/div><\/li>\n            <\/ul>\n        <\/div>\n        \n    <\/div>\n<\/div>\n\n\n\n<h1 class=\"wp-block-heading has-text-align-center\"><strong>Shop f\u00fcr professionelle Schweizer Bierbrauer<\/strong><\/h1>\n\n\n\n<p>Professionelle Brauereien in der Schweiz sind mit hohen Kosten, einer komplexen Logistik, komplizierten Importen und nicht spezialisierten Lieferanten konfrontiert. Good Beer Solutions ist hier, um Ihren Brauprozess zu verbessern. Wir bieten wettbewerbsf\u00e4hige Preise, eine optimierte Logistik und eine gro\u00dfe Auswahl an Malz-, Hefe- und Brauprodukten, unterst\u00fctzt durch fachkundigen technischen Support.  <\/p>\n\n\n\n<div style=\"height:15px\" aria-hidden=\"true\" class=\"wp-block-spacer\"><\/div>\n\n\n\n<p>Als professionelle Brauer verstehen wir die Bed\u00fcrfnisse von professionellen Brauern: <strong>Wir arbeiten mit Ihnen zusammen<\/strong>.  <\/p>\n\n\n\n<div style=\"height:15px\" aria-hidden=\"true\" class=\"wp-block-spacer\"><\/div>\n\n\n\n<p>Wir verkaufen nicht nur Rohstoffe zum Brauen, sondern beantworten auch Fragen, um Ihnen bei der Auswahl der richtigen Produkte zu helfen.  <\/p>\n\n\n\n<p>Schreiben Sie uns eine E-Mail &#8211; <a href=\"mailto:info@goodbeer.solutions\">info@goodbeer.solutions<\/a> &#8211; oder rufen Sie uns kurz an &#8211; <strong><a href=\"tel:+41215661484\">+41 21 566 14 84<\/a><\/strong> &#8211; wir antworten Ihnen, ohne Geb\u00fchren und ohne Bedingungen zu stellen.<\/p>\n\n\n\n<div class=\"wp-block-group\" style=\"padding-top:var(--wp--preset--spacing--40);padding-bottom:var(--wp--preset--spacing--40)\"><div class=\"wp-block-group__inner-container is-layout-constrained wp-block-group-is-layout-constrained\">\n<h2 class=\"wp-block-heading has-text-align-center\">\n          <strong>Unsere Produkte bei Good Beer Solutions<\/strong>\n        <\/h2>\n\n\n\n<p class=\"has-text-align-center\"><\/p>\n<\/div><\/div>\n<\/div><\/div>\n\n\n\n<div class=\"wp-block-columns is-layout-flex wp-container-core-columns-is-layout-087408a8 wp-block-columns-is-layout-flex\">\n<div class=\"wp-block-column is-layout-flow wp-block-column-is-layout-flow\">\n<div class=\"wp-block-group has-border-color has-middle-light-border-color\" style=\"border-width:1px\"><div class=\"wp-block-group__inner-container is-layout-constrained wp-block-group-is-layout-constrained\">\n<div style=\"height:40px\" aria-hidden=\"true\" class=\"wp-block-spacer\"><\/div>\n\n\n<div class=\"wp-block-image\">\n<figure class=\"aligncenter size-full\"><img decoding=\"async\" src=\"https:\/\/goodbeer.solutions\/wp-content\/uploads\/2024\/06\/Icons_V2_Yeast.webp\" alt=\"Hefe\" class=\"wp-image-2794\" style=\"object-fit:cover\"\/><\/figure>\n<\/div>\n\n\n<h3 class=\"wp-block-heading has-text-align-center\" style=\"font-style:normal;font-weight:700\"><a href=\"https:\/\/goodbeer.solutions\/de\/produkt-kategorie\/hefe\/\">Hefe<\/a><\/h3>\n<\/div><\/div>\n<\/div>\n\n\n\n<div class=\"wp-block-column is-layout-flow wp-block-column-is-layout-flow\">\n<div class=\"wp-block-group has-border-color has-middle-light-border-color\" style=\"border-width:1px\"><div class=\"wp-block-group__inner-container is-layout-constrained wp-block-group-is-layout-constrained\">\n<div style=\"height:40px\" aria-hidden=\"true\" class=\"wp-block-spacer\"><\/div>\n\n\n<div class=\"wp-block-image\">\n<figure class=\"aligncenter size-full\"><img decoding=\"async\" src=\"https:\/\/goodbeer.solutions\/wp-content\/uploads\/2024\/06\/Icons_V2_BrewingAid.webp\" alt=\"Brauereihilfe\" class=\"wp-image-2785\"\/><\/figure>\n<\/div>\n\n\n<h3 class=\"wp-block-heading has-text-align-center\" style=\"font-style:normal;font-weight:700\"><a href=\"https:\/\/goodbeer.solutions\/de\/produkt-kategorie\/brauzusaetze\/\">Brauereihilfe<\/a><\/h3>\n<\/div><\/div>\n<\/div>\n\n\n\n<div class=\"wp-block-column is-layout-flow wp-block-column-is-layout-flow\">\n<div class=\"wp-block-group has-border-color has-middle-light-border-color\" style=\"border-width:1px\"><div class=\"wp-block-group__inner-container is-layout-constrained wp-block-group-is-layout-constrained\">\n<div style=\"height:40px\" aria-hidden=\"true\" class=\"wp-block-spacer\"><\/div>\n\n\n<div class=\"wp-block-image\">\n<figure class=\"aligncenter size-full\"><img decoding=\"async\" src=\"https:\/\/goodbeer.solutions\/wp-content\/uploads\/2024\/06\/Icons_V2_Malt.webp\" alt=\"Malz\" class=\"wp-image-2791\"\/><\/figure>\n<\/div>\n\n\n<h3 class=\"wp-block-heading has-text-align-center\" style=\"font-style:normal;font-weight:700\"><a href=\"https:\/\/goodbeer.solutions\/de\/produkt-kategorie\/malz\/\">Malz<\/a><\/h3>\n<\/div><\/div>\n<\/div>\n\n\n\n<div class=\"wp-block-column is-layout-flow wp-block-column-is-layout-flow\">\n<div class=\"wp-block-group has-border-color has-middle-light-border-color\" style=\"border-width:1px\"><div class=\"wp-block-group__inner-container is-layout-constrained wp-block-group-is-layout-constrained\">\n<div style=\"height:40px\" aria-hidden=\"true\" class=\"wp-block-spacer\"><\/div>\n\n\n<div class=\"wp-block-image\">\n<figure class=\"aligncenter size-full\"><img decoding=\"async\" src=\"https:\/\/goodbeer.solutions\/wp-content\/uploads\/2024\/06\/Icons_V2_Hygiene.webp\" alt=\"Hygiene\" class=\"wp-image-2788\"\/><\/figure>\n<\/div>\n\n\n<h3 class=\"wp-block-heading has-text-align-center\" style=\"font-style:normal;font-weight:700\"><a href=\"https:\/\/goodbeer.solutions\/en\/product-category\/hygiene\/\" data-type=\"product_cat\" data-id=\"287\">Hygiene<\/a><\/h3>\n<\/div><\/div>\n<\/div>\n<\/div>\n\n\n\n<div class=\"wp-block-group alignwide\" style=\"padding-top:var(--wp--preset--spacing--50);padding-bottom:var(--wp--preset--spacing--50)\"><div class=\"wp-block-group__inner-container is-layout-constrained wp-block-group-is-layout-constrained\">\n<div class=\"wp-block-group\" style=\"padding-top:0;padding-bottom:var(--wp--preset--spacing--40)\"><div class=\"wp-block-group__inner-container is-layout-constrained wp-block-group-is-layout-constrained\">\n<h2 class=\"wp-block-heading has-text-align-center\">\n          <strong>Anbieter, die Sie bei Good Beer Solutions finden<\/strong>\n        <\/h2>\n\n\n\n<p class=\"has-text-align-center\"><\/p>\n<\/div><\/div>\n\n\n\n<div class=\"wp-block-columns are-vertically-aligned-center suppliers-logos is-layout-flex wp-container-core-columns-is-layout-9d6595d7 wp-block-columns-is-layout-flex\">\n<div class=\"wp-block-column is-vertically-aligned-center is-layout-flow wp-block-column-is-layout-flow\">\n<div class=\"wp-block-group is-content-justification-center is-nowrap is-layout-flex wp-container-core-group-is-layout-94bc23d7 wp-block-group-is-layout-flex\">\n<figure class=\"wp-block-image size-large is-resized\"><a href=\"https:\/\/goodbeer.solutions\/de\/brand\/murphy-and-sons-de\/\"><img loading=\"lazy\" decoding=\"async\" width=\"1024\" height=\"536\" src=\"https:\/\/goodbeer.solutions\/wp-content\/uploads\/2023\/11\/USA_Master_Logo_without_building_transparent-1024x536.webp\" alt=\"Logo der Marke Murphy &amp; Son\" class=\"wp-image-516\" style=\"width:180px\"\/><\/a><\/figure>\n<\/div>\n<\/div>\n\n\n\n<div class=\"wp-block-column is-vertically-aligned-center is-layout-flow wp-block-column-is-layout-flow\">\n<div class=\"wp-block-group is-content-justification-center is-nowrap is-layout-flex wp-container-core-group-is-layout-94bc23d7 wp-block-group-is-layout-flex\">\n<figure class=\"wp-block-image size-full is-resized\"><a href=\"https:\/\/goodbeer.solutions\/de\/brand\/dingemans\/\"><img loading=\"lazy\" decoding=\"async\" width=\"324\" height=\"212\" src=\"https:\/\/goodbeer.solutions\/wp-content\/uploads\/2023\/12\/logo-Dingemans-324x212-1.png\" alt=\"\" class=\"wp-image-777\" style=\"width:180px\" srcset=\"https:\/\/goodbeer.solutions\/wp-content\/uploads\/2023\/12\/logo-Dingemans-324x212-1.png 324w, https:\/\/goodbeer.solutions\/wp-content\/uploads\/2023\/12\/logo-Dingemans-324x212-1-300x196.png 300w\" sizes=\"auto, (max-width: 324px) 100vw, 324px\" \/><\/a><\/figure>\n<\/div>\n<\/div>\n\n\n\n<div class=\"wp-block-column is-vertically-aligned-center is-layout-flow wp-block-column-is-layout-flow\">\n<div class=\"wp-block-group is-content-justification-center is-nowrap is-layout-flex wp-container-core-group-is-layout-94bc23d7 wp-block-group-is-layout-flex\">\n<figure class=\"wp-block-image size-full is-resized\"><a href=\"https:\/\/goodbeer.solutions\/de\/brand\/lallemand\/\"><img loading=\"lazy\" decoding=\"async\" width=\"900\" height=\"500\" src=\"https:\/\/goodbeer.solutions\/wp-content\/uploads\/2024\/01\/lallemand-logo-vector.png\" alt=\"Marke Lallemand Logo\" class=\"wp-image-1176\" style=\"width:180px\" srcset=\"https:\/\/goodbeer.solutions\/wp-content\/uploads\/2024\/01\/lallemand-logo-vector.png 900w, https:\/\/goodbeer.solutions\/wp-content\/uploads\/2024\/01\/lallemand-logo-vector-600x333.png 600w, https:\/\/goodbeer.solutions\/wp-content\/uploads\/2024\/01\/lallemand-logo-vector-300x167.png 300w, https:\/\/goodbeer.solutions\/wp-content\/uploads\/2024\/01\/lallemand-logo-vector-768x427.png 768w\" sizes=\"auto, (max-width: 900px) 100vw, 900px\" \/><\/a><\/figure>\n<\/div>\n<\/div>\n\n\n\n<div class=\"wp-block-column is-vertically-aligned-center is-layout-flow wp-block-column-is-layout-flow\">\n<div class=\"wp-block-group is-content-justification-center is-nowrap is-layout-flex wp-container-core-group-is-layout-329d0b8f wp-block-group-is-layout-flex\" style=\"padding-top:20px\">\n<figure class=\"wp-block-image size-full is-resized\"><a href=\"https:\/\/goodbeer.solutions\/de\/brand\/kersia-de\/\"><img loading=\"lazy\" decoding=\"async\" width=\"300\" height=\"92\" src=\"https:\/\/goodbeer.solutions\/wp-content\/uploads\/2024\/01\/logo_kersia_retina-e1706264542369.png\" alt=\"\" class=\"wp-image-1247\" style=\"width:180px\"\/><\/a><\/figure>\n<\/div>\n<\/div>\n\n\n\n<div class=\"wp-block-column is-vertically-aligned-center is-layout-flow wp-block-column-is-layout-flow\"><div class=\"wp-block-image\">\n<figure class=\"aligncenter size-large\"><a href=\"https:\/\/goodbeer.solutions\/de\/brand\/angel-yeast\/\"><img loading=\"lazy\" decoding=\"async\" width=\"1024\" height=\"381\" src=\"https:\/\/goodbeer.solutions\/wp-content\/uploads\/2024\/05\/angel-1024x381.jpg\" alt=\"\" class=\"wp-image-2149\" srcset=\"https:\/\/goodbeer.solutions\/wp-content\/uploads\/2024\/05\/angel-1024x381.jpg 1024w, https:\/\/goodbeer.solutions\/wp-content\/uploads\/2024\/05\/angel-600x223.jpg 600w, https:\/\/goodbeer.solutions\/wp-content\/uploads\/2024\/05\/angel-300x112.jpg 300w, https:\/\/goodbeer.solutions\/wp-content\/uploads\/2024\/05\/angel-768x286.jpg 768w, https:\/\/goodbeer.solutions\/wp-content\/uploads\/2024\/05\/angel.jpg 1380w\" sizes=\"auto, (max-width: 1024px) 100vw, 1024px\" \/><\/a><\/figure>\n<\/div><\/div>\n<\/div>\n<\/div><\/div>\n\n\n\n<h3 class=\"wp-block-heading has-text-align-center\">\n          <strong>Warum sollten Sie Ihre Brauerei-Rohstoffe bei Good Beer Solutions kaufen?<\/strong>\n        <\/h3>\n\n\n\n<p>Good Beer Solutions geht \u00fcber das reine Angebot hinaus. Wir arbeiten mit Ihnen zusammen, um <strong>ma\u00dfgeschneiderte L\u00f6sungen<\/strong> zu entwickeln, von der detaillierten Wasseranalyse \u00fcber den Fermentationsprozess bis hin zum gesamten Brau- und Verpackungsprozess. Mit uns <strong>erhalten Sie mehr als nur Produkte<\/strong>; Sie erhalten eine Verpflichtung zu Spitzenleistungen und eine nahtlose Reise zum Brauen von au\u00dfergew\u00f6hnlichem Bier.<\/p>\n\n\n\n<div style=\"height:15px\" aria-hidden=\"true\" class=\"wp-block-spacer\"><\/div>\n\n\n\n<p>Als professionelle Bierbrauer wissen wir, wie man die <strong>besten Produkte und Marken<\/strong> ausw\u00e4hlt. Au\u00dferdem waren wir vielleicht schon einmal mit den gleichen Herausforderungen konfrontiert wie Sie, so dass wir Fragen beantworten und h\u00e4ufig L\u00f6sungen anbieten k\u00f6nnen. Im Laufe der Zeit werden wir <a href=\"https:\/\/goodbeer.solutions\/de\/tipps\/\">Tipps in unserem Blog<\/a> ver\u00f6ffentlichen. Sollten Sie weitere Informationen ben\u00f6tigen, k\u00f6nnen Sie sich gerne an Luc wenden. Luc spricht flie\u00dfend Englisch, Franz\u00f6sisch und Deutsch.<\/p>\n\n\n\n<h3 class=\"wp-block-heading has-text-align-center\">\n          <strong>Haben Sie Fragen zur Auswahl der richtigen Rohstoffe oder zur Optimierung Ihres Suds?  <\/strong>\n        <\/h3>\n\n\n\n<p>Good Beer Solutions ist nicht nur ein Lieferant &#8211; wir sind <strong>Ihr Partner f\u00fcr das Handwerk<\/strong>. Wir sind hier, um Antworten und L\u00f6sungen zu liefern, die Ihren Zielen entsprechen und Ihrer Brauerei einen unvergleichlichen Mehrwert bieten. Unser Fachwissen hilft Ihnen, Ihre Brauereiziele effizient und effektiv zu erreichen, damit Sie und Ihre Kunden zufrieden sind.<\/p>\n\n\n\n<div style=\"height:15px\" aria-hidden=\"true\" class=\"wp-block-spacer\"><\/div>\n\n\n\n<p>Erfahren Sie mehr \u00fcber unser Engagement f\u00fcr Ihren Erfolg und den Wert, den wir Ihnen bieten, auf unserer <a href=\"https:\/\/goodbeer.solutions\/de\/ueber-uns\/\">Seite \u00dcber uns<\/a>. Lassen Sie uns zusammenarbeiten, um Ihre Ziele zu erreichen und gro\u00dfartige Biere herzustellen.<\/p>\n","protected":false},"excerpt":{"rendered":"<h1 class=\"wp-block-heading has-text-align-center\"><strong>Shop f\u00fcr professionelle Schweizer Bierbrauer<\/strong><\/h1>\n<p>Professionelle Brauereien in der Schweiz sind mit hohen Kosten, einer komplexen Logistik, komplizierten Importen und nicht spezialisierten Lieferanten konfrontiert. Good Beer Solutions ist hier, um Ihren Brauprozess zu verbessern. Wir bieten wettbewerbsf\u00e4hige Preise, eine optimierte Logistik und eine gro\u00dfe Auswahl an Malz-, Hefe- und Brauprodukten, unterst\u00fctzt durch fachkundigen technischen Support.  <\/p>\n<p>Als professionelle Brauer verstehen wir die Bed\u00fcrfnisse von professionellen Brauern: <strong>Wir arbeiten mit Ihnen zusammen<\/strong>.  <\/p>\n<p>Wir verkaufen nicht nur Rohstoffe zum Brauen, sondern beantworten auch Fragen, um Ihnen bei der Auswahl der richtigen Produkte zu helfen.  <\/p>\n<p>Schreiben Sie uns eine E-Mail &#8211; <a href=\"mailto:info@goodbeer.solutions\">info@goodbeer.solutions<\/a> &#8211; oder rufen Sie uns kurz an &#8211; <strong><a href=\"tel:+41215661484\">+41 21 566 14 84<\/a><\/strong> &#8211; wir antworten Ihnen, ohne Geb\u00fchren und ohne Bedingungen zu stellen.<\/p>\n<h2 class=\"wp-block-heading has-text-align-center\">\n          <strong>Unsere Produkte bei Good Beer Solutions<\/strong><br \/>\n        <\/h2>\n<p class=\"has-text-align-center\">\n<h3 class=\"wp-block-heading has-text-align-center\" style=\"font-style:normal;font-weight:700\"><a href=\"https:\/\/goodbeer.solutions\/de\/produkt-kategorie\/hefe\/\">Hefe<\/a><\/h3>\n<h3 class=\"wp-block-heading has-text-align-center\" style=\"font-style:normal;font-weight:700\"><a href=\"https:\/\/goodbeer.solutions\/de\/produkt-kategorie\/brauzusaetze\/\">Brauereihilfe<\/a><\/h3>\n<h3 class=\"wp-block-heading has-text-align-center\" style=\"font-style:normal;font-weight:700\"><a href=\"https:\/\/goodbeer.solutions\/de\/produkt-kategorie\/malz\/\">Malz<\/a><\/h3>\n<h3 class=\"wp-block-heading has-text-align-center\" style=\"font-style:normal;font-weight:700\"><a href=\"https:\/\/goodbeer.solutions\/en\/product-category\/hygiene\/\" data-type=\"product_cat\" data-id=\"287\">Hygiene<\/a><\/h3>\n<h2 class=\"wp-block-heading has-text-align-center\">\n          <strong>Anbieter, die Sie bei Good Beer Solutions finden<\/strong><br \/>\n        <\/h2>\n<p class=\"has-text-align-center\">\n<h3 class=\"wp-block-heading has-text-align-center\">\n          <strong>Warum sollten Sie Ihre Brauerei-Rohstoffe bei Good Beer Solutions kaufen?<\/strong><br \/>\n        <\/h3>\n<p>Good Beer Solutions geht \u00fcber das reine Angebot hinaus. Wir arbeiten mit Ihnen zusammen, um <strong>ma\u00dfgeschneiderte L\u00f6sungen<\/strong> zu entwickeln, von der detaillierten Wasseranalyse \u00fcber den Fermentationsprozess bis hin zum gesamten Brau- und Verpackungsprozess. Mit uns <strong>erhalten Sie mehr als nur Produkte<\/strong>; Sie erhalten eine Verpflichtung zu Spitzenleistungen und eine nahtlose Reise zum Brauen von au\u00dfergew\u00f6hnlichem Bier.<\/p>\n<p>Als professionelle Bierbrauer wissen wir, wie man die <strong>besten Produkte und Marken<\/strong> ausw\u00e4hlt. Au\u00dferdem waren wir vielleicht schon einmal mit den gleichen Herausforderungen konfrontiert wie Sie, so dass wir Fragen beantworten und h\u00e4ufig L\u00f6sungen anbieten k\u00f6nnen. Im Laufe der Zeit werden wir <a href=\"https:\/\/goodbeer.solutions\/de\/tipps\/\">Tipps in unserem Blog<\/a> ver\u00f6ffentlichen. Sollten Sie weitere Informationen ben\u00f6tigen, k\u00f6nnen Sie sich gerne an Luc wenden. Luc spricht flie\u00dfend Englisch, Franz\u00f6sisch und Deutsch.<\/p>\n<h3 class=\"wp-block-heading has-text-align-center\">\n          <strong>Haben Sie Fragen zur Auswahl der richtigen Rohstoffe oder zur Optimierung Ihres Suds?  <\/strong><br \/>\n        <\/h3>\n<p>Good Beer Solutions ist nicht nur ein Lieferant &#8211; wir sind <strong>Ihr Partner f\u00fcr das Handwerk<\/strong>. Wir sind hier, um Antworten und L\u00f6sungen zu liefern, die Ihren Zielen entsprechen und Ihrer Brauerei einen unvergleichlichen Mehrwert bieten. Unser Fachwissen hilft Ihnen, Ihre Brauereiziele effizient und effektiv zu erreichen, damit Sie und Ihre Kunden zufrieden sind.<\/p>\n<p>Erfahren Sie mehr \u00fcber unser Engagement f\u00fcr Ihren Erfolg und den Wert, den wir Ihnen bieten, auf unserer <a href=\"https:\/\/goodbeer.solutions\/de\/ueber-uns\/\">Seite \u00dcber uns<\/a>. Lassen Sie uns zusammenarbeiten, um Ihre Ziele zu erreichen und gro\u00dfartige Biere herzustellen.<\/p>\n","protected":false},"author":2,"featured_media":0,"parent":0,"menu_order":0,"comment_status":"closed","ping_status":"closed","template":"","meta":{"_themeisle_gutenberg_block_has_review":false,"footnotes":""},"class_list":["post-2367","page","type-page","status-publish","hentry"],"_links":{"self":[{"href":"https:\/\/goodbeer.solutions\/de\/wp-json\/wp\/v2\/pages\/2367","targetHints":{"allow":["GET"]}}],"collection":[{"href":"https:\/\/goodbeer.solutions\/de\/wp-json\/wp\/v2\/pages"}],"about":[{"href":"https:\/\/goodbeer.solutions\/de\/wp-json\/wp\/v2\/types\/page"}],"author":[{"embeddable":true,"href":"https:\/\/goodbeer.solutions\/de\/wp-json\/wp\/v2\/users\/2"}],"replies":[{"embeddable":true,"href":"https:\/\/goodbeer.solutions\/de\/wp-json\/wp\/v2\/comments?post=2367"}],"version-history":[{"count":12,"href":"https:\/\/goodbeer.solutions\/de\/wp-json\/wp\/v2\/pages\/2367\/revisions"}],"predecessor-version":[{"id":3160,"href":"https:\/\/goodbeer.solutions\/de\/wp-json\/wp\/v2\/pages\/2367\/revisions\/3160"}],"wp:attachment":[{"href":"https:\/\/goodbeer.solutions\/de\/wp-json\/wp\/v2\/media?parent=2367"}],"curies":[{"name":"wp","href":"https:\/\/api.w.org\/{rel}","templated":true}]}}