{"id":2375,"date":"2023-11-20T18:12:37","date_gmt":"2023-11-20T17:12:37","guid":{"rendered":"https:\/\/goodbeer.solutions\/verkaufsbedingungen\/"},"modified":"2024-05-10T13:15:56","modified_gmt":"2024-05-10T12:15:56","slug":"verkaufsbedingungen","status":"publish","type":"page","link":"https:\/\/goodbeer.solutions\/de\/verkaufsbedingungen\/","title":{"rendered":"Verkaufsbedingungen"},"content":{"rendered":"\n<p><strong>Preise<\/strong><br\/>Die Preise auf der Good Beer Solutions-Website sind in Schweizer Franken angegeben und verstehen sich exklusive Mehrwertsteuer (VAT). Diese Preise sind Richtpreise und k\u00f6nnen ohne vorherige Ank\u00fcndigung ge\u00e4ndert werden. Nur die offizielle, von unserem Unternehmen ausgestellte Rechnung ist g\u00fcltig.<\/p>\n\n<p><strong>Garantie<\/strong><br\/>F\u00fcr die Produkte gilt eine einj\u00e4hrige Garantie, die auf die Garantiebedingungen des Herstellers beschr\u00e4nkt ist. Im Falle eines Mangels verpflichtet sich Good Beer Solutions, die Kommunikation zwischen dem Kunden und dem Lieferanten zu erleichtern, kann aber nicht f\u00fcr inh\u00e4rente Produktfehler verantwortlich gemacht werden. Die Garantie tritt mit dem Lieferdatum in Kraft, das durch das Begleitdokument (Rechnung) nachgewiesen wird, das der Kunde bitte aufbewahren sollte. Von der Garantie ausgeschlossen sind: Sch\u00e4den durch unsachgem\u00e4\u00dfe Wartung, unsachgem\u00e4\u00dfen Gebrauch, Nichteinhaltung von Lagerungsstandards oder normale Abnutzung und Verschlei\u00df.<\/p>\n\n<p><strong>Verf\u00fcgbarkeit<\/strong><br\/>Unsere Lieferverpflichtung entf\u00e4llt, wenn unsere Lieferanten die Lieferfristen nicht einhalten, sofern diese Nichtverf\u00fcgbarkeit nicht von Good Beer Solutions zu vertreten ist. Wir werden Sie so schnell wie m\u00f6glich informieren, wenn ein Produkt nicht verf\u00fcgbar ist.<\/p>\n\n<p><strong>Zahlungsbedingungen<\/strong><br\/>Die Zahlungen erfolgen per Rechnung. Eine Bestellung wird erst nach Eingang der vollst\u00e4ndigen Zahlung als g\u00fcltig betrachtet. Besondere Zahlungsbedingungen k\u00f6nnen auf der Grundlage einer schriftlichen Vereinbarung gew\u00e4hrt werden.<\/p>\n\n<p><strong>Lieferung und Transport<\/strong><br\/>Verf\u00fcgbare Artikel werden \u00fcber einen bestimmten Kurierdienst versandt. Die Lieferkosten werden auf der Rechnung angegeben und sind endg\u00fcltig. Good Beer Solutions bem\u00fcht sich um eine effiziente Lieferung, ist jedoch nicht f\u00fcr Lieferverz\u00f6gerungen verantwortlich. Bitte beachten Sie, dass Good Beer Solutions nicht an Postf\u00e4cher liefert und nur Privatkunden auf der Grundlage einer speziellen schriftlichen Vereinbarung beliefert.<\/p>\n\n<p><strong>R\u00fcckgabe oder Umtausch<\/strong><br\/>Verkaufte Artikel werden weder zur\u00fcckgenommen noch umgetauscht, es sei denn, es handelt sich um einen nachgewiesenen Mangel.<\/p>\n\n<p><strong>Gesetzliche Garantien<\/strong><br\/>Pr\u00fcfen Sie die gelieferte Ware sofort, um Material- oder Herstellungsfehler sowie Transportsch\u00e4den auszuschlie\u00dfen. In \u00dcbereinstimmung mit dem Gesetz m\u00fcssen Sie uns jeden Mangel oder jede Anomalie, die die gelieferten Waren betrifft, unverz\u00fcglich melden, damit wir entsprechende Ma\u00dfnahmen ergreifen k\u00f6nnen. Reklamationen m\u00fcssen per E-Mail eingereicht werden. Geben Sie dabei die Chargennummer, die Bestellnummer und alle relevanten Informationen an, die den Mangel belegen. M\u00e4ngel, die nicht sofort gemeldet werden, sind nicht reklamationsf\u00e4hig. Wir behalten uns das Recht vor, defekte Artikel zu ersetzen oder zu erstatten.<\/p>\n\n<p><strong>Schutz der Daten<\/strong><br\/>Alle pers\u00f6nlichen Daten werden vertraulich behandelt. Die f\u00fcr die Auftragsbearbeitung erforderlichen Informationen werden EDV-gest\u00fctzt verarbeitet und k\u00f6nnen im Rahmen der Auftragsverwaltung an verbundene Unternehmen weitergegeben werden.<\/p>\n\n<p><strong>Anwendbares Recht und Gerichtsstand<\/strong><br\/>Diese allgemeinen Gesch\u00e4ftsbedingungen unterliegen dem Schweizer Recht. Im Falle eines Rechtsstreits sind die Gerichte des Bezirks Lausanne zust\u00e4ndig.<\/p>\n","protected":false},"excerpt":{"rendered":"<p><strong>Preise<\/strong><br \/>Die Preise auf der Good Beer Solutions-Website sind in Schweizer Franken angegeben und verstehen sich exklusive Mehrwertsteuer (VAT). Diese Preise sind Richtpreise und k\u00f6nnen ohne vorherige Ank\u00fcndigung ge\u00e4ndert werden. Nur die offizielle, von unserem Unternehmen ausgestellte Rechnung ist g\u00fcltig.<\/p>\n<p><strong>Garantie<\/strong><br \/>F\u00fcr die Produkte gilt eine einj\u00e4hrige Garantie, die auf die Garantiebedingungen des Herstellers beschr\u00e4nkt ist. Im Falle eines Mangels verpflichtet sich Good Beer Solutions, die Kommunikation zwischen dem Kunden und dem Lieferanten zu erleichtern, kann aber nicht f\u00fcr inh\u00e4rente Produktfehler verantwortlich gemacht werden. Die Garantie tritt mit dem Lieferdatum in Kraft, das durch das Begleitdokument (Rechnung) nachgewiesen wird, das der Kunde bitte aufbewahren sollte. Von der Garantie ausgeschlossen sind: Sch\u00e4den durch unsachgem\u00e4\u00dfe Wartung, unsachgem\u00e4\u00dfen Gebrauch, Nichteinhaltung von Lagerungsstandards oder normale Abnutzung und Verschlei\u00df.<\/p>\n<p><strong>Verf\u00fcgbarkeit<\/strong><br \/>Unsere Lieferverpflichtung entf\u00e4llt, wenn unsere Lieferanten die Lieferfristen nicht einhalten, sofern diese Nichtverf\u00fcgbarkeit nicht von Good Beer Solutions zu vertreten ist. Wir werden Sie so schnell wie m\u00f6glich informieren, wenn ein Produkt nicht verf\u00fcgbar ist.<\/p>\n<p><strong>Zahlungsbedingungen<\/strong><br \/>Die Zahlungen erfolgen per Rechnung. Eine Bestellung wird erst nach Eingang der vollst\u00e4ndigen Zahlung als g\u00fcltig betrachtet. Besondere Zahlungsbedingungen k\u00f6nnen auf der Grundlage einer schriftlichen Vereinbarung gew\u00e4hrt werden.<\/p>\n<p><strong>Lieferung und Transport<\/strong><br \/>Verf\u00fcgbare Artikel werden \u00fcber einen bestimmten Kurierdienst versandt. Die Lieferkosten werden auf der Rechnung angegeben und sind endg\u00fcltig. Good Beer Solutions bem\u00fcht sich um eine effiziente Lieferung, ist jedoch nicht f\u00fcr Lieferverz\u00f6gerungen verantwortlich. Bitte beachten Sie, dass Good Beer Solutions nicht an Postf\u00e4cher liefert und nur Privatkunden auf der Grundlage einer speziellen schriftlichen Vereinbarung beliefert.<\/p>\n<p><strong>R\u00fcckgabe oder Umtausch<\/strong><br \/>Verkaufte Artikel werden weder zur\u00fcckgenommen noch umgetauscht, es sei denn, es handelt sich um einen nachgewiesenen Mangel.<\/p>\n<p><strong>Gesetzliche Garantien<\/strong><br \/>Pr\u00fcfen Sie die gelieferte Ware sofort, um Material- oder Herstellungsfehler sowie Transportsch\u00e4den auszuschlie\u00dfen. In \u00dcbereinstimmung mit dem Gesetz m\u00fcssen Sie uns jeden Mangel oder jede Anomalie, die die gelieferten Waren betrifft, unverz\u00fcglich melden, damit wir entsprechende Ma\u00dfnahmen ergreifen k\u00f6nnen. Reklamationen m\u00fcssen per E-Mail eingereicht werden. Geben Sie dabei die Chargennummer, die Bestellnummer und alle relevanten Informationen an, die den Mangel belegen. M\u00e4ngel, die nicht sofort gemeldet werden, sind nicht reklamationsf\u00e4hig. Wir behalten uns das Recht vor, defekte Artikel zu ersetzen oder zu erstatten.<\/p>\n<p><strong>Schutz der Daten<\/strong><br \/>Alle pers\u00f6nlichen Daten werden vertraulich behandelt. Die f\u00fcr die Auftragsbearbeitung erforderlichen Informationen werden EDV-gest\u00fctzt verarbeitet und k\u00f6nnen im Rahmen der Auftragsverwaltung an verbundene Unternehmen weitergegeben werden.<\/p>\n<p><strong>Anwendbares Recht und Gerichtsstand<\/strong><br \/>Diese allgemeinen Gesch\u00e4ftsbedingungen unterliegen dem Schweizer Recht. Im Falle eines Rechtsstreits sind die Gerichte des Bezirks Lausanne zust\u00e4ndig.<\/p>\n","protected":false},"author":2,"featured_media":0,"parent":0,"menu_order":0,"comment_status":"closed","ping_status":"closed","template":"","meta":{"_themeisle_gutenberg_block_has_review":false,"footnotes":""},"class_list":["post-2375","page","type-page","status-publish","hentry"],"_links":{"self":[{"href":"https:\/\/goodbeer.solutions\/de\/wp-json\/wp\/v2\/pages\/2375","targetHints":{"allow":["GET"]}}],"collection":[{"href":"https:\/\/goodbeer.solutions\/de\/wp-json\/wp\/v2\/pages"}],"about":[{"href":"https:\/\/goodbeer.solutions\/de\/wp-json\/wp\/v2\/types\/page"}],"author":[{"embeddable":true,"href":"https:\/\/goodbeer.solutions\/de\/wp-json\/wp\/v2\/users\/2"}],"replies":[{"embeddable":true,"href":"https:\/\/goodbeer.solutions\/de\/wp-json\/wp\/v2\/comments?post=2375"}],"version-history":[{"count":1,"href":"https:\/\/goodbeer.solutions\/de\/wp-json\/wp\/v2\/pages\/2375\/revisions"}],"predecessor-version":[{"id":2376,"href":"https:\/\/goodbeer.solutions\/de\/wp-json\/wp\/v2\/pages\/2375\/revisions\/2376"}],"wp:attachment":[{"href":"https:\/\/goodbeer.solutions\/de\/wp-json\/wp\/v2\/media?parent=2375"}],"curies":[{"name":"wp","href":"https:\/\/api.w.org\/{rel}","templated":true}]}}