{"id":3361,"date":"2025-09-02T11:07:23","date_gmt":"2025-09-02T10:07:23","guid":{"rendered":"https:\/\/goodbeer.solutions\/?page_id=3361"},"modified":"2025-09-02T11:11:46","modified_gmt":"2025-09-02T10:11:46","slug":"rueckgaberecht","status":"publish","type":"page","link":"https:\/\/goodbeer.solutions\/de\/rueckgaberecht\/","title":{"rendered":"R\u00fcckgaberecht"},"content":{"rendered":"\n<p><strong>R\u00fcckgaberecht \u2013 GoodBeer Solutions<\/strong><\/p>\n\n\n\n<p>Unsere Verk\u00e4ufe richten sich ausschlie\u00dflich an professionelle Brauereien.<br>Aufgrund der Art unserer Produkte (Hefen, Malze, technische Produkte, Hygiene) akzeptieren wir <strong>keine Standardr\u00fccksendungen<\/strong>.<\/p>\n\n\n\n<p><strong>Akzeptierte R\u00fcckgaben:<\/strong><br>\u2013 nur im Falle von fehlerhaften Produkten oder Lieferfehlern<br>\u2013 Meldung innerhalb von 7 Tagen nach Erhalt<br>\u2013 Produkte m\u00fcssen in der Originalverpackung, unge\u00f6ffnet, zur\u00fcckgesendet werden<\/p>\n\n\n\n<p><strong>Vorgehen:<\/strong><br>\u2013 kontaktieren Sie uns per E-Mail: <a>info@goodbeer.solutions<\/a><br>\u2013 nach Pr\u00fcfung erfolgt Austausch oder R\u00fcckerstattung<br>\u2013 R\u00fccksendekosten werden von GoodBeer Solutions \u00fcbernommen, wenn der Mangel best\u00e4tigt wird<\/p>\n\n\n\n<p><strong>Umtausch:<\/strong><br>\u2013 nur im Falle eines best\u00e4tigten Mangels m\u00f6glich<\/p>\n","protected":false},"excerpt":{"rendered":"<p><strong>R\u00fcckgaberecht \u2013 GoodBeer Solutions<\/strong><\/p>\n<p>Unsere Verk\u00e4ufe richten sich ausschlie\u00dflich an professionelle Brauereien.<br \/>Aufgrund der Art unserer Produkte (Hefen, Malze, technische Produkte, Hygiene) akzeptieren wir <strong>keine Standardr\u00fccksendungen<\/strong>.<\/p>\n<p><strong>Akzeptierte R\u00fcckgaben:<\/strong><br \/>\u2013 nur im Falle von fehlerhaften Produkten oder Lieferfehlern<br \/>\u2013 Meldung innerhalb von 7 Tagen nach Erhalt<br \/>\u2013 Produkte m\u00fcssen in der Originalverpackung, unge\u00f6ffnet, zur\u00fcckgesendet werden<\/p>\n<p><strong>Vorgehen:<\/strong><br \/>\u2013 kontaktieren Sie uns per E-Mail: <a>info@goodbeer.solutions<\/a><br \/>\u2013 nach Pr\u00fcfung erfolgt Austausch oder R\u00fcckerstattung<br \/>\u2013 R\u00fccksendekosten werden von GoodBeer Solutions \u00fcbernommen, wenn der Mangel best\u00e4tigt wird<\/p>\n<p><strong>Umtausch:<\/strong><br \/>\u2013 nur im Falle eines best\u00e4tigten Mangels m\u00f6glich<\/p>\n","protected":false},"author":2,"featured_media":0,"parent":0,"menu_order":0,"comment_status":"closed","ping_status":"closed","template":"","meta":{"_themeisle_gutenberg_block_has_review":false,"footnotes":""},"class_list":["post-3361","page","type-page","status-publish","hentry"],"_links":{"self":[{"href":"https:\/\/goodbeer.solutions\/de\/wp-json\/wp\/v2\/pages\/3361","targetHints":{"allow":["GET"]}}],"collection":[{"href":"https:\/\/goodbeer.solutions\/de\/wp-json\/wp\/v2\/pages"}],"about":[{"href":"https:\/\/goodbeer.solutions\/de\/wp-json\/wp\/v2\/types\/page"}],"author":[{"embeddable":true,"href":"https:\/\/goodbeer.solutions\/de\/wp-json\/wp\/v2\/users\/2"}],"replies":[{"embeddable":true,"href":"https:\/\/goodbeer.solutions\/de\/wp-json\/wp\/v2\/comments?post=3361"}],"version-history":[{"count":1,"href":"https:\/\/goodbeer.solutions\/de\/wp-json\/wp\/v2\/pages\/3361\/revisions"}],"predecessor-version":[{"id":3363,"href":"https:\/\/goodbeer.solutions\/de\/wp-json\/wp\/v2\/pages\/3361\/revisions\/3363"}],"wp:attachment":[{"href":"https:\/\/goodbeer.solutions\/de\/wp-json\/wp\/v2\/media?parent=3361"}],"curies":[{"name":"wp","href":"https:\/\/api.w.org\/{rel}","templated":true}]}}