{"id":1725,"date":"2024-01-29T10:45:20","date_gmt":"2024-01-29T09:45:20","guid":{"rendered":"https:\/\/goodbeer.solutions\/product\/abteilung-ws\/"},"modified":"2024-10-21T12:18:50","modified_gmt":"2024-10-21T11:18:50","slug":"abteilung-ws","status":"publish","type":"product","link":"https:\/\/goodbeer.solutions\/de\/produkt\/abteilung-ws\/","title":{"rendered":"DEPTAL WS &#8211; \u00c4tzender Reiniger f\u00fcr CIP in Brauereien von Kersia"},"content":{"rendered":"<p>fl\u00fcssiger, \u00e4tzender Reiniger<\/p>\n","protected":false},"excerpt":{"rendered":"<p>Schaumarmer, fl\u00fcssiger Laugenreiniger, der speziell f\u00fcr die Reinigung von hei\u00dfen Prozessanlagen, HTST, Verdampfern und anderen CIP-Anwendungen entwickelt wurde. Kombiniert hohe Alkalit\u00e4t mit hervorragenden Benetzungs-, Sequestrierungs- und Entsch\u00e4umungseigenschaften. Hergestellt f\u00fcr harte Wasserbedingungen. Kann mit automatischen Spendern verwendet werden. Die chlorfreie Formel sorgt f\u00fcr hervorragende Ergebnisse bei Stabilit\u00e4t und Reinigung.<\/p>\n","protected":false},"featured_media":1626,"template":"","meta":{"_themeisle_gutenberg_block_has_review":false},"product_brand":[],"product_cat":[287,491],"product_tag":[],"class_list":{"0":"post-1725","1":"product","2":"type-product","3":"status-publish","4":"has-post-thumbnail","6":"product_cat-hygiene-de-2","7":"product_cat-reinigung","8":"pa_brand-kersia-de","10":"first","11":"instock","12":"taxable","13":"shipping-taxable","14":"purchasable","15":"product-type-variable"},"_links":{"self":[{"href":"https:\/\/goodbeer.solutions\/de\/wp-json\/wp\/v2\/product\/1725","targetHints":{"allow":["GET"]}}],"collection":[{"href":"https:\/\/goodbeer.solutions\/de\/wp-json\/wp\/v2\/product"}],"about":[{"href":"https:\/\/goodbeer.solutions\/de\/wp-json\/wp\/v2\/types\/product"}],"wp:featuredmedia":[{"embeddable":true,"href":"https:\/\/goodbeer.solutions\/de\/wp-json\/wp\/v2\/media\/1626"}],"wp:attachment":[{"href":"https:\/\/goodbeer.solutions\/de\/wp-json\/wp\/v2\/media?parent=1725"}],"wp:term":[{"taxonomy":"product_brand","embeddable":true,"href":"https:\/\/goodbeer.solutions\/de\/wp-json\/wp\/v2\/product_brand?post=1725"},{"taxonomy":"product_cat","embeddable":true,"href":"https:\/\/goodbeer.solutions\/de\/wp-json\/wp\/v2\/product_cat?post=1725"},{"taxonomy":"product_tag","embeddable":true,"href":"https:\/\/goodbeer.solutions\/de\/wp-json\/wp\/v2\/product_tag?post=1725"}],"curies":[{"name":"wp","href":"https:\/\/api.w.org\/{rel}","templated":true}]}}