{"id":1731,"date":"2024-01-29T10:23:23","date_gmt":"2024-01-29T09:23:23","guid":{"rendered":"https:\/\/goodbeer.solutions\/product\/deptacid-ams\/"},"modified":"2024-10-21T12:18:41","modified_gmt":"2024-10-21T11:18:41","slug":"deptacid-ams","status":"publish","type":"product","link":"https:\/\/goodbeer.solutions\/de\/produkt\/deptacid-ams\/","title":{"rendered":"DEPTACID AMS Schaumreiniger f\u00fcr Brauereihygiene von Kersia"},"content":{"rendered":"<p>Eigenschaften:<br \/>\n&#8211; Waschmittel<br \/>\n&#8211; Entkalkung<br \/>\n&#8211; Benetzung<br \/>\n&#8211; Emulgieren<br \/>\n&#8211; Sch\u00e4umend<br \/>\n&#8211; Phosphorfrei<\/p>\n<p>Anwendung:<br \/>\n&#8211; Reinigung von B\u00f6den, W\u00e4nden, Decken und Ger\u00e4ten.<br \/>\n&#8211; Nicht auf Beton auftragen.<br \/>\n&#8211; Mit Vorsicht zu verwenden auf Baustahl, verzinktem Stahl.<\/p>\n<p>Gebrauchsanweisung:<br \/>\n&#8211; Konzentration: 2 &#8211; 5%<br \/>\n&#8211; Temperatur: 10 &#8211; 50\u00b0C<br \/>\n&#8211; Kontaktzeit: 15 &#8211; 20 Minuten<br \/>\n&#8211; Standard-Verwendungsreihenfolge: Vorsp\u00fclen mit Wasser<\/p>\n","protected":false},"excerpt":{"rendered":"<p>PHOSPHORFREIER SCH\u00c4UMENDER SAURER REINIGUNGSENTKALKER<br \/>\nF\u00dcR SCHAUMANWENDUNGEN UND ZUM SPR\u00dcHEN AUF OBERFL\u00c4CHEN<\/p>\n","protected":false},"featured_media":1626,"template":"","meta":{"_themeisle_gutenberg_block_has_review":false},"product_brand":[],"product_cat":[287,491],"product_tag":[],"class_list":{"0":"post-1731","1":"product","2":"type-product","3":"status-publish","4":"has-post-thumbnail","6":"product_cat-hygiene-de-2","7":"product_cat-reinigung","8":"pa_brand-kersia-de","10":"first","11":"instock","12":"taxable","13":"shipping-taxable","14":"purchasable","15":"product-type-simple"},"_links":{"self":[{"href":"https:\/\/goodbeer.solutions\/de\/wp-json\/wp\/v2\/product\/1731","targetHints":{"allow":["GET"]}}],"collection":[{"href":"https:\/\/goodbeer.solutions\/de\/wp-json\/wp\/v2\/product"}],"about":[{"href":"https:\/\/goodbeer.solutions\/de\/wp-json\/wp\/v2\/types\/product"}],"wp:featuredmedia":[{"embeddable":true,"href":"https:\/\/goodbeer.solutions\/de\/wp-json\/wp\/v2\/media\/1626"}],"wp:attachment":[{"href":"https:\/\/goodbeer.solutions\/de\/wp-json\/wp\/v2\/media?parent=1731"}],"wp:term":[{"taxonomy":"product_brand","embeddable":true,"href":"https:\/\/goodbeer.solutions\/de\/wp-json\/wp\/v2\/product_brand?post=1731"},{"taxonomy":"product_cat","embeddable":true,"href":"https:\/\/goodbeer.solutions\/de\/wp-json\/wp\/v2\/product_cat?post=1731"},{"taxonomy":"product_tag","embeddable":true,"href":"https:\/\/goodbeer.solutions\/de\/wp-json\/wp\/v2\/product_tag?post=1731"}],"curies":[{"name":"wp","href":"https:\/\/api.w.org\/{rel}","templated":true}]}}