{"id":1733,"date":"2024-01-25T15:49:42","date_gmt":"2024-01-25T14:49:42","guid":{"rendered":"https:\/\/goodbeer.solutions\/product\/geschaelte-geroestete-gerste-md\/"},"modified":"2024-10-21T12:22:13","modified_gmt":"2024-10-21T11:22:13","slug":"geschaelte-geroestete-gerste-md","status":"publish","type":"product","link":"https:\/\/goodbeer.solutions\/de\/produkt\/geschaelte-geroestete-gerste-md\/","title":{"rendered":"Ger\u00f6stete Gerste von Dingemans &#8211; Spezialmalz"},"content":{"rendered":"<table dir=\"ltr\" style=\"height: 183px;\" border=\"1\" width=\"275\" cellspacing=\"0\" cellpadding=\"0\" data-sheets-root=\"1\">\n<colgroup>\n<col width=\"100\" \/>\n<col width=\"100\" \/><\/colgroup>\n<tbody>\n<tr>\n<td data-sheets-value=\"{\">FARBE EBC:<\/td>\n<td data-sheets-value=\"{\">1200<\/td>\n<\/tr>\n<tr>\n<td data-sheets-value=\"{\">LOVIBOND:<\/td>\n<td data-sheets-value=\"{\">450<\/td>\n<\/tr>\n<tr>\n<td data-sheets-value=\"{\">GESCHMACK:<\/td>\n<td data-sheets-value=\"{\">\n<div class=\"field field-name-field-flavour field-type-text field-label-inline clearfix\">\n<div class=\"field-items\">\n<div class=\"field-item even\">Kaffeebohnen, Toffee<\/div>\n<\/div>\n<\/div>\n<\/td>\n<\/tr>\n<tr>\n<td data-sheets-value=\"{\">ANWENDUNG:<\/td>\n<td data-sheets-value=\"{\">\n<div class=\"field-item even\">\n<div class=\"field-item even\">\n<div class=\"field-item even\">\n<div class=\"field-item even\">\n<div class=\"field-item even\">\n<div class=\"field-item even\">\n<div class=\"field-item even\">\n<div class=\"field-item even\">\n<div class=\"field-item even\">\n<div class=\"field-item even\">\n<div class=\"field-item even\">\n<div class=\"field-item even\">\n<div class=\"field-item even\">\n<div class=\"field-item even\">\n<div class=\"field-item even\">Abtei-Biere<\/div>\n<div class=\"field-item odd\">Stout<\/div>\n<div class=\"field-item even\">Porter<\/div>\n<div class=\"field-item odd\">Dunkles Ale<\/div>\n<div class=\"field-item even\">Belgischer Quadrupel<\/div>\n<div class=\"field-item odd\">Belgisch Braun<\/div>\n<\/div>\n<\/div>\n<\/div>\n<\/div>\n<\/div>\n<\/div>\n<\/div>\n<\/div>\n<\/div>\n<\/div>\n<\/div>\n<\/div>\n<\/div>\n<\/div>\n<\/td>\n<\/tr>\n<tr>\n<td data-sheets-value=\"{\">MALZMISCHUNG:<\/td>\n<td data-sheets-value=\"{\">bis zu 5%<\/td>\n<\/tr>\n<\/tbody>\n<\/table>\n","protected":false},"excerpt":{"rendered":"<div class=\"field field-name-field-colour-ebc field-type-number-integer field-label-inline clearfix\">\n<div class=\"field-label\">\n<div class=\"flex-1 overflow-hidden\">\n<div class=\"react-scroll-to-bottom--css-dusec-79elbk h-full\">\n<div class=\"react-scroll-to-bottom--css-dusec-1n7m0yu\">\n<div class=\"flex flex-col pb-9 text-sm\">\n<div class=\"w-full text-token-text-primary\" data-testid=\"conversation-turn-39\">\n<div class=\"px-4 py-2 justify-center text-base md:gap-6 m-auto\">\n<div class=\"flex flex-1 text-base mx-auto gap-3 md:px-5 lg:px-1 xl:px-5 md:max-w-3xl lg:max-w-[40rem] xl:max-w-[48rem] group final-completion\">\n<div class=\"relative flex w-full flex-col lg:w-[calc(100%-115px)] agent-turn\">\n<div class=\"flex-col gap-1 md:gap-3\">\n<div class=\"flex flex-grow flex-col max-w-full\">\n<div class=\"min-h-[20px] text-message flex flex-col items-start gap-3 whitespace-pre-wrap break-words [.text-message+&amp;]:mt-5 overflow-x-auto\" data-message-author-role=\"assistant\" data-message-id=\"ab7fc229-c7d0-4e56-bf5b-daac872de423\">\n<div class=\"markdown prose w-full break-words dark:prose-invert light\">\n<p>Unser Pealed Roasted Barley MD Malz wird in unserer R\u00f6sttrommel bei hoher Temperatur ger\u00f6stet. Sobald es die gew\u00fcnschte Farbe erreicht hat, wird es schnell abgek\u00fchlt. Dieses spezielle Malz verleiht braunen Bieren einen rauchigen\/ger\u00f6steten Geschmack und eine dunkle F\u00e4rbung.<\/p>\n<p>Die Verwendung von gesch\u00e4lter Gerste als Ausgangsmaterial tr\u00e4gt dazu bei, den adstringierenden Geschmack, der h\u00e4ufig mit ger\u00f6steter Spreu verbunden ist, zu beseitigen.<\/p>\n<p>Dieses R\u00f6stmalz eignet sich f\u00fcr die Verwendung von bis zu 5 % der Getreidemischung.<\/p>\n<\/div>\n<\/div>\n<\/div>\n<div class=\"mt-1 flex justify-start gap-3 empty:hidden\">\n<div class=\"text-gray-400 flex self-end lg:self-center justify-center lg:justify-start mt-0 -ml-1 visible\">\n<div class=\"flex\"><\/div>\n<div class=\"flex items-center gap-1.5 text-xs\"><\/div>\n<\/div>\n<\/div>\n<\/div>\n<div class=\"absolute\">\n<div class=\"flex w-full gap-2 items-center justify-center\"><\/div>\n<\/div>\n<\/div>\n<\/div>\n<\/div>\n<\/div>\n<\/div>\n<\/div>\n<\/div>\n<\/div>\n<div class=\"w-full pt-2 md:pt-0 dark:border-white\/20 md:border-transparent md:dark:border-transparent md:w-[calc(100%-.5rem)]\">\n<form class=\"stretch mx-2 flex flex-row gap-3 last:mb-2 md:mx-4 md:last:mb-6 lg:mx-auto lg:max-w-2xl xl:max-w-3xl\">\n<div class=\"relative flex h-full flex-1 items-stretch md:flex-col\">\n<div class=\"flex w-full items-center\">\n<div class=\"overflow-hidden [&amp;:has(textarea:focus)]:border-token-border-xheavy [&amp;:has(textarea:focus)]:shadow-[0_2px_6px_rgba(0,0,0,.05)] flex flex-col w-full dark:border-token-border-heavy flex-grow relative border border-token-border-heavy dark:text-white rounded-2xl bg-white dark:bg-gray-800 shadow-[0_0_0_2px_rgba(255,255,255,0.95)] dark:shadow-[0_0_0_2px_rgba(52,53,65,0.95)]\">\n<div data-grammarly-part=\"button\">\n<div>\n<div>\n<div class=\"amkYk\">\n<div>\n<div class=\"ptGJG\"><\/div>\n<\/div>\n<\/div>\n<\/div>\n<\/div>\n<\/div>\n<\/div>\n<\/div>\n<\/div>\n<\/form>\n<\/div>\n<\/div>\n<\/div>\n","protected":false},"featured_media":1472,"template":"","meta":{"_themeisle_gutenberg_block_has_review":false},"product_brand":[],"product_cat":[299,367,298],"product_tag":[],"class_list":{"0":"post-1733","1":"product","2":"type-product","3":"status-publish","4":"has-post-thumbnail","6":"product_cat-gebratenes","7":"product_cat-malz","8":"product_cat-spezialmalz","9":"pa_brand-dingemans","10":"pa_capacity-1t-groser-beutel","12":"first","13":"onbackorder","14":"taxable","15":"shipping-taxable","16":"purchasable","17":"product-type-variable"},"_links":{"self":[{"href":"https:\/\/goodbeer.solutions\/de\/wp-json\/wp\/v2\/product\/1733","targetHints":{"allow":["GET"]}}],"collection":[{"href":"https:\/\/goodbeer.solutions\/de\/wp-json\/wp\/v2\/product"}],"about":[{"href":"https:\/\/goodbeer.solutions\/de\/wp-json\/wp\/v2\/types\/product"}],"wp:featuredmedia":[{"embeddable":true,"href":"https:\/\/goodbeer.solutions\/de\/wp-json\/wp\/v2\/media\/1472"}],"wp:attachment":[{"href":"https:\/\/goodbeer.solutions\/de\/wp-json\/wp\/v2\/media?parent=1733"}],"wp:term":[{"taxonomy":"product_brand","embeddable":true,"href":"https:\/\/goodbeer.solutions\/de\/wp-json\/wp\/v2\/product_brand?post=1733"},{"taxonomy":"product_cat","embeddable":true,"href":"https:\/\/goodbeer.solutions\/de\/wp-json\/wp\/v2\/product_cat?post=1733"},{"taxonomy":"product_tag","embeddable":true,"href":"https:\/\/goodbeer.solutions\/de\/wp-json\/wp\/v2\/product_tag?post=1733"}],"curies":[{"name":"wp","href":"https:\/\/api.w.org\/{rel}","templated":true}]}}