{"id":1738,"date":"2024-01-29T10:54:28","date_gmt":"2024-01-29T09:54:28","guid":{"rendered":"https:\/\/goodbeer.solutions\/product\/deptil-hds\/"},"modified":"2024-10-21T12:14:36","modified_gmt":"2024-10-21T11:14:36","slug":"deptil-hds","status":"publish","type":"product","link":"https:\/\/goodbeer.solutions\/de\/produkt\/deptil-hds\/","title":{"rendered":"DEPTIL HDS &#8211; Desinfektionsspray f\u00fcr Kontaktfl\u00e4chen von Kersia"},"content":{"rendered":"<p>&nbsp;<\/p>\n<p>Schnell wirkende Desinfektion, Spr\u00fchen oder Einweichen<\/p>\n<p>DEPTIL HDS ist ein bakterizides, hefe- und pilzabt\u00f6tendes Desinfektionsmittel. Reinigen und sp\u00fclen Sie Materialien und Oberfl\u00e4chen vorher ab. DEPTIL HDS durch Spr\u00fchen oder Tr\u00e4nken auftragen. Konzentration: unverd\u00fcnnt. Mindestkontaktzeit: 2 Minuten f\u00fcr bakterizide und hefepilzabt\u00f6tende Wirkung, 5 Minuten f\u00fcr fungizide Wirkung. Temperatur: Raumtemperatur. Mindestens 5 Minuten lang trocknen lassen. Waschen Sie die Anwendungsger\u00e4te regelm\u00e4\u00dfig. Erf\u00fcllt die Norm EN 13697 f\u00fcr Bakterien unter sauberen Bedingungen. Die in dieser Anwendungsmethode angegebene(n) Konzentration(en) stellen die empfohlene(n) Konzentration(en) dar.<\/p>\n","protected":false},"excerpt":{"rendered":"<p>Bakterizides, fungizides, yeastizides und viruzides Desinfektionsmittel.<\/p>\n<ul>\n<li>Ohne Sp\u00fclung<\/li>\n<li>F\u00fcr trockene Desinfektion<\/li>\n<li>Gebrauchsfertig<\/li>\n<li>Nicht korrosiv gegen\u00fcber Edelstahl und Kunststoffen<\/li>\n<\/ul>\n","protected":false},"featured_media":1630,"template":"","meta":{"_themeisle_gutenberg_block_has_review":false},"product_brand":[],"product_cat":[287,497],"product_tag":[],"class_list":{"0":"post-1738","1":"product","2":"type-product","3":"status-publish","4":"has-post-thumbnail","6":"product_cat-hygiene-de-2","7":"product_cat-spray-de","8":"pa_brand-kersia-de","10":"first","11":"instock","12":"taxable","13":"shipping-taxable","14":"purchasable","15":"product-type-variable"},"_links":{"self":[{"href":"https:\/\/goodbeer.solutions\/de\/wp-json\/wp\/v2\/product\/1738","targetHints":{"allow":["GET"]}}],"collection":[{"href":"https:\/\/goodbeer.solutions\/de\/wp-json\/wp\/v2\/product"}],"about":[{"href":"https:\/\/goodbeer.solutions\/de\/wp-json\/wp\/v2\/types\/product"}],"wp:featuredmedia":[{"embeddable":true,"href":"https:\/\/goodbeer.solutions\/de\/wp-json\/wp\/v2\/media\/1630"}],"wp:attachment":[{"href":"https:\/\/goodbeer.solutions\/de\/wp-json\/wp\/v2\/media?parent=1738"}],"wp:term":[{"taxonomy":"product_brand","embeddable":true,"href":"https:\/\/goodbeer.solutions\/de\/wp-json\/wp\/v2\/product_brand?post=1738"},{"taxonomy":"product_cat","embeddable":true,"href":"https:\/\/goodbeer.solutions\/de\/wp-json\/wp\/v2\/product_cat?post=1738"},{"taxonomy":"product_tag","embeddable":true,"href":"https:\/\/goodbeer.solutions\/de\/wp-json\/wp\/v2\/product_tag?post=1738"}],"curies":[{"name":"wp","href":"https:\/\/api.w.org\/{rel}","templated":true}]}}