{"id":1739,"date":"2024-01-29T10:22:26","date_gmt":"2024-01-29T09:22:26","guid":{"rendered":"https:\/\/goodbeer.solutions\/product\/deptil-poh\/"},"modified":"2024-10-21T12:19:09","modified_gmt":"2024-10-21T11:19:09","slug":"deptil-poh","status":"publish","type":"product","link":"https:\/\/goodbeer.solutions\/de\/produkt\/deptil-poh\/","title":{"rendered":"DEPTIL POH &#8211; CIP Booster &#8211; Kersia"},"content":{"rendered":"<p>Die Zugabe muss langsam und unter R\u00fchren erfolgen. Konsultieren Sie vorher Ihren technischen Berater, der das Sicherheitsprotokoll f\u00fcr die Zubereitung dieses Gemischs festlegen wird. Diese Methode darf nicht in geschlossenen R\u00e4umen angewandt werden, und es ist eine Entl\u00fcftung zur Atmosph\u00e4re erforderlich, um den entstehenden Sauerstoff abzuf\u00fchren.<\/p>\n<p>KORROSION: DEPTIL POH ist minimal korrosiv gegen\u00fcber nichtrostenden St\u00e4hlen; in w\u00e4ssrigen L\u00f6sungen verursacht DEPTIL POH keine Lochfra\u00df- oder Spaltkorrosion bei nichtrostenden St\u00e4hlen, die \u00fcblicherweise in der Lebensmittelindustrie verwendet werden.<\/p>\n<p>Kontrollparameter: Probendosis: 5ml Vorbehandlung: 0,1 N Natriumthiosulfat Indikator: KI Reagenz: 20% H2SO4 Titrierfaktor: f = 0,05\u00b10,01 Konzentration in % = Titriermittel ml * f Konzentration in g\/l = Titriermittel ml * f * 10<\/p>\n","protected":false},"excerpt":{"rendered":"<p><strong>CIP-Reinigungskraftverst\u00e4rker<\/strong><\/p>\n<p>&nbsp;<\/p>\n<div class=\"flex-1 overflow-hidden\">\n<div class=\"react-scroll-to-bottom--css-kdeca-79elbk h-full\">\n<div class=\"react-scroll-to-bottom--css-kdeca-1n7m0yu\">\n<div class=\"flex flex-col pb-9 text-sm\">\n<div class=\"w-full text-token-text-primary\" data-testid=\"conversation-turn-7\">\n<div class=\"px-4 py-2 justify-center text-base md:gap-6 m-auto\">\n<div class=\"flex flex-1 text-base mx-auto gap-3 md:px-5 lg:px-1 xl:px-5 md:max-w-3xl lg:max-w-[40rem] xl:max-w-[48rem] group final-completion\">\n<div class=\"relative flex w-full flex-col lg:w-[calc(100%-115px)] agent-turn\">\n<div class=\"flex-col gap-1 md:gap-3\">\n<div class=\"flex flex-grow flex-col max-w-full\">\n<div class=\"min-h-[20px] text-message flex flex-col items-start gap-3 whitespace-pre-wrap break-words [.text-message+&amp;]:mt-5 overflow-x-auto\" data-message-author-role=\"assistant\" data-message-id=\"cf8e4b6b-41cd-44e7-8e87-07ff8e824992\">\n<div class=\"markdown prose w-full break-words dark:prose-invert light\">\n<p>Enth\u00e4lt Wasserstoffperoxid Dieses Produkt ist nicht zur Desinfektion bestimmt.<\/p>\n<p>Anwendung: Reinigungsmittel f\u00fcr Kreisl\u00e4ufe und Tanks. Reinigungsmittel f\u00fcr Brauereianlagen. Kann sauren Reinigern zugesetzt werden. Additiv f\u00fcr saure Reiniger, f\u00fcr alkalische L\u00f6sungen zur Verbesserung der Reinigungskraft. Wenden Sie sich vor der Verwendung an Ihren technischen Berater, der das Sicherheitsprotokoll f\u00fcr diese Mischung festlegen wird.<\/p>\n<p>Anweisungen f\u00fcr den Gebrauch: Konzentration: 0,2 bis 1% Einwirkzeit: 5-30 min Temperatur: 20 bis 80 \u00b0C Standard-Anwendungsablauf: Auftragen der DEPTIL POH-L\u00f6sung (fragen Sie unser technisches Personal) Sp\u00fclen mit Trinkwasser<\/p>\n<\/div>\n<\/div>\n<\/div>\n<div class=\"mt-1 flex justify-start gap-3 empty:hidden\">\n<div class=\"text-gray-400 flex self-end lg:self-center justify-center lg:justify-start mt-0 -ml-1 visible\">\n<p>&nbsp;<\/p>\n<div class=\"flex\"><\/div>\n<div class=\"flex items-center gap-1.5 text-xs\"><\/div>\n<\/div>\n<\/div>\n<\/div>\n<div class=\"absolute\">\n<div class=\"flex w-full gap-2 items-center justify-center\"><\/div>\n<\/div>\n<\/div>\n<\/div>\n<\/div>\n<\/div>\n<\/div>\n<\/div>\n<\/div>\n<\/div>\n<div class=\"w-full pt-2 md:pt-0 dark:border-white\/20 md:border-transparent md:dark:border-transparent md:w-[calc(100%-.5rem)]\">\n<form class=\"stretch mx-2 flex flex-row gap-3 last:mb-2 md:mx-4 md:last:mb-6 lg:mx-auto lg:max-w-2xl xl:max-w-3xl\">\n<div class=\"relative flex h-full flex-1 items-stretch md:flex-col\">\n<div class=\"flex w-full items-center\">\n<div class=\"overflow-hidden [&amp;:has(textarea:focus)]:border-token-border-xheavy [&amp;:has(textarea:focus)]:shadow-[0_2px_6px_rgba(0,0,0,.05)] flex flex-col w-full dark:border-token-border-heavy flex-grow relative border border-token-border-heavy dark:text-white rounded-2xl bg-white dark:bg-gray-800 shadow-[0_0_0_2px_rgba(255,255,255,0.95)] dark:shadow-[0_0_0_2px_rgba(52,53,65,0.95)]\">\n<div data-grammarly-part=\"button\">\n<div>\n<div>\n<div class=\"amkYk\">\n<div>\n<div class=\"ptGJG\"><\/div>\n<\/div>\n<\/div>\n<\/div>\n<\/div>\n<\/div>\n<\/div>\n<\/div>\n<\/div>\n<\/form>\n<\/div>\n","protected":false},"featured_media":1624,"template":"","meta":{"_themeisle_gutenberg_block_has_review":false},"product_brand":[],"product_cat":[287,491],"product_tag":[],"class_list":{"0":"post-1739","1":"product","2":"type-product","3":"status-publish","4":"has-post-thumbnail","6":"product_cat-hygiene-de-2","7":"product_cat-reinigung","8":"pa_brand-kersia-de","10":"first","11":"instock","12":"taxable","13":"shipping-taxable","14":"purchasable","15":"product-type-simple"},"_links":{"self":[{"href":"https:\/\/goodbeer.solutions\/de\/wp-json\/wp\/v2\/product\/1739","targetHints":{"allow":["GET"]}}],"collection":[{"href":"https:\/\/goodbeer.solutions\/de\/wp-json\/wp\/v2\/product"}],"about":[{"href":"https:\/\/goodbeer.solutions\/de\/wp-json\/wp\/v2\/types\/product"}],"wp:featuredmedia":[{"embeddable":true,"href":"https:\/\/goodbeer.solutions\/de\/wp-json\/wp\/v2\/media\/1624"}],"wp:attachment":[{"href":"https:\/\/goodbeer.solutions\/de\/wp-json\/wp\/v2\/media?parent=1739"}],"wp:term":[{"taxonomy":"product_brand","embeddable":true,"href":"https:\/\/goodbeer.solutions\/de\/wp-json\/wp\/v2\/product_brand?post=1739"},{"taxonomy":"product_cat","embeddable":true,"href":"https:\/\/goodbeer.solutions\/de\/wp-json\/wp\/v2\/product_cat?post=1739"},{"taxonomy":"product_tag","embeddable":true,"href":"https:\/\/goodbeer.solutions\/de\/wp-json\/wp\/v2\/product_tag?post=1739"}],"curies":[{"name":"wp","href":"https:\/\/api.w.org\/{rel}","templated":true}]}}