{"id":1740,"date":"2024-01-29T10:05:27","date_gmt":"2024-01-29T09:05:27","guid":{"rendered":"https:\/\/goodbeer.solutions\/product\/laktosesaeure-80-fg-fcc-e270\/"},"modified":"2024-10-21T12:19:32","modified_gmt":"2024-10-21T11:19:32","slug":"milchsaeure-80-e270-zur-ph-kontrolle","status":"publish","type":"product","link":"https:\/\/goodbeer.solutions\/de\/produkt\/milchsaeure-80-e270-zur-ph-kontrolle\/","title":{"rendered":"Milchs\u00e4ure 80% E270 zur PH-Kontrolle in der Brauerei"},"content":{"rendered":"<div class=\"flex-1 overflow-hidden\">\n<div class=\"react-scroll-to-bottom--css-kdeca-79elbk h-full\">\n<div class=\"react-scroll-to-bottom--css-kdeca-1n7m0yu\">\n<div class=\"flex flex-col pb-9 text-sm\">\n<div class=\"w-full text-token-text-primary\" data-testid=\"conversation-turn-7\">\n<div class=\"px-4 py-2 justify-center text-base md:gap-6 m-auto\">\n<div class=\"flex flex-1 text-base mx-auto gap-3 md:px-5 lg:px-1 xl:px-5 md:max-w-3xl lg:max-w-[40rem] xl:max-w-[48rem] group final-completion\">\n<div class=\"relative flex w-full flex-col lg:w-[calc(100%-115px)] agent-turn\">\n<div class=\"flex-col gap-1 md:gap-3\">\n<div class=\"flex flex-grow flex-col max-w-full\">\n<div class=\"min-h-[20px] text-message flex flex-col items-start gap-3 whitespace-pre-wrap break-words [.text-message+&amp;]:mt-5 overflow-x-auto\" data-message-author-role=\"assistant\" data-message-id=\"dde41110-f001-4fcf-b7eb-69ebc534a797\">\n<div class=\"markdown prose w-full break-words dark:prose-invert light\">\n<p><strong>Anwendung:<\/strong> Um die Vorteile der Milchs\u00e4ure 80% zu nutzen, verd\u00fcnnen Sie sie zun\u00e4chst mit Wasser, bevor Sie sie Ihrer Maische oder W\u00fcrze hinzuf\u00fcgen. Der Schl\u00fcssel liegt darin, die S\u00e4ure schrittweise hinzuzuf\u00fcgen und dabei den pH-Wert zu testen, um den gew\u00fcnschten S\u00e4uregrad zu erreichen, ohne das Gebr\u00e4u zu stark zu machen. Dieses Produkt ist hochkonzentriert, so dass eine kleine Menge f\u00fcr einen langen Weg ausreicht. Es ist au\u00dferdem vielseitig einsetzbar &#8211; es kann zur Aufbereitung des Kochwassers verwendet werden, um den Mineralgehalt zu reduzieren und die Extraktion von Tanninen zu verhindern, die zu adstringierenden Geschmacksnoten f\u00fchren k\u00f6nnen.<\/p>\n<p><strong>Vorteile:<\/strong><\/p>\n<ul>\n<li><strong>Pr\u00e4zision bei der pH-Kontrolle:<\/strong> Feinabstimmung des S\u00e4uregehalts von Maische und W\u00fcrze f\u00fcr optimale Enzymaktivit\u00e4t und Geschmacksentwicklung.<\/li>\n<li><strong>Geschmacksverbesserung:<\/strong> Passt den S\u00e4uregrad und die Komplexit\u00e4t Ihres Bieres subtil an und eignet sich perfekt f\u00fcr die Kreation unverwechselbarer saurer Biere und die Aufwertung traditioneller Biersorten.<\/li>\n<li><strong>Reinheit und Qualit\u00e4t:<\/strong> Unsere aus nat\u00fcrlichen Quellen hergestellte Milchs\u00e4ure 80% wurde entwickelt, um die hohen Standards von Handwerksbrauern zu erf\u00fcllen und ein sauberes, konsistentes Produkt mit jeder Charge zu gew\u00e4hrleisten.<\/li>\n<li><strong>Wirkungsgrad:<\/strong> Eine kleine Menge kann erhebliche Auswirkungen haben, was es zu einer kosteneffizienten L\u00f6sung f\u00fcr die pH-Einstellung und die Ver\u00e4nderung des Geschmacks macht.<\/li>\n<li><strong>Nachhaltigkeit:<\/strong> Da es sich um ein nat\u00fcrliches Produkt handelt, steht es im Einklang mit nachhaltigen Braupraktiken und reduziert den \u00f6kologischen Fu\u00dfabdruck Ihrer Brauerei.<\/li>\n<\/ul>\n<p>Entdecken Sie die Kunst des Bierbrauens mit unserer 80%igen Milchs\u00e4ure &#8211; Ihrem unverzichtbaren Partner bei der Herstellung von Bieren, die sich durch ihre Qualit\u00e4t, ihren Geschmack und ihren Charakter auszeichnen. Perfekt f\u00fcr Brauer, die Wert auf Pr\u00e4zision, Reinheit und Nachhaltigkeit in ihrem Handwerk legen.<\/p>\n<\/div>\n<\/div>\n<\/div>\n<div class=\"mt-1 flex justify-start gap-3 empty:hidden\">\n<div class=\"text-gray-400 flex self-end lg:self-center justify-center lg:justify-start mt-0 -ml-1 visible\">\n<p>&nbsp;<\/p>\n<div class=\"flex\"><\/div>\n<div class=\"flex items-center gap-1.5 text-xs\"><\/div>\n<\/div>\n<\/div>\n<\/div>\n<div class=\"absolute\">\n<div class=\"flex w-full gap-2 items-center justify-center\"><\/div>\n<\/div>\n<\/div>\n<\/div>\n<\/div>\n<\/div>\n<\/div>\n<\/div>\n<\/div>\n<\/div>\n<div class=\"w-full pt-2 md:pt-0 dark:border-white\/20 md:border-transparent md:dark:border-transparent md:w-[calc(100%-.5rem)]\">\n<form class=\"stretch mx-2 flex flex-row gap-3 last:mb-2 md:mx-4 md:last:mb-6 lg:mx-auto lg:max-w-2xl xl:max-w-3xl\">\n<div class=\"relative flex h-full flex-1 items-stretch md:flex-col\">\n<div class=\"flex w-full items-center\">\n<div class=\"overflow-hidden [&amp;:has(textarea:focus)]:border-token-border-xheavy [&amp;:has(textarea:focus)]:shadow-[0_2px_6px_rgba(0,0,0,.05)] flex flex-col w-full dark:border-token-border-heavy flex-grow relative border border-token-border-heavy dark:text-white rounded-2xl bg-white dark:bg-gray-800 shadow-[0_0_0_2px_rgba(255,255,255,0.95)] dark:shadow-[0_0_0_2px_rgba(52,53,65,0.95)]\">\n<div data-grammarly-part=\"button\">\n<div>\n<div>\n<div class=\"amkYk\">\n<div>\n<div class=\"ptGJG\"><\/div>\n<\/div>\n<\/div>\n<\/div>\n<\/div>\n<\/div>\n<\/div>\n<\/div>\n<\/div>\n<\/form>\n<\/div>\n","protected":false},"excerpt":{"rendered":"<p>Wir stellen Ihnen unsere Premium-Milchs\u00e4ure 80% vor, ein hochkonzentriertes Brauger\u00e4t, das speziell f\u00fcr den sorgf\u00e4ltigen Handwerksbrauer entwickelt wurde. Dieser leistungsstarke, lebensmitteltaugliche Zusatzstoff wird aus nat\u00fcrlichen Quellen gewonnen und passt somit perfekt zum Ethos des Craft Brewing.<\/p>\n<p>Milchs\u00e4ure 80% ist eine konzentrierte Form von Milchs\u00e4ure, eine der beliebtesten organischen S\u00e4uren, die in der Brauindustrie verwendet wird. Sie spielt eine zentrale Rolle bei der Einstellung des pH-Werts von Maische und W\u00fcrze und f\u00f6rdert ein Milieu, das die Enzymaktivit\u00e4t beim Maischen optimiert und das Geschmacksprofil des Biers insgesamt verbessert. Dieses Produkt ist besonders wichtig f\u00fcr Stile, die von einer leicht herben, abgerundeten S\u00e4ure profitieren, wie z. B. Sour Ales und belgische Lambics.<\/p>\n","protected":false},"featured_media":1622,"template":"","meta":{"_themeisle_gutenberg_block_has_review":false},"product_brand":[],"product_cat":[308,373],"product_tag":[],"class_list":{"0":"post-1740","1":"product","2":"type-product","3":"status-publish","4":"has-post-thumbnail","6":"product_cat-brauzusaetze","7":"product_cat-wasseraufbereitung","8":"pa_brand-kersia-de","10":"first","11":"instock","12":"taxable","13":"shipping-taxable","14":"purchasable","15":"product-type-simple"},"_links":{"self":[{"href":"https:\/\/goodbeer.solutions\/de\/wp-json\/wp\/v2\/product\/1740","targetHints":{"allow":["GET"]}}],"collection":[{"href":"https:\/\/goodbeer.solutions\/de\/wp-json\/wp\/v2\/product"}],"about":[{"href":"https:\/\/goodbeer.solutions\/de\/wp-json\/wp\/v2\/types\/product"}],"wp:featuredmedia":[{"embeddable":true,"href":"https:\/\/goodbeer.solutions\/de\/wp-json\/wp\/v2\/media\/1622"}],"wp:attachment":[{"href":"https:\/\/goodbeer.solutions\/de\/wp-json\/wp\/v2\/media?parent=1740"}],"wp:term":[{"taxonomy":"product_brand","embeddable":true,"href":"https:\/\/goodbeer.solutions\/de\/wp-json\/wp\/v2\/product_brand?post=1740"},{"taxonomy":"product_cat","embeddable":true,"href":"https:\/\/goodbeer.solutions\/de\/wp-json\/wp\/v2\/product_cat?post=1740"},{"taxonomy":"product_tag","embeddable":true,"href":"https:\/\/goodbeer.solutions\/de\/wp-json\/wp\/v2\/product_tag?post=1740"}],"curies":[{"name":"wp","href":"https:\/\/api.w.org\/{rel}","templated":true}]}}