{"id":1744,"date":"2024-01-25T15:24:30","date_gmt":"2024-01-25T14:24:30","guid":{"rendered":"https:\/\/goodbeer.solutions\/product\/dr-rye-malt\/"},"modified":"2024-07-02T10:27:43","modified_gmt":"2024-07-02T09:27:43","slug":"rye-malt","status":"publish","type":"product","link":"https:\/\/goodbeer.solutions\/de\/produkt\/rye-malt\/","title":{"rendered":"RYE MALT &#8211; Roggenmalz f\u00fcr Rye IPA von Dingemans"},"content":{"rendered":"<table dir=\"ltr\" style=\"height: 183px;\" border=\"1\" width=\"275\" cellspacing=\"0\" cellpadding=\"0\" data-sheets-root=\"1\">\n<colgroup>\n<col width=\"100\" \/>\n<col width=\"100\" \/><\/colgroup>\n<tbody>\n<tr>\n<td data-sheets-value=\"{\">FARBE EBC:<\/td>\n<td data-sheets-value=\"{\">7<\/td>\n<\/tr>\n<tr>\n<td data-sheets-value=\"{\">LOVIBOND:<\/td>\n<td data-sheets-value=\"{\">3.2<\/td>\n<\/tr>\n<tr>\n<td data-sheets-value=\"{\">GESCHMACK:<\/td>\n<td data-sheets-value=\"{\">\n<div class=\"field field-name-field-flavour field-type-text field-label-inline clearfix\">\n<div class=\"field-items\">\n<div class=\"field-item even\">Malzig mit trockenem Kr\u00e4utergeschmack und w\u00fcrzig<\/div>\n<\/div>\n<\/div>\n<\/td>\n<\/tr>\n<tr>\n<td data-sheets-value=\"{\">ANWENDUNG:<\/td>\n<td data-sheets-value=\"{\">\n<div class=\"field-item even\">\n<div class=\"field-item even\">\n<div class=\"field-item even\">\n<div class=\"field-item even\">\n<div class=\"field-item even\">\n<div class=\"field-item even\">\n<div class=\"field-item even\">\n<div class=\"field-item even\">\n<div class=\"field-item even\">\n<div class=\"field-item even\">\n<div class=\"field-item even\">\n<div class=\"field-item even\">Stout<\/div>\n<div class=\"field-item odd\">Saison<\/div>\n<div class=\"field-item even\">Roggenbier<\/div>\n<div class=\"field-item odd\">Porter<\/div>\n<div class=\"field-item even\">Barleywine<\/div>\n<div class=\"field-item odd\">India Pale Ale<\/div>\n<div class=\"field-item even\">Dunkles Ale<\/div>\n<div class=\"field-item odd\">Quadrupel<\/div>\n<\/div>\n<\/div>\n<\/div>\n<\/div>\n<\/div>\n<\/div>\n<\/div>\n<\/div>\n<\/div>\n<\/div>\n<\/div>\n<\/td>\n<\/tr>\n<tr>\n<td data-sheets-value=\"{\">MALZMISCHUNG.:<\/td>\n<td data-sheets-value=\"{\">Je nach Stil<\/td>\n<\/tr>\n<\/tbody>\n<\/table>\n","protected":false},"excerpt":{"rendered":"<div class=\"field field-name-field-colour-ebc field-type-number-integer field-label-inline clearfix\">\n<div class=\"field-label\">\n<p>Unser Rye Malt MD wird aus erstklassigem englischen Roggen hergestellt. Diese Roggensorte zeichnet sich dadurch aus, dass sie im Vergleich zu Gerste w\u00e4hrend des Maischens schneller Wasser aufnimmt. Wir kontrollieren die Trocknungstemperaturen sorgf\u00e4ltig, um die helle Farbe zu erhalten.<\/p>\n<p>Roggenmalz zeichnet sich durch eine h\u00f6here Viskosit\u00e4t aus, was im Vergleich zu Weizen- oder Gerstenmalz zu einem weniger effizienten Filtrationsprozess f\u00fchrt.<\/p>\n<p>Dieses Roggenmalz MD verleiht dem Bier einen unverwechselbar w\u00fcrzigen, f\u00fcr Roggen typischen Geschmack. Die Menge dieses gedarrten Malzes kann je nach dem gew\u00fcnschten Bierstil und der im Sudhaus vorhandenen Ausr\u00fcstung variieren.<\/p>\n<\/div>\n<\/div>\n","protected":false},"featured_media":1478,"template":"","meta":{"_themeisle_gutenberg_block_has_review":false},"product_brand":[],"product_cat":[324,367,298],"product_tag":[],"class_list":{"0":"post-1744","1":"product","2":"type-product","3":"status-publish","4":"has-post-thumbnail","6":"product_cat-gedarrtes-malz","7":"product_cat-malz","8":"product_cat-spezialmalz","9":"pa_brand-dingemans","10":"pa_capacity-1t-groser-beutel","11":"pa_capacity-40-x-25-kg-sacke","13":"first","14":"onbackorder","15":"taxable","16":"shipping-taxable","17":"purchasable","18":"product-type-variable"},"_links":{"self":[{"href":"https:\/\/goodbeer.solutions\/de\/wp-json\/wp\/v2\/product\/1744","targetHints":{"allow":["GET"]}}],"collection":[{"href":"https:\/\/goodbeer.solutions\/de\/wp-json\/wp\/v2\/product"}],"about":[{"href":"https:\/\/goodbeer.solutions\/de\/wp-json\/wp\/v2\/types\/product"}],"wp:featuredmedia":[{"embeddable":true,"href":"https:\/\/goodbeer.solutions\/de\/wp-json\/wp\/v2\/media\/1478"}],"wp:attachment":[{"href":"https:\/\/goodbeer.solutions\/de\/wp-json\/wp\/v2\/media?parent=1744"}],"wp:term":[{"taxonomy":"product_brand","embeddable":true,"href":"https:\/\/goodbeer.solutions\/de\/wp-json\/wp\/v2\/product_brand?post=1744"},{"taxonomy":"product_cat","embeddable":true,"href":"https:\/\/goodbeer.solutions\/de\/wp-json\/wp\/v2\/product_cat?post=1744"},{"taxonomy":"product_tag","embeddable":true,"href":"https:\/\/goodbeer.solutions\/de\/wp-json\/wp\/v2\/product_tag?post=1744"}],"curies":[{"name":"wp","href":"https:\/\/api.w.org\/{rel}","templated":true}]}}