{"id":2293,"date":"2023-11-14T23:16:01","date_gmt":"2023-11-14T22:16:01","guid":{"rendered":"https:\/\/goodbeer.solutions\/product\/heferahrung\/"},"modified":"2024-07-02T10:27:59","modified_gmt":"2024-07-02T09:27:59","slug":"heferahrung","status":"publish","type":"product","link":"https:\/\/goodbeer.solutions\/de\/produkt\/heferahrung\/","title":{"rendered":"Yeast Vit Murphy and Sons"},"content":{"rendered":"<p>Die Bierhefe ist ein hochentwickelter Einzeller, der domestiziert wurde und unterschiedliche Ern\u00e4hrungsbed\u00fcrfnisse hat. Um die Gesundheit dieses bemerkenswerten Mikroorganismus zu erhalten und die G\u00e4rung und Konsistenz zu verbessern, bieten wir sorgf\u00e4ltig formulierte Hefen\u00e4hrstoffe an, die die in der W\u00fcrze vorhandenen N\u00e4hrstoffe erg\u00e4nzen.<\/p>\n<p>Wenn Hefe richtig gehandhabt und gelagert wird, kann ihre Wiederverwendung erhebliche Kosteneinsparungen und Qualit\u00e4tsvorteile bringen. Um die besten Ergebnisse zu erzielen, ist es jedoch immer ratsam, die Hefe mit der richtigen Nahrung zu versorgen. Die Vernachl\u00e4ssigung des N\u00e4hrstoffbedarfs der Hefe kann zu verschiedenen Geschmacksfehlern im Bier f\u00fchren, was unterstreicht, wie wichtig es ist, die Hefe mit allem zu versorgen, was sie braucht.<\/p>\n<p>Die Vorteile der Verwendung unserer Hefen\u00e4hrstoffe sind<br \/>\n&#8211; Erh\u00f6hte Lebensf\u00e4higkeit w\u00e4hrend der Lagerung.<br \/>\n&#8211; Verk\u00fcrzte Verz\u00f6gerungsphase, was zu einem schnelleren Beginn der G\u00e4rung f\u00fchrt.<br \/>\n&#8211; Konsistente Fermentationsleistung.<br \/>\n&#8211; Zuverl\u00e4ssige Ausflockung, die zum Absetzen der Hefe und zur Klarheit des Endprodukts beitr\u00e4gt.<\/p>\n","protected":false},"excerpt":{"rendered":"<p>Yeast Vit ist ein umfangreich gemischter Hefen\u00e4hrstoff, der so umfassend ist, dass er auch bei W\u00fcrzen mit N\u00e4hrstoffmangel verwendet werden kann.<\/p>\n","protected":false},"featured_media":1354,"template":"","meta":{"_themeisle_gutenberg_block_has_review":false},"product_brand":[],"product_cat":[377,308],"product_tag":[],"class_list":{"0":"post-2293","1":"product","2":"type-product","3":"status-publish","4":"has-post-thumbnail","6":"product_cat-additive","7":"product_cat-brauzusaetze","8":"pa_brand-murphy-and-sons-de","9":"pa_capacity-25kg-de","10":"pa_capacity-5kg-de","12":"first","13":"instock","14":"taxable","15":"shipping-taxable","16":"purchasable","17":"product-type-variable","18":"has-default-attributes"},"_links":{"self":[{"href":"https:\/\/goodbeer.solutions\/de\/wp-json\/wp\/v2\/product\/2293","targetHints":{"allow":["GET"]}}],"collection":[{"href":"https:\/\/goodbeer.solutions\/de\/wp-json\/wp\/v2\/product"}],"about":[{"href":"https:\/\/goodbeer.solutions\/de\/wp-json\/wp\/v2\/types\/product"}],"wp:featuredmedia":[{"embeddable":true,"href":"https:\/\/goodbeer.solutions\/de\/wp-json\/wp\/v2\/media\/1354"}],"wp:attachment":[{"href":"https:\/\/goodbeer.solutions\/de\/wp-json\/wp\/v2\/media?parent=2293"}],"wp:term":[{"taxonomy":"product_brand","embeddable":true,"href":"https:\/\/goodbeer.solutions\/de\/wp-json\/wp\/v2\/product_brand?post=2293"},{"taxonomy":"product_cat","embeddable":true,"href":"https:\/\/goodbeer.solutions\/de\/wp-json\/wp\/v2\/product_cat?post=2293"},{"taxonomy":"product_tag","embeddable":true,"href":"https:\/\/goodbeer.solutions\/de\/wp-json\/wp\/v2\/product_tag?post=2293"}],"curies":[{"name":"wp","href":"https:\/\/api.w.org\/{rel}","templated":true}]}}