{"id":2296,"date":"2023-11-14T23:16:00","date_gmt":"2023-11-14T22:16:00","guid":{"rendered":"https:\/\/goodbeer.solutions\/product\/trizyme\/"},"modified":"2024-07-02T10:27:58","modified_gmt":"2024-07-02T09:27:58","slug":"trizyme","status":"publish","type":"product","link":"https:\/\/goodbeer.solutions\/de\/produkt\/trizyme\/","title":{"rendered":"Trizyme Brauenzymmischung von Murphy and Sons"},"content":{"rendered":"<p>Trizyme wurde speziell entwickelt, um verschiedene Probleme zu l\u00f6sen, die im Maischebottich auftreten, wie z.B. schlechter Extrakt, unzureichender Abfluss und unzureichende Produktion von assimilierbarem Stickstoff w\u00e4hrend der G\u00e4rung.<\/p>\n<p>Dar\u00fcber hinaus bek\u00e4mpft Trizyme effektiv Probleme, die mit einer schleppenden oder unvollst\u00e4ndigen G\u00e4rung verbunden sind, sowie Probleme im Zusammenhang mit ver\u00e4nderten Hefekulturen und Hefesuspensionen.<\/p>\n<p>Bei der Fasskonditionierung hilft Trizyme gegen langsame Sch\u00f6nung, lockere B\u00f6den und mangelnde Brillanz. Diese Symptome k\u00f6nnen auf die Verwendung von Gerstensorten zur\u00fcckzuf\u00fchren sein, die von Natur aus nicht f\u00fcr eine ausgewogene Modifikation geeignet sind. Trizyme bietet einen dreifachen Ansatz, um solche Probleme in einem m\u00f6glichst fr\u00fchen Stadium anzugehen.<\/p>\n<p>Dar\u00fcber hinaus kann Trizyme zusammen mit nicht gem\u00e4lzten Zusatzstoffen verwendet werden, um die wesentlichen \u03b1-Amylase- und \u00df-Glucanase-Enzyme zu liefern, die f\u00fcr die Herstellung hochwertiger W\u00fcrze mit zufriedenstellenden Extraktwerten erforderlich sind.<\/p>\n","protected":false},"excerpt":{"rendered":"<p>Trizyme ist eine fl\u00fcssige Enzyml\u00f6sung, die speziell f\u00fcr die Anwendung im Maischebottich entwickelt wurde. Es besteht aus einer Kombination von \u03b1-Amylase und \u00df-Glucanase-Enzymen, die aus einer zugelassenen bakteriellen Quelle stammen, zusammen mit proteolytischen Enzymen, die aus zugelassenen pflanzlichen Quellen stammen. Trizyme enth\u00e4lt au\u00dferdem zugelassene Konservierungsstoffe in Lebensmittelqualit\u00e4t.<\/p>\n","protected":false},"featured_media":1352,"template":"","meta":{"_themeisle_gutenberg_block_has_review":false},"product_brand":[],"product_cat":[377,308],"product_tag":[],"class_list":{"0":"post-2296","1":"product","2":"type-product","3":"status-publish","4":"has-post-thumbnail","6":"product_cat-additive","7":"product_cat-brauzusaetze","8":"pa_brand-murphy-and-sons-de","9":"pa_capacity-25kg-de","10":"pa_capacity-5kg-de","12":"first","13":"instock","14":"taxable","15":"shipping-taxable","16":"purchasable","17":"product-type-variable"},"_links":{"self":[{"href":"https:\/\/goodbeer.solutions\/de\/wp-json\/wp\/v2\/product\/2296","targetHints":{"allow":["GET"]}}],"collection":[{"href":"https:\/\/goodbeer.solutions\/de\/wp-json\/wp\/v2\/product"}],"about":[{"href":"https:\/\/goodbeer.solutions\/de\/wp-json\/wp\/v2\/types\/product"}],"wp:featuredmedia":[{"embeddable":true,"href":"https:\/\/goodbeer.solutions\/de\/wp-json\/wp\/v2\/media\/1352"}],"wp:attachment":[{"href":"https:\/\/goodbeer.solutions\/de\/wp-json\/wp\/v2\/media?parent=2296"}],"wp:term":[{"taxonomy":"product_brand","embeddable":true,"href":"https:\/\/goodbeer.solutions\/de\/wp-json\/wp\/v2\/product_brand?post=2296"},{"taxonomy":"product_cat","embeddable":true,"href":"https:\/\/goodbeer.solutions\/de\/wp-json\/wp\/v2\/product_cat?post=2296"},{"taxonomy":"product_tag","embeddable":true,"href":"https:\/\/goodbeer.solutions\/de\/wp-json\/wp\/v2\/product_tag?post=2296"}],"curies":[{"name":"wp","href":"https:\/\/api.w.org\/{rel}","templated":true}]}}