{"id":2302,"date":"2023-11-14T23:16:00","date_gmt":"2023-11-14T22:16:00","guid":{"rendered":"https:\/\/goodbeer.solutions\/product\/metabs-5kg\/"},"modified":"2024-07-02T10:27:24","modified_gmt":"2024-07-02T09:27:24","slug":"metabs-5kg","status":"publish","type":"product","link":"https:\/\/goodbeer.solutions\/de\/produkt\/metabs-5kg\/","title":{"rendered":"Metabs (5kg) Metabisulfit E223 von Murphy and Sons"},"content":{"rendered":"<p>Metabisulfit (Metabs) dient als vorbeugende Ma\u00dfnahme gegen biologischen Verderb und das Wachstum und die Vermehrung von Mikroorganismen. Seine antioxidativen Eigenschaften tragen zu einer erh\u00f6hten Stabilit\u00e4t und einer l\u00e4ngeren Haltbarkeit von Bier bei.<\/p>\n<p>Dar\u00fcber hinaus erweist sich Metabs als n\u00fctzlich bei der Beseitigung von freiem Chlor im Leitungswasser, das einen chlorphenolischen Fehlgeschmack im Bier verursachen kann.<\/p>\n<p>Dar\u00fcber hinaus kann Metabs verwendet werden, um die Frische von leeren F\u00e4ssern w\u00e4hrend der Lagerung zu bewahren.<\/p>\n","protected":false},"excerpt":{"rendered":"<p>Metabisulfit (Metabs) bietet eine bequeme Methode, um pr\u00e4zise Mengen an Schwefeldioxid zuzuf\u00fchren. Die Tablettenform macht das Abmessen oder Wiegen \u00fcberfl\u00fcssig, so dass es einfach anzuwenden ist.<\/p>\n","protected":false},"featured_media":1346,"template":"","meta":{"_themeisle_gutenberg_block_has_review":false},"product_brand":[],"product_cat":[308,381],"product_tag":[],"class_list":{"0":"post-2302","1":"product","2":"type-product","3":"status-publish","4":"has-post-thumbnail","6":"product_cat-brauzusaetze","7":"product_cat-konservierungsstoffe","8":"pa_brand-murphy-and-sons-de","10":"first","11":"instock","12":"taxable","13":"shipping-taxable","14":"purchasable","15":"product-type-simple"},"_links":{"self":[{"href":"https:\/\/goodbeer.solutions\/de\/wp-json\/wp\/v2\/product\/2302","targetHints":{"allow":["GET"]}}],"collection":[{"href":"https:\/\/goodbeer.solutions\/de\/wp-json\/wp\/v2\/product"}],"about":[{"href":"https:\/\/goodbeer.solutions\/de\/wp-json\/wp\/v2\/types\/product"}],"wp:featuredmedia":[{"embeddable":true,"href":"https:\/\/goodbeer.solutions\/de\/wp-json\/wp\/v2\/media\/1346"}],"wp:attachment":[{"href":"https:\/\/goodbeer.solutions\/de\/wp-json\/wp\/v2\/media?parent=2302"}],"wp:term":[{"taxonomy":"product_brand","embeddable":true,"href":"https:\/\/goodbeer.solutions\/de\/wp-json\/wp\/v2\/product_brand?post=2302"},{"taxonomy":"product_cat","embeddable":true,"href":"https:\/\/goodbeer.solutions\/de\/wp-json\/wp\/v2\/product_cat?post=2302"},{"taxonomy":"product_tag","embeddable":true,"href":"https:\/\/goodbeer.solutions\/de\/wp-json\/wp\/v2\/product_tag?post=2302"}],"curies":[{"name":"wp","href":"https:\/\/api.w.org\/{rel}","templated":true}]}}