{"id":2314,"date":"2024-01-25T11:34:41","date_gmt":"2024-01-25T10:34:41","guid":{"rendered":"https:\/\/goodbeer.solutions\/product\/cara-20-md-helles-karamellmalz\/"},"modified":"2024-10-21T12:22:58","modified_gmt":"2024-10-21T11:22:58","slug":"cara-20-md-helles-karamellmalz","status":"publish","type":"product","link":"https:\/\/goodbeer.solutions\/de\/produkt\/cara-20-md-helles-karamellmalz\/","title":{"rendered":"CARA 20 helles Karamellmalz von Dingemans"},"content":{"rendered":"<table dir=\"ltr\" style=\"height: 183px;\" border=\"1\" width=\"275\" cellspacing=\"0\" cellpadding=\"0\" data-sheets-root=\"1\">\n<colgroup>\n<col width=\"100\" \/>\n<col width=\"100\" \/><\/colgroup>\n<tbody>\n<tr>\n<td data-sheets-value=\"{\">FARBE EBC:<\/td>\n<td data-sheets-value=\"{\">20<\/td>\n<\/tr>\n<tr>\n<td data-sheets-value=\"{\">LOVIBOND:<\/td>\n<td data-sheets-value=\"{\">8<\/td>\n<\/tr>\n<tr>\n<td data-sheets-value=\"{\">GESCHMACK:<\/td>\n<td data-sheets-value=\"{\">\n<div class=\"field field-name-field-flavour field-type-text field-label-inline clearfix\">\n<div class=\"field-items\">\n<div class=\"field-item even\">Helles Karamell<\/div>\n<\/div>\n<\/div>\n<\/td>\n<\/tr>\n<tr>\n<td data-sheets-value=\"{\">ANWENDUNG:<\/td>\n<td data-sheets-value=\"{\">\n<div class=\"field-item even\">\n<div class=\"field-item even\">\n<div class=\"field-item even\">Alle Arten von Bier<\/div>\n<\/div>\n<\/div>\n<\/td>\n<\/tr>\n<tr>\n<td data-sheets-value=\"{\">Empfohlene Zugabe:<\/td>\n<td data-sheets-value=\"{\">Bis zu 30%<\/td>\n<\/tr>\n<\/tbody>\n<\/table>\n","protected":false},"excerpt":{"rendered":"<div class=\"field field-name-field-colour-ebc field-type-number-integer field-label-inline clearfix\">\n<div class=\"field-label\">\n<p>Unser Cara 20 MD ist ein zartes, leichtes Karamellmalz, das in einer R\u00f6sttrommel hergestellt wird. Der einzigartige Geschmack dieses Malzes ist das Ergebnis der Karamellisierung in Kombination mit der Trocknung bei niedriger Temperatur. Wenn Sie nur 5 % dieses Malzes in Ihr Bierrezept einarbeiten, kann dies die Schaumstabilit\u00e4t deutlich verbessern.<\/p>\n<p>Dank seiner subtilen Farbintensit\u00e4t eignet sich der Cara 20 MD sogar f\u00fcr Pilsbiere und verleiht ihnen Tiefe, Komplexit\u00e4t und eine verbesserte Schaumbildung.<\/p>\n<p>Dieses karamellisierte Malz ist so vielseitig, dass es bis zu 30% der Getreidezusammensetzung beim Brauen ausmachen kann.<\/p>\n<\/div>\n<\/div>\n","protected":false},"featured_media":1420,"template":"","meta":{"_themeisle_gutenberg_block_has_review":false},"product_brand":[],"product_cat":[369,324,367],"product_tag":[],"class_list":{"0":"post-2314","1":"product","2":"type-product","3":"status-publish","4":"has-post-thumbnail","6":"product_cat-caramelmalze","7":"product_cat-gedarrtes-malz","8":"product_cat-malz","9":"pa_brand-dingemans","10":"pa_capacity-1t-groser-beutel","11":"pa_capacity-40-x-25-kg-sacke","13":"first","14":"onbackorder","15":"taxable","16":"shipping-taxable","17":"purchasable","18":"product-type-variable"},"_links":{"self":[{"href":"https:\/\/goodbeer.solutions\/de\/wp-json\/wp\/v2\/product\/2314","targetHints":{"allow":["GET"]}}],"collection":[{"href":"https:\/\/goodbeer.solutions\/de\/wp-json\/wp\/v2\/product"}],"about":[{"href":"https:\/\/goodbeer.solutions\/de\/wp-json\/wp\/v2\/types\/product"}],"wp:featuredmedia":[{"embeddable":true,"href":"https:\/\/goodbeer.solutions\/de\/wp-json\/wp\/v2\/media\/1420"}],"wp:attachment":[{"href":"https:\/\/goodbeer.solutions\/de\/wp-json\/wp\/v2\/media?parent=2314"}],"wp:term":[{"taxonomy":"product_brand","embeddable":true,"href":"https:\/\/goodbeer.solutions\/de\/wp-json\/wp\/v2\/product_brand?post=2314"},{"taxonomy":"product_cat","embeddable":true,"href":"https:\/\/goodbeer.solutions\/de\/wp-json\/wp\/v2\/product_cat?post=2314"},{"taxonomy":"product_tag","embeddable":true,"href":"https:\/\/goodbeer.solutions\/de\/wp-json\/wp\/v2\/product_tag?post=2314"}],"curies":[{"name":"wp","href":"https:\/\/api.w.org\/{rel}","templated":true}]}}