{"id":2323,"date":"2024-01-25T10:45:48","date_gmt":"2024-01-25T09:45:48","guid":{"rendered":"https:\/\/goodbeer.solutions\/product\/amber-aromatic-md-bernsteinfarbenes-malz\/"},"modified":"2024-10-21T12:23:10","modified_gmt":"2024-10-21T11:23:10","slug":"amber-aromatic-md-bernsteinfarbenes-malz","status":"publish","type":"product","link":"https:\/\/goodbeer.solutions\/de\/produkt\/amber-aromatic-md-bernsteinfarbenes-malz\/","title":{"rendered":"AMBER \/ AROMATIC &#8211; Bernsteinfarbenes Malz von Dingemans"},"content":{"rendered":"<table dir=\"ltr\" style=\"height: 183px;\" border=\"1\" width=\"275\" cellspacing=\"0\" cellpadding=\"0\" data-sheets-root=\"1\">\n<colgroup>\n<col width=\"100\" \/>\n<col width=\"100\" \/><\/colgroup>\n<tbody>\n<tr>\n<td data-sheets-value=\"{\">FARBE EBC:<\/td>\n<td data-sheets-value=\"{\">50<\/td>\n<\/tr>\n<tr>\n<td data-sheets-value=\"{\">LOVIBOND:<\/td>\n<td data-sheets-value=\"{\">20<\/td>\n<\/tr>\n<tr>\n<td data-sheets-value=\"{\">GESCHMACK:<\/td>\n<td data-sheets-value=\"{\">Sehr stark malzig<\/td>\n<\/tr>\n<tr>\n<td data-sheets-value=\"{\">ANWENDUNG:<\/td>\n<td data-sheets-value=\"{\">\n<div class=\"field-item even\">Stout<\/div>\n<div class=\"field-item odd\">Belgische Spezialit\u00e4t<\/div>\n<div class=\"field-item even\">Porter<\/div>\n<div class=\"field-item odd\">Barleywine<\/div>\n<div class=\"field-item even\">Flemish Old Brown<\/div>\n<div class=\"field-item odd\">Dunkles Ale<\/div>\n<div class=\"field-item even\">Belgischer Quadrupel<\/div>\n<div class=\"field-item odd\">Belgisch Braun<\/div>\n<\/td>\n<\/tr>\n<tr>\n<td data-sheets-value=\"{\">Empfohlene Zugabe:<\/td>\n<td data-sheets-value=\"{\">Bis zu 30%<\/td>\n<\/tr>\n<\/tbody>\n<\/table>\n","protected":false},"excerpt":{"rendered":"<div class=\"field field-name-field-colour-ebc field-type-number-integer field-label-inline clearfix\">\n<div class=\"field-label\">\n<p>Unser Amber &#8211; Aromatic\u00ae MD Malz wird einem kr\u00e4ftigen Keimungsprozess unterzogen, gefolgt von einer Darrung bei erh\u00f6hten Temperaturen. Diese Technik f\u00fchrt zu zahlreichen Maillard-Reaktionen w\u00e4hrend der Malzproduktion, die dem Malz ein kr\u00e4ftiges Aroma verleihen. Au\u00dferdem verleiht er dem Bier einen deutlichen Rotstich.<\/p>\n<p>Au\u00dferdem verbessert dieses Bernsteinmalz die Schaumstabilit\u00e4t des Bieres.<\/p>\n<p>Das bernsteinfarbene\/aromatische MD-Malz, das f\u00fcr seine geringe enzymatische Aktivit\u00e4t bekannt ist, kann bis zu 30% der gesamten Getreidemischung ausmachen.<\/p>\n<\/div>\n<\/div>\n","protected":false},"featured_media":1412,"template":"","meta":{"_themeisle_gutenberg_block_has_review":false},"product_brand":[],"product_cat":[324,367],"product_tag":[],"class_list":{"0":"post-2323","1":"product","2":"type-product","3":"status-publish","4":"has-post-thumbnail","6":"product_cat-gedarrtes-malz","7":"product_cat-malz","8":"pa_brand-dingemans","9":"pa_capacity-1t-groser-beutel","10":"pa_capacity-40-x-25-kg-sacke","12":"first","13":"onbackorder","14":"taxable","15":"shipping-taxable","16":"purchasable","17":"product-type-variable"},"_links":{"self":[{"href":"https:\/\/goodbeer.solutions\/de\/wp-json\/wp\/v2\/product\/2323","targetHints":{"allow":["GET"]}}],"collection":[{"href":"https:\/\/goodbeer.solutions\/de\/wp-json\/wp\/v2\/product"}],"about":[{"href":"https:\/\/goodbeer.solutions\/de\/wp-json\/wp\/v2\/types\/product"}],"wp:featuredmedia":[{"embeddable":true,"href":"https:\/\/goodbeer.solutions\/de\/wp-json\/wp\/v2\/media\/1412"}],"wp:attachment":[{"href":"https:\/\/goodbeer.solutions\/de\/wp-json\/wp\/v2\/media?parent=2323"}],"wp:term":[{"taxonomy":"product_brand","embeddable":true,"href":"https:\/\/goodbeer.solutions\/de\/wp-json\/wp\/v2\/product_brand?post=2323"},{"taxonomy":"product_cat","embeddable":true,"href":"https:\/\/goodbeer.solutions\/de\/wp-json\/wp\/v2\/product_cat?post=2323"},{"taxonomy":"product_tag","embeddable":true,"href":"https:\/\/goodbeer.solutions\/de\/wp-json\/wp\/v2\/product_tag?post=2323"}],"curies":[{"name":"wp","href":"https:\/\/api.w.org\/{rel}","templated":true}]}}