{"id":2326,"date":"2024-01-19T15:47:21","date_gmt":"2024-01-19T14:47:21","guid":{"rendered":"https:\/\/goodbeer.solutions\/product\/wildbrew-sour-pitch-250g-trockenbakterien\/"},"modified":"2024-07-02T10:27:23","modified_gmt":"2024-07-02T09:27:23","slug":"wildbrew-sour-pitch-250g-trockenbakterien","status":"publish","type":"product","link":"https:\/\/goodbeer.solutions\/de\/produkt\/wildbrew-sour-pitch-250g-trockenbakterien\/","title":{"rendered":"Lallemand WildBrew Sour Pitch 250g &#8211; Trockenbakterienpack"},"content":{"rendered":"<table dir=\"ltr\" border=\"1\" cellspacing=\"0\" cellpadding=\"0\" data-sheets-root=\"1\">\n<colgroup>\n<col width=\"153\" \/>\n<col width=\"391\" \/><\/colgroup>\n<tbody>\n<tr>\n<td data-sheets-value=\"{\">St\u00e4mme<\/td>\n<td data-sheets-value=\"{\">Lactiplantibacillus plantarum<\/td>\n<\/tr>\n<tr>\n<td data-sheets-value=\"{\">Temperaturbereich<\/td>\n<td data-sheets-value=\"{\">30 &#8211; 40\u00b0C (86 &#8211; 104\u00b0F)<\/td>\n<\/tr>\n<tr>\n<td data-sheets-value=\"{\">Aroma<\/td>\n<td data-sheets-value=\"{\">Starke Zitrusfr\u00fcchte, spritzig, sauer<\/td>\n<\/tr>\n<tr>\n<td data-sheets-value=\"{\">Rate der Inokulation<\/td>\n<td data-sheets-value=\"{\">10g\/hL<\/td>\n<\/tr>\n<tr>\n<td data-sheets-value=\"{\">pH-Bereich<\/td>\n<td data-sheets-value=\"{\">3.2 &#8211; 3.5<\/td>\n<\/tr>\n<tr>\n<td data-sheets-value=\"{\">Hopfen-Toleranz<\/td>\n<td data-sheets-value=\"{\">Alphas\u00e4ure: 4 ppm (IBU) &#8211; Betas\u00e4ure: 8 ppm<\/td>\n<\/tr>\n<tr>\n<td><\/td>\n<td data-sheets-value=\"{\">12% ABV<\/td>\n<\/tr>\n<\/tbody>\n<\/table>\n","protected":false},"excerpt":{"rendered":"<div class=\"flex-1 overflow-hidden\">\n<div class=\"react-scroll-to-bottom--css-ircrb-79elbk h-full\">\n<div class=\"react-scroll-to-bottom--css-ircrb-1n7m0yu\">\n<div class=\"flex flex-col pb-9 text-sm\">\n<div class=\"w-full text-token-text-primary\" data-testid=\"conversation-turn-3\">\n<div class=\"px-4 py-2 justify-center text-base md:gap-6 m-auto\">\n<div class=\"flex flex-1 text-base mx-auto gap-3 md:px-5 lg:px-1 xl:px-5 md:max-w-3xl lg:max-w-[40rem] xl:max-w-[48rem] group final-completion\">\n<div class=\"relative flex w-full flex-col agent-turn\">\n<div class=\"flex-col gap-1 md:gap-3\">\n<div class=\"flex flex-grow flex-col max-w-full\">\n<div class=\"min-h-[20px] text-message flex flex-col items-start gap-3 whitespace-pre-wrap break-words [.text-message+&amp;]:mt-5 overflow-x-auto\" data-message-author-role=\"assistant\" data-message-id=\"d7791ca2-081c-45a3-86d9-aa6a36caced3\">\n<div class=\"markdown prose w-full break-words dark:prose-invert light\">\n<p>WildBrew Sour Pitch\u2122 zeichnet sich als erstklassige, hochwertige Milchs\u00e4urebakterien aus, die sorgf\u00e4ltig f\u00fcr die Herstellung einer breiten Palette von Sauerbiersorten ausgew\u00e4hlt wurden. Dieses Produkt ist daf\u00fcr bekannt, einen knackigen, abgerundeten Zitrusgeschmack zu erzeugen, der sowohl f\u00fcr klassische als auch moderne Sauerbierstile typisch ist. Bei richtiger Beimpfung unter idealen Temperaturen und Bedingungen bietet WildBrew Sour Pitch\u2122 eine robuste, zuverl\u00e4ssige und unkomplizierte L\u00f6sung f\u00fcr den Einsatz von Bakterien bei verschiedenen S\u00e4uerungsmethoden, wie z.B. der \u00fcblichen Kettle-Souring-Technik. Es bietet nicht nur eine bemerkenswerte Leistung, sondern WildBrew Sour Pitch\u2122\u00a0 von Lallemand sorgt auch f\u00fcr konsistente Ergebnisse bei den Brauern.<\/p>\n<p>Die Vielseitigkeit dieses Bakteriums zeigt sich in den verschiedenen Bierstilen, die damit hergestellt werden k\u00f6nnen, einschlie\u00dflich, aber nicht beschr\u00e4nkt auf Berliner Weisse, Gose, Lambic, American Wild und Sour IPA, was es zur ersten Wahl f\u00fcr Brauer macht, die das Spektrum der sauren Biere erkunden wollen.<\/p>\n<\/div>\n<\/div>\n<\/div>\n<div class=\"mt-1 flex justify-start gap-3 empty:hidden\">\n<div class=\"text-gray-400 flex self-end lg:self-center justify-center lg:justify-start mt-0 -ml-1 visible\">\n<p>&nbsp;<\/p>\n<div class=\"flex items-center gap-1.5 text-xs\"><\/div>\n<div class=\"flex\"><\/div>\n<\/div>\n<\/div>\n<\/div>\n<div class=\"absolute\">\n<div class=\"flex w-full gap-2 items-center justify-center\"><\/div>\n<\/div>\n<\/div>\n<\/div>\n<\/div>\n<\/div>\n<\/div>\n<\/div>\n<\/div>\n<\/div>\n<div class=\"w-full pt-2 md:pt-0 dark:border-white\/20 md:border-transparent md:dark:border-transparent md:w-[calc(100%-.5rem)]\">\n<form class=\"stretch mx-2 flex flex-row gap-3 last:mb-2 md:mx-4 md:last:mb-6 lg:mx-auto lg:max-w-2xl xl:max-w-3xl\">\n<div class=\"relative flex h-full flex-1 items-stretch md:flex-col\">\n<div class=\"flex w-full items-center\">\n<div class=\"overflow-hidden [&amp;:has(textarea:focus)]:border-token-border-xheavy [&amp;:has(textarea:focus)]:shadow-[0_2px_6px_rgba(0,0,0,.05)] flex flex-col w-full dark:border-token-border-heavy flex-grow relative border border-token-border-heavy dark:text-white rounded-2xl bg-token-main-surface-primary\">\n<div data-grammarly-part=\"button\">\n<div>\n<div>\n<div class=\"amkYk\">\n<div>\n<div class=\"ptGJG\"><\/div>\n<\/div>\n<\/div>\n<\/div>\n<\/div>\n<\/div>\n<\/div>\n<\/div>\n<\/div>\n<\/form>\n<\/div>\n","protected":false},"featured_media":1932,"template":"","meta":{"_themeisle_gutenberg_block_has_review":false},"product_brand":[],"product_cat":[485,365],"product_tag":[],"class_list":{"0":"post-2326","1":"product","2":"type-product","3":"status-publish","4":"has-post-thumbnail","6":"product_cat-bacteria-de-hefe","7":"product_cat-hefe","8":"product_shipping_class-planzer-de","9":"pa_brand-lallemand","11":"first","12":"instock","13":"taxable","14":"shipping-taxable","15":"purchasable","16":"product-type-simple"},"_links":{"self":[{"href":"https:\/\/goodbeer.solutions\/de\/wp-json\/wp\/v2\/product\/2326","targetHints":{"allow":["GET"]}}],"collection":[{"href":"https:\/\/goodbeer.solutions\/de\/wp-json\/wp\/v2\/product"}],"about":[{"href":"https:\/\/goodbeer.solutions\/de\/wp-json\/wp\/v2\/types\/product"}],"wp:featuredmedia":[{"embeddable":true,"href":"https:\/\/goodbeer.solutions\/de\/wp-json\/wp\/v2\/media\/1932"}],"wp:attachment":[{"href":"https:\/\/goodbeer.solutions\/de\/wp-json\/wp\/v2\/media?parent=2326"}],"wp:term":[{"taxonomy":"product_brand","embeddable":true,"href":"https:\/\/goodbeer.solutions\/de\/wp-json\/wp\/v2\/product_brand?post=2326"},{"taxonomy":"product_cat","embeddable":true,"href":"https:\/\/goodbeer.solutions\/de\/wp-json\/wp\/v2\/product_cat?post=2326"},{"taxonomy":"product_tag","embeddable":true,"href":"https:\/\/goodbeer.solutions\/de\/wp-json\/wp\/v2\/product_tag?post=2326"}],"curies":[{"name":"wp","href":"https:\/\/api.w.org\/{rel}","templated":true}]}}