{"id":2328,"date":"2024-01-18T16:06:17","date_gmt":"2024-01-18T15:06:17","guid":{"rendered":"https:\/\/goodbeer.solutions\/product\/lallemand-bry-97-west-coast-500g-trockenhefe-packung\/"},"modified":"2024-07-02T10:26:47","modified_gmt":"2024-07-02T09:26:47","slug":"lallemand-bry-97-west-coast-500g-trockenhefe-packung","status":"publish","type":"product","link":"https:\/\/goodbeer.solutions\/de\/produkt\/lallemand-bry-97-west-coast-500g-trockenhefe-packung\/","title":{"rendered":"Lallemand Lalbrew BRY-97 West Coast 500g &#8211; Trockenhefepack"},"content":{"rendered":"<table dir=\"ltr\" border=\"1\" cellspacing=\"0\" cellpadding=\"0\" data-sheets-root=\"1\">\n<colgroup>\n<col width=\"153\" \/>\n<col width=\"391\" \/><\/colgroup>\n<tbody>\n<tr>\n<td data-sheets-value=\"{\">St\u00e4mme<\/td>\n<td data-sheets-value=\"{\">Saccharomyces cerevisiae<\/td>\n<\/tr>\n<tr>\n<td data-sheets-value=\"{\">Bierstile<\/td>\n<td data-sheets-value=\"{\">\n<div>\n<div>Strong Scotch Ale, Session IPA, Scottish Ale, Russian Imperial Stout, Roggen\/Rye, Old Ale, Oatmeal Stout, Kolsch, Irish Red Ale, Imperial IPA, Foreign Extra Stout, Extra Special Bitter, Dusseldorf Altbier, Dry Stout, Cream Ale, Blonde Ale, Belgian Blonde Ale, American Wheat, American Stout, American Pale Ale, American IPA, American Brown Ale, American Barleywine, American Amber Ale<\/div>\n<\/div>\n<\/td>\n<\/tr>\n<tr>\n<td data-sheets-value=\"{\">Abschw\u00e4chung<\/td>\n<td data-sheets-value=\"{\">78-84<\/td>\n<\/tr>\n<tr>\n<td data-sheets-value=\"{\">Temperaturbereich<\/td>\n<td data-sheets-value=\"{\">15 &#8211; 22\u00b0C (59 &#8211; 72\u00b0F)<\/td>\n<\/tr>\n<tr>\n<td data-sheets-value=\"{\">Flockung<\/td>\n<td data-sheets-value=\"{\">Hoch<\/td>\n<\/tr>\n<tr>\n<td data-sheets-value=\"{\">Aroma<\/td>\n<td data-sheets-value=\"{\">Neutral mit leichtem Ester<\/td>\n<\/tr>\n<tr>\n<td data-sheets-value=\"{\">Alkoholtoleranz<\/td>\n<td data-sheets-value=\"{\">13% ABV<\/td>\n<\/tr>\n<tr>\n<td data-sheets-value=\"{\">Pitching Rate<\/td>\n<td data-sheets-value=\"{\">50 &#8211; 100g\/hL<\/td>\n<\/tr>\n<tr>\n<td><\/td>\n<td><\/td>\n<\/tr>\n<\/tbody>\n<\/table>\n","protected":false},"excerpt":{"rendered":"<p>LalBrew BRY-97\u2122 ist eine amerikanische Ale-Hefe im Westk\u00fcsten-Stil, die aus der Kulturkollektion des Siebel-Instituts ausgew\u00e4hlt wurde, weil sie saubere G\u00e4rungen f\u00fcr qualitativ hochwertige Ales erm\u00f6glicht. LalBrew BRY-97\u2122 ist ein neutraler und stark abschw\u00e4chender Stamm mit einer hohen Flockungsf\u00e4higkeit, der f\u00fcr die Herstellung einer Vielzahl von Bieren im amerikanischen Stil verwendet werden kann. Durch die Expression eines \u03b2-Glucosidase-Enzyms kann LalBrew BRY-97\u2122 die Biotransformation des Hopfens f\u00f6rdern und den Hopfengeschmack und das Hopfenaroma betonen. Zu den traditionellen Ales, die mit LalBrew BRY-97\u2122 hergestellt werden, geh\u00f6ren unter anderem American Pale Ale, American Amber, American Brown, American IPA, Imperial IPA, American Stout, Cream Ale, American Wheat, Scotch Ale, Russian Imperial Stout, Roggen\/Rye, Old Ale und American Barleywine.<\/p>\n","protected":false},"featured_media":1560,"template":"","meta":{"_themeisle_gutenberg_block_has_review":false},"product_brand":[],"product_cat":[479,365],"product_tag":[],"class_list":{"0":"post-2328","1":"product","2":"type-product","3":"status-publish","4":"has-post-thumbnail","6":"product_cat-ale-de","7":"product_cat-hefe","8":"product_shipping_class-planzer-de","9":"pa_brand-lallemand","11":"first","12":"instock","13":"sale","14":"taxable","15":"shipping-taxable","16":"purchasable","17":"product-type-simple"},"_links":{"self":[{"href":"https:\/\/goodbeer.solutions\/de\/wp-json\/wp\/v2\/product\/2328","targetHints":{"allow":["GET"]}}],"collection":[{"href":"https:\/\/goodbeer.solutions\/de\/wp-json\/wp\/v2\/product"}],"about":[{"href":"https:\/\/goodbeer.solutions\/de\/wp-json\/wp\/v2\/types\/product"}],"wp:featuredmedia":[{"embeddable":true,"href":"https:\/\/goodbeer.solutions\/de\/wp-json\/wp\/v2\/media\/1560"}],"wp:attachment":[{"href":"https:\/\/goodbeer.solutions\/de\/wp-json\/wp\/v2\/media?parent=2328"}],"wp:term":[{"taxonomy":"product_brand","embeddable":true,"href":"https:\/\/goodbeer.solutions\/de\/wp-json\/wp\/v2\/product_brand?post=2328"},{"taxonomy":"product_cat","embeddable":true,"href":"https:\/\/goodbeer.solutions\/de\/wp-json\/wp\/v2\/product_cat?post=2328"},{"taxonomy":"product_tag","embeddable":true,"href":"https:\/\/goodbeer.solutions\/de\/wp-json\/wp\/v2\/product_tag?post=2328"}],"curies":[{"name":"wp","href":"https:\/\/api.w.org\/{rel}","templated":true}]}}