{"id":2329,"date":"2024-01-19T14:35:01","date_gmt":"2024-01-19T13:35:01","guid":{"rendered":"https:\/\/goodbeer.solutions\/product\/lallemand-new-england-500g-trockenhefe\/"},"modified":"2024-07-02T10:27:06","modified_gmt":"2024-07-02T09:27:06","slug":"lallemand-new-england-500g-trockenhefe","status":"publish","type":"product","link":"https:\/\/goodbeer.solutions\/de\/produkt\/lallemand-new-england-500g-trockenhefe\/","title":{"rendered":"Lallemand Lalbrew New England 500g &#8211; Trockenhefepack"},"content":{"rendered":"<table dir=\"ltr\" border=\"1\" cellspacing=\"0\" cellpadding=\"0\" data-sheets-root=\"1\">\n<colgroup>\n<col width=\"153\" \/>\n<col width=\"391\" \/><\/colgroup>\n<tbody>\n<tr>\n<td data-sheets-value=\"{\">St\u00e4mme<\/td>\n<td data-sheets-value=\"{\">Saccharomyces cerevisiae<\/td>\n<\/tr>\n<tr>\n<td data-sheets-value=\"{\">Bierstile<\/td>\n<td data-sheets-value=\"{\">\n<div>\n<div>Altbier, American Wheat, Blonde Ale, Brown Porter, Cream Ale, English Brown Ale, English IPA, Extra Special Bitter, Irish Red Ale, Mild, New England IPA, New England Pale Ale, Old Ale, Special\/Best Bitter, Sweet Stout<\/div>\n<\/div>\n<\/td>\n<\/tr>\n<tr>\n<td data-sheets-value=\"{\">Abschw\u00e4chung<\/td>\n<td data-sheets-value=\"{\">78-83<\/td>\n<\/tr>\n<tr>\n<td data-sheets-value=\"{\">Temperaturbereich<\/td>\n<td data-sheets-value=\"{\">18 &#8211; 25\u00b0C (64 &#8211; 77\u00b0F)<\/td>\n<\/tr>\n<tr>\n<td data-sheets-value=\"{\">Flockung<\/td>\n<td data-sheets-value=\"{\">Medium<\/td>\n<\/tr>\n<tr>\n<td data-sheets-value=\"{\">Aroma<\/td>\n<td data-sheets-value=\"{\">Fruchtig, insbesondere tropische Fr\u00fcchte und Steinobst<\/td>\n<\/tr>\n<tr>\n<td data-sheets-value=\"{\">Alkoholtoleranz<\/td>\n<td data-sheets-value=\"{\">9% ABV<\/td>\n<\/tr>\n<tr>\n<td data-sheets-value=\"{\">Pitching Rate<\/td>\n<td data-sheets-value=\"{\">100 &#8211; 200g\/hL<\/td>\n<\/tr>\n<\/tbody>\n<\/table>\n","protected":false},"excerpt":{"rendered":"<p><span style=\"font-weight: 400;\">LalBrew New England\u2122 ist ein Ale-Stamm, der sorgf\u00e4ltig f\u00fcr seine F\u00e4higkeit ausgew\u00e4hlt wurde, ein einzigartiges, fruchtbetontes Esterprofil zu erzeugen, das in Bierstilen der Ostk\u00fcste sehr gefragt ist. Eine typische G\u00e4rung mit LalBrew New England\u2122 f\u00fchrt zu tropischen und fruchtigen Estern, die vor allem Steinobstnoten wie Pfirsich aufweisen. Durch die Expression eines \u03b2-Glucosidase-Enzyms verbessert LalBrew New England\u2122 die Biotransformation von Hopfen, wodurch Hopfengeschmack und -aroma hervorgehoben werden. LalBrew New England\u2122 zeichnet sich durch eine mittlere bis hohe Attenuierung und eine mittlere Flockung aus, was es zu einer idealen Wahl f\u00fcr Ales im Ostk\u00fcsten-Stil macht.<\/span><\/p>\n","protected":false},"featured_media":1568,"template":"","meta":{"_themeisle_gutenberg_block_has_review":false},"product_brand":[],"product_cat":[479,365],"product_tag":[],"class_list":{"0":"post-2329","1":"product","2":"type-product","3":"status-publish","4":"has-post-thumbnail","6":"product_cat-ale-de","7":"product_cat-hefe","8":"product_shipping_class-planzer-de","9":"pa_brand-lallemand","11":"first","12":"instock","13":"taxable","14":"shipping-taxable","15":"purchasable","16":"product-type-simple"},"_links":{"self":[{"href":"https:\/\/goodbeer.solutions\/de\/wp-json\/wp\/v2\/product\/2329","targetHints":{"allow":["GET"]}}],"collection":[{"href":"https:\/\/goodbeer.solutions\/de\/wp-json\/wp\/v2\/product"}],"about":[{"href":"https:\/\/goodbeer.solutions\/de\/wp-json\/wp\/v2\/types\/product"}],"wp:featuredmedia":[{"embeddable":true,"href":"https:\/\/goodbeer.solutions\/de\/wp-json\/wp\/v2\/media\/1568"}],"wp:attachment":[{"href":"https:\/\/goodbeer.solutions\/de\/wp-json\/wp\/v2\/media?parent=2329"}],"wp:term":[{"taxonomy":"product_brand","embeddable":true,"href":"https:\/\/goodbeer.solutions\/de\/wp-json\/wp\/v2\/product_brand?post=2329"},{"taxonomy":"product_cat","embeddable":true,"href":"https:\/\/goodbeer.solutions\/de\/wp-json\/wp\/v2\/product_cat?post=2329"},{"taxonomy":"product_tag","embeddable":true,"href":"https:\/\/goodbeer.solutions\/de\/wp-json\/wp\/v2\/product_tag?post=2329"}],"curies":[{"name":"wp","href":"https:\/\/api.w.org\/{rel}","templated":true}]}}