{"id":2330,"date":"2023-11-14T23:16:00","date_gmt":"2023-11-14T22:16:00","guid":{"rendered":"https:\/\/goodbeer.solutions\/product\/magnesium-sulfat-25kg\/"},"modified":"2024-07-02T10:27:23","modified_gmt":"2024-07-02T09:27:23","slug":"magnesium-sulfat-25kg","status":"publish","type":"product","link":"https:\/\/goodbeer.solutions\/de\/produkt\/magnesium-sulfat-25kg\/","title":{"rendered":"Magnesiumsulfat 25kg &#8211; Brausalz f\u00fcr Brauereien"},"content":{"rendered":"<p>Magnesiumsulfat wird in unterschiedlichen Mengen zugesetzt, je nach Zusammensetzung Ihres Wassers.<\/p>\n","protected":false},"excerpt":{"rendered":"<p>Magnesiumsulfat wird dem Brauwasser zugesetzt, um die Qualit\u00e4t des Getr\u00e4nks zu verbessern und den S\u00e4uregehalt zu erh\u00f6hen.<\/p>\n","protected":false},"featured_media":1344,"template":"","meta":{"_themeisle_gutenberg_block_has_review":false},"product_brand":[],"product_cat":[308,373],"product_tag":[],"class_list":{"0":"post-2330","1":"product","2":"type-product","3":"status-publish","4":"has-post-thumbnail","6":"product_cat-brauzusaetze","7":"product_cat-wasseraufbereitung","8":"pa_brand-murphy-and-sons-de","10":"first","11":"onbackorder","12":"taxable","13":"shipping-taxable","14":"purchasable","15":"product-type-simple"},"_links":{"self":[{"href":"https:\/\/goodbeer.solutions\/de\/wp-json\/wp\/v2\/product\/2330","targetHints":{"allow":["GET"]}}],"collection":[{"href":"https:\/\/goodbeer.solutions\/de\/wp-json\/wp\/v2\/product"}],"about":[{"href":"https:\/\/goodbeer.solutions\/de\/wp-json\/wp\/v2\/types\/product"}],"wp:featuredmedia":[{"embeddable":true,"href":"https:\/\/goodbeer.solutions\/de\/wp-json\/wp\/v2\/media\/1344"}],"wp:attachment":[{"href":"https:\/\/goodbeer.solutions\/de\/wp-json\/wp\/v2\/media?parent=2330"}],"wp:term":[{"taxonomy":"product_brand","embeddable":true,"href":"https:\/\/goodbeer.solutions\/de\/wp-json\/wp\/v2\/product_brand?post=2330"},{"taxonomy":"product_cat","embeddable":true,"href":"https:\/\/goodbeer.solutions\/de\/wp-json\/wp\/v2\/product_cat?post=2330"},{"taxonomy":"product_tag","embeddable":true,"href":"https:\/\/goodbeer.solutions\/de\/wp-json\/wp\/v2\/product_tag?post=2330"}],"curies":[{"name":"wp","href":"https:\/\/api.w.org\/{rel}","templated":true}]}}