{"id":2331,"date":"2024-01-19T15:38:36","date_gmt":"2024-01-19T14:38:36","guid":{"rendered":"https:\/\/goodbeer.solutions\/product\/lallemand-windsor-500g-trockenhefe\/"},"modified":"2024-07-02T10:27:23","modified_gmt":"2024-07-02T09:27:23","slug":"lallemand-windsor-500g-trockenhefe","status":"publish","type":"product","link":"https:\/\/goodbeer.solutions\/de\/produkt\/lallemand-windsor-500g-trockenhefe\/","title":{"rendered":"Lallemand Lalbrew Windsor 500g &#8211; Trockenhefepack"},"content":{"rendered":"<table dir=\"ltr\" border=\"1\" cellspacing=\"0\" cellpadding=\"0\" data-sheets-root=\"1\">\n<colgroup>\n<col width=\"153\" \/>\n<col width=\"391\" \/><\/colgroup>\n<tbody>\n<tr>\n<td data-sheets-value=\"{\">St\u00e4mme<\/td>\n<td data-sheets-value=\"{\">Saccharomyces cerevisiae<\/td>\n<\/tr>\n<tr>\n<td data-sheets-value=\"{\">Bierstile<\/td>\n<td data-sheets-value=\"{\">\n<div>\n<div>Altbier, American Wheat, Baltic Porter, Blonde Ale, Brown Porter, Cream Ale, English Brown Ale, English IPA, Extra Special Bitter, Irish Red Ale, Mild, New England IPA, New England Pale Ale, Oatmeal Stout, Old Ale, Ordinary Bitter, Robust Porter, Scottish Ale, Special\/Best Bitter, Sweet Stout<\/div>\n<\/div>\n<\/td>\n<\/tr>\n<tr>\n<td data-sheets-value=\"{\">Abschw\u00e4chung<\/td>\n<td data-sheets-value=\"{\">65-72<\/td>\n<\/tr>\n<tr>\n<td data-sheets-value=\"{\">Temperaturbereich<\/td>\n<td data-sheets-value=\"{\">15 &#8211; 25\u00b0C (59 &#8211; 77\u00b0F)<\/td>\n<\/tr>\n<tr>\n<td data-sheets-value=\"{\">Flockung<\/td>\n<td data-sheets-value=\"{\">Niedrig<\/td>\n<\/tr>\n<tr>\n<td data-sheets-value=\"{\">Aroma<\/td>\n<td data-sheets-value=\"{\">Fruchtig, erdig<\/td>\n<\/tr>\n<tr>\n<td data-sheets-value=\"{\">Alkoholtoleranz<\/td>\n<td data-sheets-value=\"{\">12% ABV<\/td>\n<\/tr>\n<tr>\n<td data-sheets-value=\"{\">Pitching Rate<\/td>\n<td data-sheets-value=\"{\">50 &#8211; 100g\/hL<\/td>\n<\/tr>\n<tr>\n<td><\/td>\n<td><\/td>\n<\/tr>\n<\/tbody>\n<\/table>\n","protected":false},"excerpt":{"rendered":"<p><span style=\"font-weight: 400;\">LalBrew Windsor\u2122 ist ein echter englischer Ale-Stamm, der f\u00fcr sein ausgewogenes, fruchtiges Aroma und seine geringere D\u00e4mpfung bekannt ist, da er keine Maltotriose verstoffwechseln kann. Die mit LalBrew Windsor\u2122 hergestellten Biere wurden bei der Gr\u00fcndung von Lallemand Brewing im Jahr 1992 aus der Lallemand Hefekulturensammlung ausgew\u00e4hlt und sind f\u00fcr ihren vollmundigen, fruchtigen englischen Ale-Charakter bekannt. LalBrew Windsor\u2122 weist durchweg einen moderaten Alkoholgehalt und ausgewogene Geschmacks- und Aromaeigenschaften auf, die den besten traditionellen englischen Ales \u00e4hneln. Zu den traditionellen Stilen, die durch diese Hefe zum Leben erweckt werden, geh\u00f6ren unter anderem Milds, Bitters, Irish Reds, English Brown Ales, Porters und Sweet Stouts.<\/span><\/p>\n","protected":false},"featured_media":1578,"template":"","meta":{"_themeisle_gutenberg_block_has_review":false},"product_brand":[],"product_cat":[479,365],"product_tag":[],"class_list":{"0":"post-2331","1":"product","2":"type-product","3":"status-publish","4":"has-post-thumbnail","6":"product_cat-ale-de","7":"product_cat-hefe","8":"product_shipping_class-planzer-de","9":"pa_brand-lallemand","11":"first","12":"instock","13":"taxable","14":"shipping-taxable","15":"purchasable","16":"product-type-simple"},"_links":{"self":[{"href":"https:\/\/goodbeer.solutions\/de\/wp-json\/wp\/v2\/product\/2331","targetHints":{"allow":["GET"]}}],"collection":[{"href":"https:\/\/goodbeer.solutions\/de\/wp-json\/wp\/v2\/product"}],"about":[{"href":"https:\/\/goodbeer.solutions\/de\/wp-json\/wp\/v2\/types\/product"}],"wp:featuredmedia":[{"embeddable":true,"href":"https:\/\/goodbeer.solutions\/de\/wp-json\/wp\/v2\/media\/1578"}],"wp:attachment":[{"href":"https:\/\/goodbeer.solutions\/de\/wp-json\/wp\/v2\/media?parent=2331"}],"wp:term":[{"taxonomy":"product_brand","embeddable":true,"href":"https:\/\/goodbeer.solutions\/de\/wp-json\/wp\/v2\/product_brand?post=2331"},{"taxonomy":"product_cat","embeddable":true,"href":"https:\/\/goodbeer.solutions\/de\/wp-json\/wp\/v2\/product_cat?post=2331"},{"taxonomy":"product_tag","embeddable":true,"href":"https:\/\/goodbeer.solutions\/de\/wp-json\/wp\/v2\/product_tag?post=2331"}],"curies":[{"name":"wp","href":"https:\/\/api.w.org\/{rel}","templated":true}]}}