{"id":2333,"date":"2024-01-19T15:35:00","date_gmt":"2024-01-19T14:35:00","guid":{"rendered":"https:\/\/goodbeer.solutions\/product\/lallemand-verdant-ipa-500g-trockenhefe\/"},"modified":"2024-09-05T11:21:33","modified_gmt":"2024-09-05T10:21:33","slug":"lallemand-lalbrew-verdant-ipa-neipa","status":"publish","type":"product","link":"https:\/\/goodbeer.solutions\/de\/produkt\/lallemand-lalbrew-verdant-ipa-neipa\/","title":{"rendered":"Lallemand Lalbrew Verdant IPA 500g &#8211; NEIPA hefe"},"content":{"rendered":"<h1>Lalbrew Verdant IPA hefe<\/h1>\n<table dir=\"ltr\" border=\"1\" cellspacing=\"0\" cellpadding=\"0\" data-sheets-root=\"1\">\n<colgroup>\n<col width=\"153\" \/>\n<col width=\"391\" \/><\/colgroup>\n<tbody>\n<tr>\n<td data-sheets-value=\"{\">St\u00e4mme<\/td>\n<td data-sheets-value=\"{\">Saccharomyces cerevisiae<\/td>\n<\/tr>\n<tr>\n<td data-sheets-value=\"{\">Bierstile<\/td>\n<td data-sheets-value=\"{\">\n<div>\n<div>American Amber Ale, American IPA, American Pale Ale, American Stout, Berliner Weiss, Blonde Ale, Cream Ale, English Barleywine, English Brown Ale, English IPA, Extra Special Bitter, Gose, Imperial IPA, Irish Red Ale, Mild, New England IPA, New England Pale Ale, Oatmeal Stout, Old Ale, Ordinary Bitter, Scottish Ale, Session IPA, Special\/Best Bitter, Strong Scotch Ale, Sweet Stout<\/div>\n<\/div>\n<\/td>\n<\/tr>\n<tr>\n<td data-sheets-value=\"{\">Abschw\u00e4chung<\/td>\n<td data-sheets-value=\"{\">75-82<\/td>\n<\/tr>\n<tr>\n<td data-sheets-value=\"{\">Temperaturbereich<\/td>\n<td data-sheets-value=\"{\">18 &#8211; 25\u00b0C (64 &#8211; 77\u00b0F)<\/td>\n<\/tr>\n<tr>\n<td data-sheets-value=\"{\">Flockung<\/td>\n<td data-sheets-value=\"{\">Medium<\/td>\n<\/tr>\n<tr>\n<td data-sheets-value=\"{\">Aroma<\/td>\n<td data-sheets-value=\"{\">Aprikose mit Noten von tropischen Fr\u00fcchten und Zitrusfr\u00fcchten<\/td>\n<\/tr>\n<tr>\n<td data-sheets-value=\"{\">Alkoholtoleranz<\/td>\n<td data-sheets-value=\"{\">12% ABV<\/td>\n<\/tr>\n<tr>\n<td data-sheets-value=\"{\">Pitching Rate<\/td>\n<td data-sheets-value=\"{\">50 &#8211; 100g\/hL<\/td>\n<\/tr>\n<\/tbody>\n<\/table>\n","protected":false},"excerpt":{"rendered":"<p><span style=\"font-weight: 400;\">LalBrew Verdant IPA\u2122 von Lallemand wurde in Zusammenarbeit mit Verdant Brewing Co. (UK) sorgf\u00e4ltig ausgew\u00e4hlt, weil es eine Vielzahl von hopfenbetonten und malzigen Bieren hervorbringen kann. Ausgepr\u00e4gte Aprikosennoten verschmelzen nahtlos mit Untert\u00f6nen von tropischen Fr\u00fcchten und Zitrusfr\u00fcchten und harmonieren perfekt mit den Hopfenaromen. Mit einer mittelhohen D\u00e4mpfung hinterl\u00e4sst LalBrew Verdant IPA\u2122 ein weiches und ausgewogenes Malzprofil und bietet etwas mehr K\u00f6rper als herk\u00f6mmliche amerikanische IPA-Hefest\u00e4mme. Dieser \u00e4u\u00dferst vielseitige Stamm ist ideal f\u00fcr eine Reihe von Bierstilen, darunter NEIPA, English IPA, American Pale, English Bitter, Sweet Stout und Sours.<\/span><\/p>\n","protected":false},"featured_media":1574,"template":"","meta":{"_themeisle_gutenberg_block_has_review":false},"product_brand":[],"product_cat":[479,365],"product_tag":[],"class_list":{"0":"post-2333","1":"product","2":"type-product","3":"status-publish","4":"has-post-thumbnail","6":"product_cat-ale-de","7":"product_cat-hefe","8":"product_shipping_class-planzer-de","9":"pa_brand-lallemand","11":"first","12":"instock","13":"sale","14":"taxable","15":"shipping-taxable","16":"purchasable","17":"product-type-simple"},"_links":{"self":[{"href":"https:\/\/goodbeer.solutions\/de\/wp-json\/wp\/v2\/product\/2333","targetHints":{"allow":["GET"]}}],"collection":[{"href":"https:\/\/goodbeer.solutions\/de\/wp-json\/wp\/v2\/product"}],"about":[{"href":"https:\/\/goodbeer.solutions\/de\/wp-json\/wp\/v2\/types\/product"}],"wp:featuredmedia":[{"embeddable":true,"href":"https:\/\/goodbeer.solutions\/de\/wp-json\/wp\/v2\/media\/1574"}],"wp:attachment":[{"href":"https:\/\/goodbeer.solutions\/de\/wp-json\/wp\/v2\/media?parent=2333"}],"wp:term":[{"taxonomy":"product_brand","embeddable":true,"href":"https:\/\/goodbeer.solutions\/de\/wp-json\/wp\/v2\/product_brand?post=2333"},{"taxonomy":"product_cat","embeddable":true,"href":"https:\/\/goodbeer.solutions\/de\/wp-json\/wp\/v2\/product_cat?post=2333"},{"taxonomy":"product_tag","embeddable":true,"href":"https:\/\/goodbeer.solutions\/de\/wp-json\/wp\/v2\/product_tag?post=2333"}],"curies":[{"name":"wp","href":"https:\/\/api.w.org\/{rel}","templated":true}]}}