{"id":2335,"date":"2024-01-19T15:30:54","date_gmt":"2024-01-19T14:30:54","guid":{"rendered":"https:\/\/goodbeer.solutions\/product\/lallemand-novalager-hybrid-lager-500g-trockenhefe\/"},"modified":"2024-07-02T10:27:06","modified_gmt":"2024-07-02T09:27:06","slug":"lallemand-novalager-hybrid-lager-500","status":"publish","type":"product","link":"https:\/\/goodbeer.solutions\/de\/produkt\/lallemand-novalager-hybrid-lager-500\/","title":{"rendered":"Lallemand Lalbrew NovaLager Hybrid Lager 500g &#8211; Trockenhefepack"},"content":{"rendered":"<table dir=\"ltr\" border=\"1\" cellspacing=\"0\" cellpadding=\"0\" data-sheets-root=\"1\">\n<colgroup>\n<col width=\"153\" \/>\n<col width=\"391\" \/><\/colgroup>\n<tbody>\n<tr>\n<td data-sheets-value=\"{\">St\u00e4mme<\/td>\n<td data-sheets-value=\"{\">Saccharomyces pastorianus<\/td>\n<\/tr>\n<tr>\n<td data-sheets-value=\"{\">Bierstile<\/td>\n<td data-sheets-value=\"{\">\n<div>\n<div>Baltisches Porter, B\u00f6hmisches Pilsner, Braunes Porter, California Common, Klassisches Amerikanisches Pilsner, Dunkles Amerikanisches Lager, Doppelbock, Dortmunder Export, Eisbock, Deutsches Pilsner, Maibock\/Helles Bock, M\u00fcnchen Dunkel, M\u00fcnchen Helles, Oktoberfest\/Marzen, Schwarzbier, Traditioneller Bock, Wiener Lager<\/div>\n<\/div>\n<\/td>\n<\/tr>\n<tr>\n<td data-sheets-value=\"{\">Abschw\u00e4chung<\/td>\n<td data-sheets-value=\"{\">78-84<\/td>\n<\/tr>\n<tr>\n<td data-sheets-value=\"{\">Temperaturbereich<\/td>\n<td data-sheets-value=\"{\">10 &#8211; 20\u00b0C (50 &#8211; 68\u00b0F)<\/td>\n<\/tr>\n<tr>\n<td data-sheets-value=\"{\">Flockung<\/td>\n<td data-sheets-value=\"{\">Medium<\/td>\n<\/tr>\n<tr>\n<td data-sheets-value=\"{\">Aroma<\/td>\n<td data-sheets-value=\"{\">Sauber, niedriger bis mittlerer Ester, kein Schwefel<\/td>\n<\/tr>\n<tr>\n<td data-sheets-value=\"{\">Alkoholtoleranz<\/td>\n<td data-sheets-value=\"{\">13% ABV<\/td>\n<\/tr>\n<tr>\n<td data-sheets-value=\"{\">Pitching Rate<\/td>\n<td data-sheets-value=\"{\">50 &#8211; 100g\/hL<\/td>\n<\/tr>\n<\/tbody>\n<\/table>\n","protected":false},"excerpt":{"rendered":"<p><span style=\"font-weight: 400;\">LalBrew NovaLager\u2122 ist ein echter unterg\u00e4riger Saccharomyces pastorianus-Hybrid, der eine neue Gruppe III-Linie repr\u00e4sentiert, die f\u00fcr ihre F\u00e4higkeit ausgew\u00e4hlt wurde, saubere Lagerbiere mit ausgepr\u00e4gten Geschmacksmerkmalen und hervorragender G\u00e4rungsleistung herzustellen. Das robuste und schnell g\u00e4rende LalBrew NovaLager\u2122 liefert ein sauberes, leicht esterartiges Profil \u00fcber einen breiten Temperaturbereich. Das einzigartige Geschmacksprofil dieser Sorte bleibt dank einer patentierten Technologie der University of California Davis (USA) konsistent und frei von schwefelhaltigen Nebengeschmacksnoten. Au\u00dferdem produziert es wenig VDK\/Diacetyl, wodurch die Reifezeit, die normalerweise mit der Herstellung von Lagerbier verbunden ist, verk\u00fcrzt wird.<\/span><\/p>\n","protected":false},"featured_media":1572,"template":"","meta":{"_themeisle_gutenberg_block_has_review":false},"product_brand":[],"product_cat":[365,482],"product_tag":[],"class_list":{"0":"post-2335","1":"product","2":"type-product","3":"status-publish","4":"has-post-thumbnail","6":"product_cat-hefe","7":"product_cat-lager-de","8":"product_shipping_class-planzer-de","9":"pa_brand-lallemand","11":"first","12":"instock","13":"taxable","14":"shipping-taxable","15":"purchasable","16":"product-type-simple"},"_links":{"self":[{"href":"https:\/\/goodbeer.solutions\/de\/wp-json\/wp\/v2\/product\/2335","targetHints":{"allow":["GET"]}}],"collection":[{"href":"https:\/\/goodbeer.solutions\/de\/wp-json\/wp\/v2\/product"}],"about":[{"href":"https:\/\/goodbeer.solutions\/de\/wp-json\/wp\/v2\/types\/product"}],"wp:featuredmedia":[{"embeddable":true,"href":"https:\/\/goodbeer.solutions\/de\/wp-json\/wp\/v2\/media\/1572"}],"wp:attachment":[{"href":"https:\/\/goodbeer.solutions\/de\/wp-json\/wp\/v2\/media?parent=2335"}],"wp:term":[{"taxonomy":"product_brand","embeddable":true,"href":"https:\/\/goodbeer.solutions\/de\/wp-json\/wp\/v2\/product_brand?post=2335"},{"taxonomy":"product_cat","embeddable":true,"href":"https:\/\/goodbeer.solutions\/de\/wp-json\/wp\/v2\/product_cat?post=2335"},{"taxonomy":"product_tag","embeddable":true,"href":"https:\/\/goodbeer.solutions\/de\/wp-json\/wp\/v2\/product_tag?post=2335"}],"curies":[{"name":"wp","href":"https:\/\/api.w.org\/{rel}","templated":true}]}}