{"id":2336,"date":"2024-01-19T14:16:38","date_gmt":"2024-01-19T13:16:38","guid":{"rendered":"https:\/\/goodbeer.solutions\/product\/lallemand-farmhouse-hybrid-saison-500g-trockenhefe-packung\/"},"modified":"2024-07-02T10:27:05","modified_gmt":"2024-07-02T09:27:05","slug":"lallemand-farmhouse-hybrid-saison-500g-trockenhefe-packung","status":"publish","type":"product","link":"https:\/\/goodbeer.solutions\/de\/produkt\/lallemand-farmhouse-hybrid-saison-500g-trockenhefe-packung\/","title":{"rendered":"Lallemand Lalbrew Farmhouse Hybrid Saison 500g &#8211; Trockenhefepack"},"content":{"rendered":"<table dir=\"ltr\" border=\"1\" cellspacing=\"0\" cellpadding=\"0\" data-sheets-root=\"1\">\n<colgroup>\n<col width=\"153\" \/>\n<col width=\"391\" \/><\/colgroup>\n<tbody>\n<tr>\n<td data-sheets-value=\"{\">St\u00e4mme<\/td>\n<td data-sheets-value=\"{\">Saccharomyces cerevisiae<\/td>\n<\/tr>\n<tr>\n<td data-sheets-value=\"{\">Bierstile<\/td>\n<td data-sheets-value=\"{\">Bauernhaus<\/td>\n<\/tr>\n<tr>\n<td data-sheets-value=\"{\">Abschw\u00e4chung<\/td>\n<td data-sheets-value=\"{\">78-84<\/td>\n<\/tr>\n<tr>\n<td data-sheets-value=\"{\">Temperaturbereich<\/td>\n<td data-sheets-value=\"{\">22 &#8211; 30\u00b0C (72 &#8211; 86\u00b0F)<\/td>\n<\/tr>\n<tr>\n<td data-sheets-value=\"{\">Flockung<\/td>\n<td data-sheets-value=\"{\">Niedrig<\/td>\n<\/tr>\n<tr>\n<td data-sheets-value=\"{\">Aroma<\/td>\n<td data-sheets-value=\"{\">Gew\u00fcrznelke, Pfeffer, tropische Fr\u00fcchte<\/td>\n<\/tr>\n<tr>\n<td data-sheets-value=\"{\">Alkoholtoleranz<\/td>\n<td data-sheets-value=\"{\">13% ABV<\/td>\n<\/tr>\n<tr>\n<td data-sheets-value=\"{\">Pitching Rate<\/td>\n<td data-sheets-value=\"{\">50 &#8211; 100g\/hL<\/td>\n<\/tr>\n<\/tbody>\n<\/table>\n","protected":false},"excerpt":{"rendered":"<p><span style=\"font-weight: 400;\">LalBrew Farmhouse\u2122 ist ein <strong>nicht-diastatischer<\/strong> Hybrid, der sorgf\u00e4ltig ausgew\u00e4hlt wurde, um Biere im Saison- und Farmhouse-Stil herzustellen. Diese au\u00dfergew\u00f6hnliche Sorte wurde durch fortschrittliche Z\u00fcchtungstechniken kuratiert. Dazu geh\u00f6rte die Entfernung des STA1-Gens, das f\u00fcr die diastatische Aktivit\u00e4t der Saison-Hefen verantwortlich ist, unter Verwendung klassischer und gentechnikfreier Methoden. Es wurde darauf geachtet, die normale Verwendung von Brauzucker zu erhalten und gleichzeitig trockene Saisons herzustellen. Dar\u00fcber hinaus sorgt die patentierte Technologie der University of California Davis (USA) daf\u00fcr, dass der Stamm keine Schwefelwasserstoff (H2S)-Abweichungen produziert, wodurch die aromatischen Eigenschaften der Saisonhefe verst\u00e4rkt werden.<\/span><\/p>\n","protected":false},"featured_media":1564,"template":"","meta":{"_themeisle_gutenberg_block_has_review":false},"product_brand":[],"product_cat":[479,365],"product_tag":[],"class_list":{"0":"post-2336","1":"product","2":"type-product","3":"status-publish","4":"has-post-thumbnail","6":"product_cat-ale-de","7":"product_cat-hefe","8":"product_shipping_class-planzer-de","9":"pa_brand-lallemand","11":"first","12":"instock","13":"taxable","14":"shipping-taxable","15":"purchasable","16":"product-type-simple"},"_links":{"self":[{"href":"https:\/\/goodbeer.solutions\/de\/wp-json\/wp\/v2\/product\/2336","targetHints":{"allow":["GET"]}}],"collection":[{"href":"https:\/\/goodbeer.solutions\/de\/wp-json\/wp\/v2\/product"}],"about":[{"href":"https:\/\/goodbeer.solutions\/de\/wp-json\/wp\/v2\/types\/product"}],"wp:featuredmedia":[{"embeddable":true,"href":"https:\/\/goodbeer.solutions\/de\/wp-json\/wp\/v2\/media\/1564"}],"wp:attachment":[{"href":"https:\/\/goodbeer.solutions\/de\/wp-json\/wp\/v2\/media?parent=2336"}],"wp:term":[{"taxonomy":"product_brand","embeddable":true,"href":"https:\/\/goodbeer.solutions\/de\/wp-json\/wp\/v2\/product_brand?post=2336"},{"taxonomy":"product_cat","embeddable":true,"href":"https:\/\/goodbeer.solutions\/de\/wp-json\/wp\/v2\/product_cat?post=2336"},{"taxonomy":"product_tag","embeddable":true,"href":"https:\/\/goodbeer.solutions\/de\/wp-json\/wp\/v2\/product_tag?post=2336"}],"curies":[{"name":"wp","href":"https:\/\/api.w.org\/{rel}","templated":true}]}}