{"id":2338,"date":"2024-01-19T14:10:52","date_gmt":"2024-01-19T13:10:52","guid":{"rendered":"https:\/\/goodbeer.solutions\/product\/lallemand-diamond-lager-500g-trockenhefe-packung\/"},"modified":"2024-07-02T10:27:05","modified_gmt":"2024-07-02T09:27:05","slug":"lallemand-diamond-lager-500g-trockenhefe-packung","status":"publish","type":"product","link":"https:\/\/goodbeer.solutions\/de\/produkt\/lallemand-diamond-lager-500g-trockenhefe-packung\/","title":{"rendered":"Lallemand Lalbrew Diamond Lager 500g &#8211; Trockenhefe f\u00fcr Brauer"},"content":{"rendered":"<table dir=\"ltr\" border=\"1\" cellspacing=\"0\" cellpadding=\"0\" data-sheets-root=\"1\">\n<colgroup>\n<col width=\"153\" \/>\n<col width=\"391\" \/><\/colgroup>\n<tbody>\n<tr>\n<td data-sheets-value=\"{\">St\u00e4mme<\/td>\n<td data-sheets-value=\"{\">Saccharomyces pastorianus<\/td>\n<\/tr>\n<tr>\n<td data-sheets-value=\"{\">Bierstile<\/td>\n<td data-sheets-value=\"{\">\n<div>\n<div>Baltic Porter, B\u00f6hmisches Pilsner, California Common, Klassisches Amerikanisches Pilsner, Dunkles Amerikanisches Lager, Doppelbock, Dortmunder Export, Eisbock, Deutsches Pilsner, Maibock\/Helles Bock, M\u00fcnchen Dunkel, M\u00fcnchen Helles, Oktoberfest\/Marzen, Schwarzbier, Traditioneller Bock, Wiener Lager<\/div>\n<\/div>\n<\/td>\n<\/tr>\n<tr>\n<td data-sheets-value=\"{\">Abschw\u00e4chung<\/td>\n<td data-sheets-value=\"{\">77-83<\/td>\n<\/tr>\n<tr>\n<td data-sheets-value=\"{\">Temperaturbereich<\/td>\n<td data-sheets-value=\"{\">10 &#8211; 15\u00b0C (50 &#8211; 59\u00b0F)<\/td>\n<\/tr>\n<tr>\n<td data-sheets-value=\"{\">Flockung<\/td>\n<td data-sheets-value=\"{\">Hoch<\/td>\n<\/tr>\n<tr>\n<td data-sheets-value=\"{\">Aroma<\/td>\n<td data-sheets-value=\"{\">Neutral<\/td>\n<\/tr>\n<tr>\n<td data-sheets-value=\"{\">Alkoholtoleranz<\/td>\n<td data-sheets-value=\"{\">13% ABV<\/td>\n<\/tr>\n<tr>\n<td data-sheets-value=\"{\">Pitching Rate<\/td>\n<td data-sheets-value=\"{\">100 &#8211; 200g\/hL<\/td>\n<\/tr>\n<\/tbody>\n<\/table>\n","protected":false},"excerpt":{"rendered":"<p><span style=\"font-weight: 400;\">LalBrew Diamond\u2122 ist ein echter Lagerbierstamm, der aus der verehrten Doemens Academy Culture Collection in Deutschland stammt. LalBrew Diamond\u2122 ist bekannt f\u00fcr seine au\u00dfergew\u00f6hnliche Fermentationsleistung und zeichnet sich durch seine F\u00e4higkeit aus, saubere, authentische Lagerbiere herzustellen. Die traditionellen Stile, die LalBrew Diamond\u2122 zum Leben erweckt, umfassen ein breites Spektrum, einschlie\u00dflich, aber nicht beschr\u00e4nkt auf M\u00fcnchner Helles, Dortmunder Export, deutsches Pilsner, b\u00f6hmisches Pilsner, amerikanisches Pilsner, Wiener Lager, Oktoberfest\/M\u00e4rzen, dunkles amerikanisches Lager, M\u00fcnchner Dunkel, Schwarzbier, traditioneller Bock, Doppelbock, Eisbock und California Common.<\/span><\/p>\n","protected":false},"featured_media":1562,"template":"","meta":{"_themeisle_gutenberg_block_has_review":false},"product_brand":[],"product_cat":[365,482],"product_tag":[],"class_list":{"0":"post-2338","1":"product","2":"type-product","3":"status-publish","4":"has-post-thumbnail","6":"product_cat-hefe","7":"product_cat-lager-de","8":"product_shipping_class-planzer-de","9":"pa_brand-lallemand","11":"first","12":"instock","13":"taxable","14":"shipping-taxable","15":"purchasable","16":"product-type-simple"},"_links":{"self":[{"href":"https:\/\/goodbeer.solutions\/de\/wp-json\/wp\/v2\/product\/2338","targetHints":{"allow":["GET"]}}],"collection":[{"href":"https:\/\/goodbeer.solutions\/de\/wp-json\/wp\/v2\/product"}],"about":[{"href":"https:\/\/goodbeer.solutions\/de\/wp-json\/wp\/v2\/types\/product"}],"wp:featuredmedia":[{"embeddable":true,"href":"https:\/\/goodbeer.solutions\/de\/wp-json\/wp\/v2\/media\/1562"}],"wp:attachment":[{"href":"https:\/\/goodbeer.solutions\/de\/wp-json\/wp\/v2\/media?parent=2338"}],"wp:term":[{"taxonomy":"product_brand","embeddable":true,"href":"https:\/\/goodbeer.solutions\/de\/wp-json\/wp\/v2\/product_brand?post=2338"},{"taxonomy":"product_cat","embeddable":true,"href":"https:\/\/goodbeer.solutions\/de\/wp-json\/wp\/v2\/product_cat?post=2338"},{"taxonomy":"product_tag","embeddable":true,"href":"https:\/\/goodbeer.solutions\/de\/wp-json\/wp\/v2\/product_tag?post=2338"}],"curies":[{"name":"wp","href":"https:\/\/api.w.org\/{rel}","templated":true}]}}