{"id":2394,"date":"2023-11-14T23:15:58","date_gmt":"2023-11-14T22:15:58","guid":{"rendered":"https:\/\/goodbeer.solutions\/product\/calcium-chloride-schuppen-25kg\/"},"modified":"2024-07-02T10:26:30","modified_gmt":"2024-07-02T09:26:30","slug":"calcium-chloride-schuppen-25kg","status":"publish","type":"product","link":"https:\/\/goodbeer.solutions\/de\/produkt\/calcium-chloride-schuppen-25kg\/","title":{"rendered":"Calciumchloridflocken (25kg) &#8211; Brausalz f\u00fcr Brauereien"},"content":{"rendered":"<p>Calciumchlorid-Schuppen sind eine Laugenbehandlung, die Sie verwenden k\u00f6nnen, um die Gesundheit und Vitalit\u00e4t der Hefe zu verbessern.<\/p>\n<p>Au\u00dferdem verbessert es die Gesamtextraktausbeute und die G\u00e4rf\u00e4higkeit sowie die Sch\u00f6nungsleistung des Biers.<\/p>\n<p>Wir berechnen auch gerne die Dosierungsraten f\u00fcr Sie! Kontaktieren Sie uns einfach \u00fcber das Kontaktformular<\/p>\n","protected":false},"excerpt":{"rendered":"<p>Calciumchloridflocken sind eine Art von Salz, das zur Verbesserung der mineralischen Zusammensetzung von Brauwasser verwendet wird, um die Brauqualit\u00e4t zu erh\u00f6hen und die F\u00e4higkeit zu verbessern, die mit einem bestimmten Bierstil verbundenen Merkmale zu erzeugen.<\/p>\n","protected":false},"featured_media":1334,"template":"","meta":{"_themeisle_gutenberg_block_has_review":false},"product_brand":[],"product_cat":[308,373],"product_tag":[],"class_list":{"0":"post-2394","1":"product","2":"type-product","3":"status-publish","4":"has-post-thumbnail","6":"product_cat-brauzusaetze","7":"product_cat-wasseraufbereitung","8":"pa_brand-murphy-and-sons-de","10":"first","11":"instock","12":"taxable","13":"shipping-taxable","14":"purchasable","15":"product-type-simple"},"_links":{"self":[{"href":"https:\/\/goodbeer.solutions\/de\/wp-json\/wp\/v2\/product\/2394","targetHints":{"allow":["GET"]}}],"collection":[{"href":"https:\/\/goodbeer.solutions\/de\/wp-json\/wp\/v2\/product"}],"about":[{"href":"https:\/\/goodbeer.solutions\/de\/wp-json\/wp\/v2\/types\/product"}],"wp:featuredmedia":[{"embeddable":true,"href":"https:\/\/goodbeer.solutions\/de\/wp-json\/wp\/v2\/media\/1334"}],"wp:attachment":[{"href":"https:\/\/goodbeer.solutions\/de\/wp-json\/wp\/v2\/media?parent=2394"}],"wp:term":[{"taxonomy":"product_brand","embeddable":true,"href":"https:\/\/goodbeer.solutions\/de\/wp-json\/wp\/v2\/product_brand?post=2394"},{"taxonomy":"product_cat","embeddable":true,"href":"https:\/\/goodbeer.solutions\/de\/wp-json\/wp\/v2\/product_cat?post=2394"},{"taxonomy":"product_tag","embeddable":true,"href":"https:\/\/goodbeer.solutions\/de\/wp-json\/wp\/v2\/product_tag?post=2394"}],"curies":[{"name":"wp","href":"https:\/\/api.w.org\/{rel}","templated":true}]}}