{"id":2400,"date":"2023-11-14T23:15:50","date_gmt":"2023-11-14T22:15:50","guid":{"rendered":"https:\/\/goodbeer.solutions\/product\/ams\/"},"modified":"2024-07-02T10:26:19","modified_gmt":"2024-07-02T09:26:19","slug":"ams","status":"publish","type":"product","link":"https:\/\/goodbeer.solutions\/de\/produkt\/ams\/","title":{"rendered":"AMS Wasserh\u00e4rte-L\u00f6sung f\u00fcr Brauereien von Murphy and Sons"},"content":{"rendered":"<p>AMS ist eine S\u00e4uremischung, die die Alkalit\u00e4t des Wassers wirksam reduziert und gleichzeitig<a href=\"https:\/\/www.google.com\" rel=\"noopener\"> n\u00fctzliche Chlorid-<\/a> und Sulfat-Ionen hinzuf\u00fcgt. Die Verwendung von AMS hilft auch, die Bildung von Kalkablagerungen in Ihren Wassertanks zu verhindern.<\/p>\n<p>TOP TIPP! In Verbindung mit den richtigen Salzmischungen k\u00f6nnen Sie damit fast jeden Stil kreieren.<\/p>\n","protected":false},"excerpt":{"rendered":"<p>In der Brauindustrie wird AMS insbesondere zur Behandlung von Lauge eingesetzt, um sicherzustellen, dass der optimale pH-Wert w\u00e4hrend des gesamten Brauprozesses aufrechterhalten wird. Seine Verwendung bringt zahlreiche Vorteile mit sich, darunter eine erh\u00f6hte Extraktausbeute, einen verbesserten W\u00fcrzeabfluss sowie eine erh\u00f6hte Klarheit und Stabilit\u00e4t des endg\u00fcltigen Bierprodukts.<\/p>\n","protected":false},"featured_media":1330,"template":"","meta":{"_themeisle_gutenberg_block_has_review":false},"product_brand":[],"product_cat":[308,373],"product_tag":[],"class_list":{"0":"post-2400","1":"product","2":"type-product","3":"status-publish","4":"has-post-thumbnail","6":"product_cat-brauzusaetze","7":"product_cat-wasseraufbereitung","8":"pa_brand-murphy-and-sons-de","9":"pa_capacity-1000kg-de","10":"pa_capacity-200kg-de","11":"pa_capacity-25kg-de","13":"first","14":"instock","15":"taxable","16":"shipping-taxable","17":"purchasable","18":"product-type-variable"},"_links":{"self":[{"href":"https:\/\/goodbeer.solutions\/de\/wp-json\/wp\/v2\/product\/2400","targetHints":{"allow":["GET"]}}],"collection":[{"href":"https:\/\/goodbeer.solutions\/de\/wp-json\/wp\/v2\/product"}],"about":[{"href":"https:\/\/goodbeer.solutions\/de\/wp-json\/wp\/v2\/types\/product"}],"wp:featuredmedia":[{"embeddable":true,"href":"https:\/\/goodbeer.solutions\/de\/wp-json\/wp\/v2\/media\/1330"}],"wp:attachment":[{"href":"https:\/\/goodbeer.solutions\/de\/wp-json\/wp\/v2\/media?parent=2400"}],"wp:term":[{"taxonomy":"product_brand","embeddable":true,"href":"https:\/\/goodbeer.solutions\/de\/wp-json\/wp\/v2\/product_brand?post=2400"},{"taxonomy":"product_cat","embeddable":true,"href":"https:\/\/goodbeer.solutions\/de\/wp-json\/wp\/v2\/product_cat?post=2400"},{"taxonomy":"product_tag","embeddable":true,"href":"https:\/\/goodbeer.solutions\/de\/wp-json\/wp\/v2\/product_tag?post=2400"}],"curies":[{"name":"wp","href":"https:\/\/api.w.org\/{rel}","templated":true}]}}