{"id":2407,"date":"2023-11-14T23:15:50","date_gmt":"2023-11-14T22:15:50","guid":{"rendered":"https:\/\/goodbeer.solutions\/product\/refoam-ehemals-antifoam\/"},"modified":"2024-07-02T10:27:42","modified_gmt":"2024-07-02T09:27:42","slug":"refoam-ehemals-antifoam","status":"publish","type":"product","link":"https:\/\/goodbeer.solutions\/de\/produkt\/refoam-ehemals-antifoam\/","title":{"rendered":"ReFoam &#8211; Schaumkontrolll\u00f6sung f\u00fcr Brauereien von Murphy and Sons"},"content":{"rendered":"<p>ReFoam (Antifoam FD20PK) ist eine Emulsion auf Silikonbasis, die f\u00fcr Brauereien und Destillerien entwickelt wurde, in denen eine schnelle Schaumreduzierung erforderlich ist. Es kann dem Kessel, dem Destillierapparat oder dem G\u00e4rbeh\u00e4lter zugesetzt werden.<\/p>\n<p>Es kontrolliert die \u00dcbersch\u00e4umung beim W\u00fcrzekochen und bei der G\u00e4rung mit minimaler Zugabe als Verarbeitungshilfe und erm\u00f6glicht h\u00f6here Verdampfungsraten beim W\u00fcrzekochen.<\/p>\n<p>F\u00fcr maximale Wirksamkeit empfehlen wir, Antifoam FD20PK vor der Anwendung mit Wasser zu verd\u00fcnnen.<\/p>\n<p>Vorteile<br \/>\n-Erh\u00e4ltlich in einer einfach zu verwendenden Emulsion von<br \/>\n-Kontrolliert die Schaumbildung beim W\u00fcrzekochen und bei der G\u00e4rung<br \/>\n-Erm\u00f6glicht h\u00f6here Verdampfungsraten beim W\u00fcrzekochen<br \/>\n-Bietet eine bessere Kontrolle der Spirituosendestillation<br \/>\n-Verhindert den Verlust von Hopfenbitterstoffen<br \/>\n-Verbesserung der Alphas\u00e4urenverwertung<br \/>\n-Vermeidung von teuren W\u00fcrzeverlusten und unhygienischen Versch\u00fcttungen<br \/>\n-Maximiert die CO2-R\u00fcckgewinnung<br \/>\n-Erh\u00f6ht die Fermentationskapazit\u00e4t<\/p>\n","protected":false},"excerpt":{"rendered":"<p>So \u00fcberraschend es f\u00fcr manche auch sein mag, die richtige Anwendung von Antifoam FD20PK kann den Schaum des fertigen Bieres tats\u00e4chlich verbessern. Unsere lebensmittelechte Formulierung bietet eine breite Palette von Anwendungsm\u00f6glichkeiten und zeigt eine au\u00dfergew\u00f6hnliche Wirksamkeit, selbst bei geringer Anwendung. Es kann sowohl im Kessel als auch in den G\u00e4rbeh\u00e4ltern effektiv eingesetzt werden. Insbesondere ist es als Verarbeitungshilfsstoff eingestuft, der sicherstellt, dass er bei der \u00fcblichen Bierverarbeitung und den empfohlenen Verwendungsraten nicht in das Endprodukt \u00fcbergeht.<\/p>\n","protected":false},"featured_media":2928,"template":"","meta":{"_themeisle_gutenberg_block_has_review":false},"product_brand":[],"product_cat":[308,379],"product_tag":[],"class_list":{"0":"post-2407","1":"product","2":"type-product","3":"status-publish","4":"has-post-thumbnail","6":"product_cat-brauzusaetze","7":"product_cat-schaumkontrolle","8":"pa_brand-murphy-and-sons-de","9":"pa_capacity-25kg-de","10":"pa_capacity-5kg-de","12":"first","13":"instock","14":"taxable","15":"shipping-taxable","16":"purchasable","17":"product-type-variable","18":"has-default-attributes"},"_links":{"self":[{"href":"https:\/\/goodbeer.solutions\/de\/wp-json\/wp\/v2\/product\/2407","targetHints":{"allow":["GET"]}}],"collection":[{"href":"https:\/\/goodbeer.solutions\/de\/wp-json\/wp\/v2\/product"}],"about":[{"href":"https:\/\/goodbeer.solutions\/de\/wp-json\/wp\/v2\/types\/product"}],"wp:featuredmedia":[{"embeddable":true,"href":"https:\/\/goodbeer.solutions\/de\/wp-json\/wp\/v2\/media\/2928"}],"wp:attachment":[{"href":"https:\/\/goodbeer.solutions\/de\/wp-json\/wp\/v2\/media?parent=2407"}],"wp:term":[{"taxonomy":"product_brand","embeddable":true,"href":"https:\/\/goodbeer.solutions\/de\/wp-json\/wp\/v2\/product_brand?post=2407"},{"taxonomy":"product_cat","embeddable":true,"href":"https:\/\/goodbeer.solutions\/de\/wp-json\/wp\/v2\/product_cat?post=2407"},{"taxonomy":"product_tag","embeddable":true,"href":"https:\/\/goodbeer.solutions\/de\/wp-json\/wp\/v2\/product_tag?post=2407"}],"curies":[{"name":"wp","href":"https:\/\/api.w.org\/{rel}","templated":true}]}}