{"id":2414,"date":"2024-03-25T10:31:14","date_gmt":"2024-03-25T09:31:14","guid":{"rendered":"https:\/\/goodbeer.solutions\/product\/angel-yeast-bf27-trockenhefe-500g\/"},"modified":"2025-07-16T14:10:38","modified_gmt":"2025-07-16T13:10:38","slug":"angel-yeast-bf27-trockenhefe-500g","status":"publish","type":"product","link":"https:\/\/goodbeer.solutions\/de\/produkt\/angel-yeast-bf27-trockenhefe-500g\/","title":{"rendered":"Angel Yeast BF27 Trockenhefe 500g"},"content":{"rendered":"<h3 style=\"text-align: center;\">Nur 45.- pro Packung, wenn Sie 20 Packungen X 500 g bestellen. Der beste Preis f\u00fcr diesen sehr beliebten lager Hefestamm! H\u00f6ren Sie auf, zu viel f\u00fcr Hefe auszugeben, verwenden Sie Angel Yeast\u00a0 BF27<\/h3>\n<p>BF27, bekannt f\u00fcr seine Herkunft als unterg\u00e4rige Weihenstephaner Bierhefe, spiegelt die hohen Standards wider, die durch den Prozess der unterg\u00e4rigen Lagerbierhefe gesetzt werden. Es geht nicht nur um ihre globale Vorliebe als Lagerhefe; BF27 ist auch in der Lage, eine kurze Verz\u00f6gerungsphase und eine gleichm\u00e4\u00dfige G\u00e4rkinetik bei k\u00fchleren Temperaturen aufrechtzuerhalten. Dieser Hefestamm eignet sich hervorragend f\u00fcr die Herstellung eines sauberen, knackigen und trockenen Bieres mit einem dezenten Hauch von blumigen und fruchtigen Estern und ist damit ideal f\u00fcr die Herstellung hochwertiger Lagerbiere.<\/p>\n<p>Im Einklang mit der au\u00dfergew\u00f6hnlichen Qualit\u00e4t, die BF27 bietet, stellt Angel Yeast, der Lieferant dieser bemerkenswerten Sorte, sicher, dass Brauer Zugang zu erstklassiger Hefe zum besten Preis auf dem Markt f\u00fcr diese Trockenhefevariante haben. Das Engagement von Angel Yeast f\u00fcr Qualit\u00e4t, Erschwinglichkeit und eine gro\u00dfe Auswahl an Hefe unterst\u00fctzt Brauer dabei, die gew\u00fcnschte Spitzenleistung in der Lagerbierproduktion ohne finanzielle Belastung zu erreichen.<\/p>\n<p>Wenn Sie sich f\u00fcr BF27 von Angel Yeast entscheiden, entscheiden Sie sich f\u00fcr eine Hefe, die nicht nur die Brautradition hochh\u00e4lt, sondern auch mit einem wertorientierten Ansatz einhergeht. Es ist ein Beweis f\u00fcr das Engagement von Angel Yeast, durch qualitativ hochwertige, kosteneffiziente Hefel\u00f6sungen hervorragende Brauergebnisse zu erzielen. Ganz gleich, ob Sie ein klassisches Lagerbier herstellen oder neue Wege beschreiten wollen, BF27 ist eine hervorragende Wahl, die Tradition, Leistung und Wertigkeit vereint.<\/p>\n","protected":false},"excerpt":{"rendered":"<h3 style=\"text-align: center;\">Nur 45.- pro Packung, wenn Sie 20 Packungen X 500 g bestellen. Der beste Preis f\u00fcr diesen sehr beliebten lager Hefestamm! H\u00f6ren Sie auf, zu viel f\u00fcr Hefe auszugeben, verwenden Sie Angel Yeast\u00a0 BF27<\/h3>\n<p>BF27, bekannt f\u00fcr seine Herkunft als unterg\u00e4rige Weihenstephaner Bierhefe, spiegelt die hohen Standards wider, die durch den Prozess der unterg\u00e4rigen Lagerbierhefe gesetzt werden. Es geht nicht nur um ihre globale Vorliebe als Lagerhefe; BF27 ist auch in der Lage, eine kurze Verz\u00f6gerungsphase und eine gleichm\u00e4\u00dfige G\u00e4rkinetik bei k\u00fchleren Temperaturen aufrechtzuerhalten. Dieser Hefestamm eignet sich hervorragend f\u00fcr die Herstellung eines sauberen, knackigen und trockenen Bieres mit einem dezenten Hauch von blumigen und fruchtigen Estern und ist damit ideal f\u00fcr die Herstellung hochwertiger Lagerbiere.<\/p>\n<p>Im Einklang mit der au\u00dfergew\u00f6hnlichen Qualit\u00e4t, die BF27 bietet, stellt Angel Yeast, der Lieferant dieser bemerkenswerten Sorte, sicher, dass Brauer Zugang zu erstklassiger Hefe zum besten Preis auf dem Markt f\u00fcr diese Trockenhefevariante haben. Das Engagement von Angel Yeast f\u00fcr Qualit\u00e4t, Erschwinglichkeit und eine gro\u00dfe Auswahl an Hefe unterst\u00fctzt Brauer dabei, die gew\u00fcnschte Spitzenleistung in der Lagerbierproduktion ohne finanzielle Belastung zu erreichen.<\/p>\n<p>Wenn Sie sich f\u00fcr BF27 von Angel Yeast entscheiden, entscheiden Sie sich f\u00fcr eine Hefe, die nicht nur die Brautradition hochh\u00e4lt, sondern auch mit einem wertorientierten Ansatz einhergeht. Es ist ein Beweis f\u00fcr das Engagement von Angel Yeast, durch qualitativ hochwertige, kosteneffiziente Hefel\u00f6sungen hervorragende Brauergebnisse zu erzielen. Ganz gleich, ob Sie ein klassisches Lagerbier herstellen oder neue Wege beschreiten wollen, BF27 ist eine hervorragende Wahl, die Tradition, Leistung und Wertigkeit vereint.<\/p>\n","protected":false},"featured_media":2010,"template":"","meta":{"_themeisle_gutenberg_block_has_review":false},"product_brand":[],"product_cat":[365,482],"product_tag":[],"class_list":{"0":"post-2414","1":"product","2":"type-product","3":"status-publish","4":"has-post-thumbnail","6":"product_cat-hefe","7":"product_cat-lager-de","8":"product_shipping_class-planzer-de","9":"pa_brand-angel-yeast","10":"pa_capacity-20x500g-de","11":"pa_capacity-500g-de","13":"first","14":"instock","15":"taxable","16":"shipping-taxable","17":"purchasable","18":"product-type-variable"},"_links":{"self":[{"href":"https:\/\/goodbeer.solutions\/de\/wp-json\/wp\/v2\/product\/2414","targetHints":{"allow":["GET"]}}],"collection":[{"href":"https:\/\/goodbeer.solutions\/de\/wp-json\/wp\/v2\/product"}],"about":[{"href":"https:\/\/goodbeer.solutions\/de\/wp-json\/wp\/v2\/types\/product"}],"wp:featuredmedia":[{"embeddable":true,"href":"https:\/\/goodbeer.solutions\/de\/wp-json\/wp\/v2\/media\/2010"}],"wp:attachment":[{"href":"https:\/\/goodbeer.solutions\/de\/wp-json\/wp\/v2\/media?parent=2414"}],"wp:term":[{"taxonomy":"product_brand","embeddable":true,"href":"https:\/\/goodbeer.solutions\/de\/wp-json\/wp\/v2\/product_brand?post=2414"},{"taxonomy":"product_cat","embeddable":true,"href":"https:\/\/goodbeer.solutions\/de\/wp-json\/wp\/v2\/product_cat?post=2414"},{"taxonomy":"product_tag","embeddable":true,"href":"https:\/\/goodbeer.solutions\/de\/wp-json\/wp\/v2\/product_tag?post=2414"}],"curies":[{"name":"wp","href":"https:\/\/api.w.org\/{rel}","templated":true}]}}