{"id":2484,"date":"2024-02-16T20:25:54","date_gmt":"2024-02-16T19:25:54","guid":{"rendered":"https:\/\/goodbeer.solutions\/product\/lallemand-helveticus-pitch-250g-getrocknete-bakterien\/"},"modified":"2024-10-21T12:07:28","modified_gmt":"2024-10-21T11:07:28","slug":"lallemand-helveticus-pitch-bakterien","status":"publish","type":"product","link":"https:\/\/goodbeer.solutions\/de\/produkt\/lallemand-helveticus-pitch-bakterien\/","title":{"rendered":"Lallemand Lalbrew Helveticus Pitch 250g &#8211; Trockenbakterien"},"content":{"rendered":"<table dir=\"ltr\" border=\"1\" cellspacing=\"0\" cellpadding=\"0\" data-sheets-root=\"1\">\n<colgroup>\n<col width=\"153\" \/>\n<col width=\"391\" \/><\/colgroup>\n<tbody>\n<tr>\n<td data-sheets-value=\"{\">Stamm<\/td>\n<td data-sheets-value=\"{\"><em>Lactobacillus helveticus<\/em><\/td>\n<\/tr>\n<tr>\n<td data-sheets-value=\"{\">Temperaturbereich<\/td>\n<td data-sheets-value=\"{\">38 &#8211; 45\u00b0C (100 &#8211; 113\u00b0F)<\/td>\n<\/tr>\n<tr>\n<td data-sheets-value=\"{\">Aroma<\/td>\n<td data-sheets-value=\"{\">Starke Zitrusfr\u00fcchte, s\u00e4uerlich, intensiv s\u00e4uerlich<\/td>\n<\/tr>\n<tr>\n<td data-sheets-value=\"{\">Inokulationsrate<\/td>\n<td data-sheets-value=\"{\">10g\/hL<\/td>\n<\/tr>\n<tr>\n<td data-sheets-value=\"{\">pH-Bereich<\/td>\n<td data-sheets-value=\"{\">3.0 &#8211; 3.5<\/td>\n<\/tr>\n<tr>\n<td data-sheets-value=\"{\">Hopfentoleranz<\/td>\n<td data-sheets-value=\"{\">Alpha-S\u00e4ure: 4 ppm (IBU) &#8211; Beta-S\u00e4ure: 4 ppm<\/td>\n<\/tr>\n<tr>\n<td><\/td>\n<td data-sheets-value=\"{\"><\/td>\n<\/tr>\n<\/tbody>\n<\/table>\n","protected":false},"excerpt":{"rendered":"<p>Lallemand WildBrew Helveticus Pitch\u2122 ist ein erstklassiger, hochreiner Milchs\u00e4urebakterienstamm, der aufgrund seiner F\u00e4higkeit, eine breite Palette an sauren Biersorten zu produzieren, sorgf\u00e4ltig ausgew\u00e4hlt wurde.<\/p>\n","protected":false},"featured_media":1960,"template":"","meta":{"_themeisle_gutenberg_block_has_review":false},"product_brand":[],"product_cat":[485,365],"product_tag":[],"class_list":{"0":"post-2484","1":"product","2":"type-product","3":"status-publish","4":"has-post-thumbnail","6":"product_cat-bacteria-de-hefe","7":"product_cat-hefe","8":"product_shipping_class-planzer-de","9":"pa_brand-lallemand","11":"first","12":"instock","13":"taxable","14":"shipping-taxable","15":"purchasable","16":"product-type-simple"},"_links":{"self":[{"href":"https:\/\/goodbeer.solutions\/de\/wp-json\/wp\/v2\/product\/2484","targetHints":{"allow":["GET"]}}],"collection":[{"href":"https:\/\/goodbeer.solutions\/de\/wp-json\/wp\/v2\/product"}],"about":[{"href":"https:\/\/goodbeer.solutions\/de\/wp-json\/wp\/v2\/types\/product"}],"wp:featuredmedia":[{"embeddable":true,"href":"https:\/\/goodbeer.solutions\/de\/wp-json\/wp\/v2\/media\/1960"}],"wp:attachment":[{"href":"https:\/\/goodbeer.solutions\/de\/wp-json\/wp\/v2\/media?parent=2484"}],"wp:term":[{"taxonomy":"product_brand","embeddable":true,"href":"https:\/\/goodbeer.solutions\/de\/wp-json\/wp\/v2\/product_brand?post=2484"},{"taxonomy":"product_cat","embeddable":true,"href":"https:\/\/goodbeer.solutions\/de\/wp-json\/wp\/v2\/product_cat?post=2484"},{"taxonomy":"product_tag","embeddable":true,"href":"https:\/\/goodbeer.solutions\/de\/wp-json\/wp\/v2\/product_tag?post=2484"}],"curies":[{"name":"wp","href":"https:\/\/api.w.org\/{rel}","templated":true}]}}