{"id":2485,"date":"2024-03-25T10:41:15","date_gmt":"2024-03-25T09:41:15","guid":{"rendered":"https:\/\/goodbeer.solutions\/product\/angel-yeast-cy115-trockenhefe-500g\/"},"modified":"2025-07-16T13:52:41","modified_gmt":"2025-07-16T12:52:41","slug":"angel-yeast-cy115-trockenhefe-500g","status":"publish","type":"product","link":"https:\/\/goodbeer.solutions\/de\/produkt\/angel-yeast-cy115-trockenhefe-500g\/","title":{"rendered":"Angel Yeast CY115 Trockenhefe"},"content":{"rendered":"<h2 style=\"text-align: center;\">Nur 38.- pro Packung, wenn Sie 20 Packungen \u00e0 500 g bestellen. Der beste Preis f\u00fcr diesen sehr beliebten Hefestamm! H\u00f6ren Sie auf, zu viel f\u00fcr Hefe auszugeben, verwenden Sie Angel Yeast CY115<\/h2>\n<p>CY115 zeichnet sich als Premium-Bierhefestamm aus, der sorgf\u00e4ltig f\u00fcr die Herstellung englischer Ales ausgew\u00e4hlt wurde. Er ist ein Beweis f\u00fcr das Engagement von Angel Yeast f\u00fcr Qualit\u00e4t und Exzellenz in der Brauindustrie. Mit seiner bemerkenswert hohen Flockungsrate und seiner au\u00dfergew\u00f6hnlichen Klarheit ist CY115 ideal f\u00fcr Brauer, die die charakteristischen Eigenschaften traditioneller englischer Ales, Pale Ales und IPAs erreichen wollen. Die F\u00e4higkeit dieser Sorte, milde s\u00fc\u00dfe Fruchtester, insbesondere Apfel und Banane, zu produzieren, verbessert das aromatische Profil des Bieres, ohne den integralen Malzcharakter zu \u00fcberschatten, und sorgt f\u00fcr ein abgerundetes und authentisches Geschmackserlebnis.<\/p>\n<p>Der CY115 Stamm tr\u00e4gt auch zur Struktur des Bieres bei und bietet einen moderaten K\u00f6rper und ein weiches Mundgef\u00fchl, Eigenschaften, die bei der Herstellung von Bieren im englischen Stil sehr gesch\u00e4tzt werden. Diese Eigenschaften machen ihn zu einem vielseitigen und wertvollen Instrument f\u00fcr Brauer, die die Nuancen der englischen Ale-Produktion erforschen und gleichzeitig sicherstellen wollen, dass ihre Kreationen durch Qualit\u00e4t und Authentizit\u00e4t bestechen.<\/p>\n<p>Angel Yeast, der Lieferant des CY115-Stammes, bietet nicht nur ein au\u00dfergew\u00f6hnliches Produkt, sondern auch ein un\u00fcbertroffenes Wertversprechen an. Angel Yeast ist weltweit f\u00fcr seine Innovation, Zuverl\u00e4ssigkeit und sein Engagement zur Unterst\u00fctzung der Brauereigemeinschaft bekannt und stellt sicher, dass CY115 zum besten Preis auf dem Markt f\u00fcr diese spezielle Trockenhefesorte erh\u00e4ltlich ist. Dieses Engagement f\u00fcr Erschwinglichkeit, ohne Kompromisse bei der Qualit\u00e4t einzugehen, erm\u00f6glicht Brauern aller Gr\u00f6\u00dfenordnungen den Zugang zu einem erstklassigen Hefestamm, der sowohl effektiv als auch wirtschaftlich ist.<\/p>\n<p>Wenn Sie sich f\u00fcr CY115 von Angel Yeast entscheiden, kaufen Sie nicht einfach nur einen Hefestamm, sondern Sie investieren in eine Partnerschaft mit einem Anbieter, der daf\u00fcr bekannt ist, dass er sich auf die Lieferung erstklassiger Brauzutaten konzentriert. Das Wertversprechen von Angel Yeast liegt in der F\u00e4higkeit, qualitativ hochwertige Produkte wie CY115 zu wettbewerbsf\u00e4higen Preisen anzubieten, die es den Brauern erm\u00f6glichen, au\u00dfergew\u00f6hnliche englische Ales, Pale Ales und IPAs herzustellen, die stil- und geschmacksgetreu sind und gleichzeitig die Produktionskosten optimieren.<\/p>\n","protected":false},"excerpt":{"rendered":"<h2 style=\"text-align: center;\">Nur 38.- pro Packung, wenn Sie 20 Packungen \u00e0 500 g bestellen. Der beste Preis f\u00fcr diesen sehr beliebten Hefestamm! H\u00f6ren Sie auf, zu viel f\u00fcr Hefe auszugeben, verwenden Sie Angel Yeast CY115<\/h2>\n<p>CY115 zeichnet sich als Premium-Bierhefestamm aus, der sorgf\u00e4ltig f\u00fcr die Herstellung englischer Ales ausgew\u00e4hlt wurde. Er ist ein Beweis f\u00fcr das Engagement von Angel Yeast f\u00fcr Qualit\u00e4t und Exzellenz in der Brauindustrie. Mit seiner bemerkenswert hohen Flockungsrate und seiner au\u00dfergew\u00f6hnlichen Klarheit ist CY115 ideal f\u00fcr Brauer, die die charakteristischen Eigenschaften traditioneller englischer Ales, Pale Ales und IPAs erreichen wollen. Die F\u00e4higkeit dieser Sorte, milde s\u00fc\u00dfe Fruchtester, insbesondere Apfel und Banane, zu produzieren, verbessert das aromatische Profil des Bieres, ohne den integralen Malzcharakter zu \u00fcberschatten, und sorgt f\u00fcr ein abgerundetes und authentisches Geschmackserlebnis.<\/p>\n<p>Der CY115 Stamm tr\u00e4gt auch zur Struktur des Bieres bei und bietet einen moderaten K\u00f6rper und ein weiches Mundgef\u00fchl, Eigenschaften, die bei der Herstellung von Bieren im englischen Stil sehr gesch\u00e4tzt werden. Diese Eigenschaften machen ihn zu einem vielseitigen und wertvollen Instrument f\u00fcr Brauer, die die Nuancen der englischen Ale-Produktion erforschen und gleichzeitig sicherstellen wollen, dass ihre Kreationen durch Qualit\u00e4t und Authentizit\u00e4t bestechen.<\/p>\n<p>Angel Yeast, der Lieferant des CY115-Stammes, bietet nicht nur ein au\u00dfergew\u00f6hnliches Produkt, sondern auch ein un\u00fcbertroffenes Wertversprechen an. Angel Yeast ist weltweit f\u00fcr seine Innovation, Zuverl\u00e4ssigkeit und sein Engagement zur Unterst\u00fctzung der Brauereigemeinschaft bekannt und stellt sicher, dass CY115 zum besten Preis auf dem Markt f\u00fcr diese spezielle Trockenhefesorte erh\u00e4ltlich ist. Dieses Engagement f\u00fcr Erschwinglichkeit, ohne Kompromisse bei der Qualit\u00e4t einzugehen, erm\u00f6glicht Brauern aller Gr\u00f6\u00dfenordnungen den Zugang zu einem erstklassigen Hefestamm, der sowohl effektiv als auch wirtschaftlich ist.<\/p>\n<p>Wenn Sie sich f\u00fcr CY115 von Angel Yeast entscheiden, kaufen Sie nicht einfach nur einen Hefestamm, sondern Sie investieren in eine Partnerschaft mit einem Anbieter, der daf\u00fcr bekannt ist, dass er sich auf die Lieferung erstklassiger Brauzutaten konzentriert. Das Wertversprechen von Angel Yeast liegt in der F\u00e4higkeit, qualitativ hochwertige Produkte wie CY115 zu wettbewerbsf\u00e4higen Preisen anzubieten, die es den Brauern erm\u00f6glichen, au\u00dfergew\u00f6hnliche englische Ales, Pale Ales und IPAs herzustellen, die stil- und geschmacksgetreu sind und gleichzeitig die Produktionskosten optimieren.<\/p>\n","protected":false},"featured_media":2634,"template":"","meta":{"_themeisle_gutenberg_block_has_review":false},"product_brand":[],"product_cat":[479,365],"product_tag":[],"class_list":{"0":"post-2485","1":"product","2":"type-product","3":"status-publish","4":"has-post-thumbnail","6":"product_cat-ale-de","7":"product_cat-hefe","8":"product_shipping_class-planzer-de","9":"pa_brand-angel-yeast","10":"pa_capacity-20x500g-de","11":"pa_capacity-500g-de","13":"first","14":"instock","15":"taxable","16":"shipping-taxable","17":"purchasable","18":"product-type-variable"},"_links":{"self":[{"href":"https:\/\/goodbeer.solutions\/de\/wp-json\/wp\/v2\/product\/2485","targetHints":{"allow":["GET"]}}],"collection":[{"href":"https:\/\/goodbeer.solutions\/de\/wp-json\/wp\/v2\/product"}],"about":[{"href":"https:\/\/goodbeer.solutions\/de\/wp-json\/wp\/v2\/types\/product"}],"wp:featuredmedia":[{"embeddable":true,"href":"https:\/\/goodbeer.solutions\/de\/wp-json\/wp\/v2\/media\/2634"}],"wp:attachment":[{"href":"https:\/\/goodbeer.solutions\/de\/wp-json\/wp\/v2\/media?parent=2485"}],"wp:term":[{"taxonomy":"product_brand","embeddable":true,"href":"https:\/\/goodbeer.solutions\/de\/wp-json\/wp\/v2\/product_brand?post=2485"},{"taxonomy":"product_cat","embeddable":true,"href":"https:\/\/goodbeer.solutions\/de\/wp-json\/wp\/v2\/product_cat?post=2485"},{"taxonomy":"product_tag","embeddable":true,"href":"https:\/\/goodbeer.solutions\/de\/wp-json\/wp\/v2\/product_tag?post=2485"}],"curies":[{"name":"wp","href":"https:\/\/api.w.org\/{rel}","templated":true}]}}