{"id":2491,"date":"2024-03-25T10:32:32","date_gmt":"2024-03-25T09:32:32","guid":{"rendered":"https:\/\/goodbeer.solutions\/product\/angel-yeast-a01-trockenhefe-500g\/"},"modified":"2025-07-16T14:00:25","modified_gmt":"2025-07-16T13:00:25","slug":"angel-yeast-a01-trockenhefe-500g","status":"publish","type":"product","link":"https:\/\/goodbeer.solutions\/de\/produkt\/angel-yeast-a01-trockenhefe-500g\/","title":{"rendered":"Angel Yeast A01 Trockenhefe 500g"},"content":{"rendered":"<h3 style=\"text-align: center;\">Nur 38.- pro Packung, wenn Sie 20 Packungen X 500 g bestellen. Der beste Preis f\u00fcr diesen sehr beliebten Hefestamm! H\u00f6ren Sie auf, zu viel f\u00fcr Hefe auszugeben, verwenden Sie Angel yeast A01<\/h3>\n<p>A01, das den gesch\u00e4tzten &#8222;Chicco-Stamm&#8220; aus Kalifornien widerspiegelt, ist nicht nur ein Beweis f\u00fcr die \u00fcberragende Leistung amerikanischer Ale-Hefe, sondern auch ein H\u00f6hepunkt des Engagements von Angel Yeast f\u00fcr Qualit\u00e4t und Innovation im Bereich der Hefeversorgung. Angel Yeast ist ein weltweit anerkannter Anbieter, der f\u00fcr sein Engagement bei der Lieferung hochwertiger Hefeprodukte f\u00fcr die unterschiedlichen Bed\u00fcrfnisse von Brauereien weltweit gesch\u00e4tzt wird. Mit einem Ruf, der auf Zuverl\u00e4ssigkeit, Reinheit und einer breiten Produktpalette beruht, ist Angel Yeast in der Brauindustrie zu einem Synonym f\u00fcr Spitzenleistungen geworden.<\/p>\n<p>Der Hefestamm A01 von Angel Yeast bietet Brauern eine einzigartige Kombination aus sauberen, neutralen und knackigen Geschmacksprofilen, die die Produktion von wenig fruchtigen Estern und die Verst\u00e4rkung der Malz- und Hopfencharakteristiken in einer Vielzahl amerikanischer Bierstile gew\u00e4hrleisten. Diese Anpassungsf\u00e4higkeit und Leistungseffizienz unterstreichen die Expertise von Angel Yeast in der Hefezucht und die Konzentration auf die Unterst\u00fctzung von Brauern in ihrem Streben nach Perfektion.<\/p>\n<p>Dar\u00fcber hinaus ist Angel Yeast stolz darauf, den A01-Stamm zum besten Preis auf dem Markt f\u00fcr diese Trockenhefevariante anzubieten, um sicherzustellen, dass Brauer Zugang zu Hefe h\u00f6chster Qualit\u00e4t haben, ohne ihr Budget zu gef\u00e4hrden. Dieses Wertversprechen ist Teil der Mission von Angel Yeast, die Brauereigemeinschaft zu unterst\u00fctzen und es sowohl kommerziellen als auch unabh\u00e4ngigen Brauern zu erm\u00f6glichen, ihre gew\u00fcnschten Bierprofile zu erreichen und dabei kosteneffizient zu bleiben.<\/p>\n<p>Die Wahl von A01 von Angel Yeast bedeutet, dass Sie sich f\u00fcr einen Hefestamm entscheiden, der nicht nur au\u00dfergew\u00f6hnliche Brauergebnisse liefert, sondern auch von einem Anbieter stammt, der Wert auf Qualit\u00e4t, Erschwinglichkeit und die vielf\u00e4ltigen Bed\u00fcrfnisse der Brauergemeinschaft legt. Es ist eine kluge Wahl f\u00fcr alle, die authentisches amerikanisches Bier mit Klarheit, Knackigkeit und einem sauberen Abgang herstellen und dabei von dem besten verf\u00fcgbaren Marktwert profitieren m\u00f6chten.<\/p>\n","protected":false},"excerpt":{"rendered":"<h3 style=\"text-align: center;\">Nur 38.- pro Packung, wenn Sie 20 Packungen X 500 g bestellen. Der beste Preis f\u00fcr diesen sehr beliebten Hefestamm! H\u00f6ren Sie auf, zu viel f\u00fcr Hefe auszugeben, verwenden Sie Angel yeast A01<\/h3>\n<p>A01, das den gesch\u00e4tzten &#8222;Chicco-Stamm&#8220; aus Kalifornien widerspiegelt, ist nicht nur ein Beweis f\u00fcr die \u00fcberragende Leistung amerikanischer Ale-Hefe, sondern auch ein H\u00f6hepunkt des Engagements von Angel Yeast f\u00fcr Qualit\u00e4t und Innovation im Bereich der Hefeversorgung. Angel Yeast ist ein weltweit anerkannter Anbieter, der f\u00fcr sein Engagement bei der Lieferung hochwertiger Hefeprodukte f\u00fcr die unterschiedlichen Bed\u00fcrfnisse von Brauereien weltweit gesch\u00e4tzt wird. Mit einem Ruf, der auf Zuverl\u00e4ssigkeit, Reinheit und einer breiten Produktpalette beruht, ist Angel Yeast in der Brauindustrie zu einem Synonym f\u00fcr Spitzenleistungen geworden.<\/p>\n<p>Der Hefestamm A01 von Angel Yeast bietet Brauern eine einzigartige Kombination aus sauberen, neutralen und knackigen Geschmacksprofilen, die die Produktion von wenig fruchtigen Estern und die Verst\u00e4rkung der Malz- und Hopfencharakteristiken in einer Vielzahl amerikanischer Bierstile gew\u00e4hrleisten. Diese Anpassungsf\u00e4higkeit und Leistungseffizienz unterstreichen die Expertise von Angel Yeast in der Hefezucht und die Konzentration auf die Unterst\u00fctzung von Brauern in ihrem Streben nach Perfektion.<\/p>\n<p>Dar\u00fcber hinaus ist Angel Yeast stolz darauf, den A01-Stamm zum besten Preis auf dem Markt f\u00fcr diese Trockenhefevariante anzubieten, um sicherzustellen, dass Brauer Zugang zu Hefe h\u00f6chster Qualit\u00e4t haben, ohne ihr Budget zu gef\u00e4hrden. Dieses Wertversprechen ist Teil der Mission von Angel Yeast, die Brauereigemeinschaft zu unterst\u00fctzen und es sowohl kommerziellen als auch unabh\u00e4ngigen Brauern zu erm\u00f6glichen, ihre gew\u00fcnschten Bierprofile zu erreichen und dabei kosteneffizient zu bleiben.<\/p>\n<p>Die Wahl von A01 von Angel Yeast bedeutet, dass Sie sich f\u00fcr einen Hefestamm entscheiden, der nicht nur au\u00dfergew\u00f6hnliche Brauergebnisse liefert, sondern auch von einem Anbieter stammt, der Wert auf Qualit\u00e4t, Erschwinglichkeit und die vielf\u00e4ltigen Bed\u00fcrfnisse der Brauergemeinschaft legt. Es ist eine kluge Wahl f\u00fcr alle, die authentisches amerikanisches Bier mit Klarheit, Knackigkeit und einem sauberen Abgang herstellen und dabei von dem besten verf\u00fcgbaren Marktwert profitieren m\u00f6chten.<\/p>\n","protected":false},"featured_media":2014,"template":"","meta":{"_themeisle_gutenberg_block_has_review":false},"product_brand":[],"product_cat":[479,365],"product_tag":[],"class_list":{"0":"post-2491","1":"product","2":"type-product","3":"status-publish","4":"has-post-thumbnail","6":"product_cat-ale-de","7":"product_cat-hefe","8":"product_shipping_class-planzer-de","9":"pa_brand-angel-yeast","10":"pa_capacity-20x500g-de","11":"pa_capacity-500g-de","13":"first","14":"instock","15":"taxable","16":"shipping-taxable","17":"purchasable","18":"product-type-variable"},"_links":{"self":[{"href":"https:\/\/goodbeer.solutions\/de\/wp-json\/wp\/v2\/product\/2491","targetHints":{"allow":["GET"]}}],"collection":[{"href":"https:\/\/goodbeer.solutions\/de\/wp-json\/wp\/v2\/product"}],"about":[{"href":"https:\/\/goodbeer.solutions\/de\/wp-json\/wp\/v2\/types\/product"}],"wp:featuredmedia":[{"embeddable":true,"href":"https:\/\/goodbeer.solutions\/de\/wp-json\/wp\/v2\/media\/2014"}],"wp:attachment":[{"href":"https:\/\/goodbeer.solutions\/de\/wp-json\/wp\/v2\/media?parent=2491"}],"wp:term":[{"taxonomy":"product_brand","embeddable":true,"href":"https:\/\/goodbeer.solutions\/de\/wp-json\/wp\/v2\/product_brand?post=2491"},{"taxonomy":"product_cat","embeddable":true,"href":"https:\/\/goodbeer.solutions\/de\/wp-json\/wp\/v2\/product_cat?post=2491"},{"taxonomy":"product_tag","embeddable":true,"href":"https:\/\/goodbeer.solutions\/de\/wp-json\/wp\/v2\/product_tag?post=2491"}],"curies":[{"name":"wp","href":"https:\/\/api.w.org\/{rel}","templated":true}]}}