{"id":2499,"date":"2024-01-18T15:47:32","date_gmt":"2024-01-18T14:47:32","guid":{"rendered":"https:\/\/goodbeer.solutions\/product\/lallemand-belle-saison-saison-500g-trockenhefe\/"},"modified":"2024-07-02T10:26:47","modified_gmt":"2024-07-02T09:26:47","slug":"lallemand-belle-saison-saison-500g-trockenhefe","status":"publish","type":"product","link":"https:\/\/goodbeer.solutions\/de\/produkt\/lallemand-belle-saison-saison-500g-trockenhefe\/","title":{"rendered":"Lallemand Lalbrew Belle Saison 500g &#8211; Trockenhefepack"},"content":{"rendered":"<table dir=\"ltr\" border=\"1\" cellspacing=\"0\" cellpadding=\"0\" data-sheets-root=\"1\">\n<colgroup>\n<col width=\"153\" \/>\n<col width=\"391\" \/><\/colgroup>\n<tbody>\n<tr>\n<td data-sheets-value=\"{\">St\u00e4mme<\/td>\n<td data-sheets-value=\"{\">Saccharomyces cerevisaie var. diastaticus<\/td>\n<\/tr>\n<tr>\n<td data-sheets-value=\"{\">Bierstile<\/td>\n<td data-sheets-value=\"{\">Saison, Gose, Bauernhaus, Berliner Wei\u00df<\/td>\n<\/tr>\n<tr>\n<td data-sheets-value=\"{\">Abschw\u00e4chung<\/td>\n<td data-sheets-value=\"{\">86-94<\/td>\n<\/tr>\n<tr>\n<td data-sheets-value=\"{\">Temperaturbereich<\/td>\n<td data-sheets-value=\"{\">20 &#8211; 35\u00b0C (68 &#8211; 95\u00b0F)<\/td>\n<\/tr>\n<tr>\n<td data-sheets-value=\"{\">Flockung<\/td>\n<td data-sheets-value=\"{\">Niedrig<\/td>\n<\/tr>\n<tr>\n<td data-sheets-value=\"{\">Aroma<\/td>\n<td data-sheets-value=\"{\">Zitrusfr\u00fcchte, Pfeffer<\/td>\n<\/tr>\n<tr>\n<td data-sheets-value=\"{\">Alkoholtoleranz<\/td>\n<td data-sheets-value=\"{\">15% ABV<\/td>\n<\/tr>\n<tr>\n<td data-sheets-value=\"{\">Pitching Rate<\/td>\n<td data-sheets-value=\"{\">50 &#8211; 100g\/hL<\/td>\n<\/tr>\n<\/tbody>\n<\/table>\n","protected":false},"excerpt":{"rendered":"<p><span style=\"font-weight: 400;\">LalBrew Belle Saison\u2122<\/span><\/p>\n<p><span style=\"font-weight: 400;\">LalBrew Belle Saison\u2122 ist eine belgische Bierhefe, die sorgf\u00e4ltig f\u00fcr ihre au\u00dfergew\u00f6hnlichen F\u00e4higkeiten bei der Herstellung von Bieren im Stil der Saison ausgew\u00e4hlt wurde. Diese Diastaticus-Sorte wurde speziell entwickelt, um die hohe D\u00e4mpfung zu erreichen, die f\u00fcr diesen klassischen Stil charakteristisch ist. LalBrew Belle Saison\u2122 wurde entwickelt, um in G\u00e4rungen bei warmen Temperaturen zu gedeihen, die an traditionelle &#8222;Farmhouse&#8220;-Praktiken erinnern, und ergibt Biere, die sich durch ihre Fruchtigkeit, W\u00fcrze und Erfrischung auszeichnen. Dar\u00fcber hinaus verst\u00e4rkt LalBrew Belle Saison\u2122 durch die Expression eines \u03b2-Glucosidase-Enzyms den Hopfengeschmack und das Hopfenaroma, was es zu einer ausgezeichneten Wahl f\u00fcr die Herstellung von hopfigen Bieren im Saison-Stil macht.<\/span><\/p>\n","protected":false},"featured_media":1558,"template":"","meta":{"_themeisle_gutenberg_block_has_review":false},"product_brand":[],"product_cat":[479,365],"product_tag":[],"class_list":{"0":"post-2499","1":"product","2":"type-product","3":"status-publish","4":"has-post-thumbnail","6":"product_cat-ale-de","7":"product_cat-hefe","8":"product_shipping_class-planzer-de","9":"pa_brand-lallemand","11":"first","12":"instock","13":"taxable","14":"shipping-taxable","15":"purchasable","16":"product-type-simple"},"_links":{"self":[{"href":"https:\/\/goodbeer.solutions\/de\/wp-json\/wp\/v2\/product\/2499","targetHints":{"allow":["GET"]}}],"collection":[{"href":"https:\/\/goodbeer.solutions\/de\/wp-json\/wp\/v2\/product"}],"about":[{"href":"https:\/\/goodbeer.solutions\/de\/wp-json\/wp\/v2\/types\/product"}],"wp:featuredmedia":[{"embeddable":true,"href":"https:\/\/goodbeer.solutions\/de\/wp-json\/wp\/v2\/media\/1558"}],"wp:attachment":[{"href":"https:\/\/goodbeer.solutions\/de\/wp-json\/wp\/v2\/media?parent=2499"}],"wp:term":[{"taxonomy":"product_brand","embeddable":true,"href":"https:\/\/goodbeer.solutions\/de\/wp-json\/wp\/v2\/product_brand?post=2499"},{"taxonomy":"product_cat","embeddable":true,"href":"https:\/\/goodbeer.solutions\/de\/wp-json\/wp\/v2\/product_cat?post=2499"},{"taxonomy":"product_tag","embeddable":true,"href":"https:\/\/goodbeer.solutions\/de\/wp-json\/wp\/v2\/product_tag?post=2499"}],"curies":[{"name":"wp","href":"https:\/\/api.w.org\/{rel}","templated":true}]}}