{"id":2501,"date":"2024-01-18T15:22:31","date_gmt":"2024-01-18T14:22:31","guid":{"rendered":"https:\/\/goodbeer.solutions\/product\/lallemand-abbaye-belgian-style-500-trockenhefe\/"},"modified":"2024-07-02T10:26:47","modified_gmt":"2024-07-02T09:26:47","slug":"lallemand-abbaye-belgian-style-500-trockenhefe","status":"publish","type":"product","link":"https:\/\/goodbeer.solutions\/de\/produkt\/lallemand-abbaye-belgian-style-500-trockenhefe\/","title":{"rendered":"Lallemand Lalbrew Abbaye Belgian-Style 500g &#8211; Trockenhefepack"},"content":{"rendered":"<table dir=\"ltr\" border=\"1\" cellspacing=\"0\" cellpadding=\"0\" data-sheets-root=\"1\">\n<colgroup>\n<col width=\"153\" \/>\n<col width=\"391\" \/><\/colgroup>\n<tbody>\n<tr>\n<td data-sheets-value=\"{\">St\u00e4mme<\/td>\n<td data-sheets-value=\"{\">Saccharomyces cerevisiae<\/td>\n<\/tr>\n<tr>\n<td data-sheets-value=\"{\">Bierstile<\/td>\n<td data-sheets-value=\"{\">\n<div>\n<div>Belgisches Blonde Ale, belgisches Dark Strong Ale, belgisches Dubbel, belgisches Golden Strong Ale, belgisches Pale Ale, belgisches Quad, belgischer Tripel, Biere de Garde, Witbier<\/div>\n<\/div>\n<\/td>\n<\/tr>\n<tr>\n<td data-sheets-value=\"{\">Abschw\u00e4chung<\/td>\n<td data-sheets-value=\"{\">77-83<\/td>\n<\/tr>\n<tr>\n<td data-sheets-value=\"{\">Temperaturbereich<\/td>\n<td data-sheets-value=\"{\">17 &#8211; 25\u00b0C (63 &#8211; 77\u00b0F)<\/td>\n<\/tr>\n<tr>\n<td data-sheets-value=\"{\">Flockung<\/td>\n<td data-sheets-value=\"{\">Mittel-Hoch<\/td>\n<\/tr>\n<tr>\n<td data-sheets-value=\"{\">Aroma<\/td>\n<td data-sheets-value=\"{\">W\u00fcrzig, fruchtig, tropisch, Banane<\/td>\n<\/tr>\n<tr>\n<td data-sheets-value=\"{\">Alkoholtoleranz<\/td>\n<td data-sheets-value=\"{\">14% ABV<\/td>\n<\/tr>\n<tr>\n<td data-sheets-value=\"{\">Pitching Rate<\/td>\n<td data-sheets-value=\"{\">50 &#8211; 100g\/hL<\/td>\n<\/tr>\n<\/tbody>\n<\/table>\n","protected":false},"excerpt":{"rendered":"<p><span style=\"font-weight: 400;\">LalBrew Abbaye\u2122<\/span><\/p>\n<p><span style=\"font-weight: 400;\">LalBrew Abbaye\u2122 ist eine Ale-Hefe, die aus dem Herzen Belgiens stammt. LalBrew Abbaye\u2122 wurde sorgf\u00e4ltig f\u00fcr seine au\u00dfergew\u00f6hnlichen G\u00e4rf\u00e4higkeiten ausgew\u00e4hlt, die das Spektrum von niedrigem bis hohem Alkoholgehalt abdecken. Es verleiht die charakteristische W\u00fcrze und den fruchtigen Charakter, die belgische und Trappistenbiere ausmachen. Bei h\u00f6heren G\u00e4rungstemperaturen setzt er tropische, w\u00fcrzige und Bananennoten frei. Bei niedrigeren Temperaturen enth\u00fcllt LalBrew Abbaye\u2122 ein dunkleres Fruchtprofil, mit Noten von Rosinen, Datteln und Feigen. Dieser vielseitige Hefestamm eignet sich perfekt f\u00fcr die Herstellung einer breiten Palette traditioneller Bierstile, einschlie\u00dflich, aber nicht beschr\u00e4nkt auf Belgian White, Belgian Blonde, Belgian Golden, Dubbel, Tripel und Quad.<\/span><\/p>\n<p>&nbsp;<\/p>\n<p>&nbsp;<\/p>\n<p>&nbsp;<\/p>\n","protected":false},"featured_media":1612,"template":"","meta":{"_themeisle_gutenberg_block_has_review":false},"product_brand":[],"product_cat":[479,365],"product_tag":[],"class_list":{"0":"post-2501","1":"product","2":"type-product","3":"status-publish","4":"has-post-thumbnail","6":"product_cat-ale-de","7":"product_cat-hefe","8":"product_shipping_class-planzer-de","9":"pa_brand-lallemand","11":"first","12":"onbackorder","13":"taxable","14":"shipping-taxable","15":"purchasable","16":"product-type-simple"},"_links":{"self":[{"href":"https:\/\/goodbeer.solutions\/de\/wp-json\/wp\/v2\/product\/2501","targetHints":{"allow":["GET"]}}],"collection":[{"href":"https:\/\/goodbeer.solutions\/de\/wp-json\/wp\/v2\/product"}],"about":[{"href":"https:\/\/goodbeer.solutions\/de\/wp-json\/wp\/v2\/types\/product"}],"wp:featuredmedia":[{"embeddable":true,"href":"https:\/\/goodbeer.solutions\/de\/wp-json\/wp\/v2\/media\/1612"}],"wp:attachment":[{"href":"https:\/\/goodbeer.solutions\/de\/wp-json\/wp\/v2\/media?parent=2501"}],"wp:term":[{"taxonomy":"product_brand","embeddable":true,"href":"https:\/\/goodbeer.solutions\/de\/wp-json\/wp\/v2\/product_brand?post=2501"},{"taxonomy":"product_cat","embeddable":true,"href":"https:\/\/goodbeer.solutions\/de\/wp-json\/wp\/v2\/product_cat?post=2501"},{"taxonomy":"product_tag","embeddable":true,"href":"https:\/\/goodbeer.solutions\/de\/wp-json\/wp\/v2\/product_tag?post=2501"}],"curies":[{"name":"wp","href":"https:\/\/api.w.org\/{rel}","templated":true}]}}