{"id":2504,"date":"2023-12-08T15:48:48","date_gmt":"2023-12-08T14:48:48","guid":{"rendered":"https:\/\/goodbeer.solutions\/product\/muenchen-15-md\/"},"modified":"2024-07-02T10:27:41","modified_gmt":"2024-07-02T09:27:41","slug":"munich-15-dingemans","status":"publish","type":"product","link":"https:\/\/goodbeer.solutions\/de\/produkt\/munich-15-dingemans\/","title":{"rendered":"MUNICH 15 Malz von Dingemans"},"content":{"rendered":"<table dir=\"ltr\" style=\"height: 183px;\" border=\"1\" width=\"275\" cellspacing=\"0\" cellpadding=\"0\" data-sheets-root=\"1\">\n<colgroup>\n<col width=\"100\" \/>\n<col width=\"100\" \/><\/colgroup>\n<tbody>\n<tr>\n<td data-sheets-value=\"{\">FARBE EBC:<\/td>\n<td data-sheets-value=\"{\">15<\/td>\n<\/tr>\n<tr>\n<td data-sheets-value=\"{\">LOVIBOND:<\/td>\n<td data-sheets-value=\"{\">6<\/td>\n<\/tr>\n<tr>\n<td data-sheets-value=\"{\">GESCHMACK:<\/td>\n<td data-sheets-value=\"{\">Sehr malzig<\/td>\n<\/tr>\n<tr>\n<td data-sheets-value=\"{\">ANWENDUNG:<\/td>\n<td data-sheets-value=\"{\">Alle Arten von Bier<\/td>\n<\/tr>\n<tr>\n<td data-sheets-value=\"{\">Empfohlene Zugabe:<\/td>\n<td data-sheets-value=\"{\">Bis zu 100%<\/td>\n<\/tr>\n<\/tbody>\n<\/table>\n","protected":false},"excerpt":{"rendered":"<div class=\"field field-name-field-colour-ebc field-type-number-integer field-label-inline clearfix\">\n<div class=\"field-label\">\n<p>Unser Munich 15 MD hat eine ausgepr\u00e4gte Malzigkeit und ein ausgepr\u00e4gtes Aroma. Dieses M\u00fcnchner Malz verst\u00e4rkt auch den Charakter und die Reichhaltigkeit des Bieres und verleiht ihm eine angenehme bernsteinfarbene\/orange Farbe.<\/p>\n<p>Beim Darren erreichen wir im Vergleich zu unserem Pilsener MD Malz h\u00f6here Temperaturen, was zu einer deutlich geringeren enzymatischen Aktivit\u00e4t f\u00fchrt.<\/p>\n<p>Daher kann dieses <a href=\"http:\/\/dingemansmout.nexperteamhosting.be\/kilned-malts\">gedarrte Malz<\/a> bis zu 80% der Getreidemenge in allen Biersorten ausmachen.<\/p>\n<\/div>\n<\/div>\n","protected":false},"featured_media":1452,"template":"","meta":{"_themeisle_gutenberg_block_has_review":false},"product_brand":[],"product_cat":[371,367],"product_tag":[],"class_list":{"0":"post-2504","1":"product","2":"type-product","3":"status-publish","4":"has-post-thumbnail","6":"product_cat-bruehmalze","7":"product_cat-malz","8":"pa_brand-dingemans","9":"pa_capacity-1t-groser-beutel","10":"pa_capacity-40-x-25-kg-sacke","12":"first","13":"onbackorder","14":"taxable","15":"shipping-taxable","16":"purchasable","17":"product-type-variable","18":"has-default-attributes"},"_links":{"self":[{"href":"https:\/\/goodbeer.solutions\/de\/wp-json\/wp\/v2\/product\/2504","targetHints":{"allow":["GET"]}}],"collection":[{"href":"https:\/\/goodbeer.solutions\/de\/wp-json\/wp\/v2\/product"}],"about":[{"href":"https:\/\/goodbeer.solutions\/de\/wp-json\/wp\/v2\/types\/product"}],"wp:featuredmedia":[{"embeddable":true,"href":"https:\/\/goodbeer.solutions\/de\/wp-json\/wp\/v2\/media\/1452"}],"wp:attachment":[{"href":"https:\/\/goodbeer.solutions\/de\/wp-json\/wp\/v2\/media?parent=2504"}],"wp:term":[{"taxonomy":"product_brand","embeddable":true,"href":"https:\/\/goodbeer.solutions\/de\/wp-json\/wp\/v2\/product_brand?post=2504"},{"taxonomy":"product_cat","embeddable":true,"href":"https:\/\/goodbeer.solutions\/de\/wp-json\/wp\/v2\/product_cat?post=2504"},{"taxonomy":"product_tag","embeddable":true,"href":"https:\/\/goodbeer.solutions\/de\/wp-json\/wp\/v2\/product_tag?post=2504"}],"curies":[{"name":"wp","href":"https:\/\/api.w.org\/{rel}","templated":true}]}}