{"id":2510,"date":"2023-12-08T15:34:29","date_gmt":"2023-12-08T14:34:29","guid":{"rendered":"https:\/\/goodbeer.solutions\/product\/blau-ale-9-md\/"},"modified":"2024-07-02T10:27:41","modified_gmt":"2024-07-02T09:27:41","slug":"pale-ale-9-md","status":"publish","type":"product","link":"https:\/\/goodbeer.solutions\/de\/produkt\/pale-ale-9-md\/","title":{"rendered":"PALE ALE Basis-Malz von Dingemans"},"content":{"rendered":"<table dir=\"ltr\" style=\"height: 183px;\" border=\"1\" width=\"275\" cellspacing=\"0\" cellpadding=\"0\" data-sheets-root=\"1\">\n<colgroup>\n<col width=\"100\" \/>\n<col width=\"100\" \/><\/colgroup>\n<tbody>\n<tr>\n<td data-sheets-value=\"{\">FARBE EBC:<\/td>\n<td data-sheets-value=\"{\">9<\/td>\n<\/tr>\n<tr>\n<td data-sheets-value=\"{\">LOVIBOND:<\/td>\n<td data-sheets-value=\"{\">3,8<\/td>\n<\/tr>\n<tr>\n<td data-sheets-value=\"{\">GESCHMACK:<\/td>\n<td data-sheets-value=\"{\">Malzig<\/td>\n<\/tr>\n<tr>\n<td data-sheets-value=\"{\">ANWENDUNG:<\/td>\n<td data-sheets-value=\"{\">Alle Arten von Bier<\/td>\n<\/tr>\n<tr>\n<td data-sheets-value=\"{\">Empfohlene Zugabe:<\/td>\n<td data-sheets-value=\"{\">Bis zu 100%<\/td>\n<\/tr>\n<\/tbody>\n<\/table>\n","protected":false},"excerpt":{"rendered":"<p>Unser Pale Ale 9 MD Malz wird aus der besten 2-reihigen europ\u00e4ischen Sommergerste hergestellt. Es ist vollst\u00e4ndig modifiziert und wird l\u00e4nger und intensiver gedarrt als unser Pilsener MD Malz. Er verleiht dem Endprodukt eine goldene Farbe, einen komplexen malzigen Charakter und einen exquisiten K\u00f6rper.<\/p>\n<p>Dank optimaler Einweich- und Keimbedingungen ist eine homogene Modifikation gew\u00e4hrleistet. Aus diesem Grund kann unser Pale Ale 9 MD Malz in 1- oder mehrstufigen Maischen verwendet werden. Niedrige Protein- und Glukangehalte sorgen au\u00dferdem f\u00fcr eine einfache Kl\u00e4rung und hohe Extraktionseffizienz.<\/p>\n<p>Aufgrund seiner hohen enzymatischen Aktivit\u00e4t kann dieses <a href=\"http:\/\/dingemansmout.nexperteamhosting.be\/kilned-malts\">Darrmalz<\/a> in allen Biersorten f\u00fcr bis zu 100% der Getreidemenge verwendet werden.<\/p>\n","protected":false},"featured_media":1470,"template":"","meta":{"_themeisle_gutenberg_block_has_review":false},"product_brand":[],"product_cat":[371,367],"product_tag":[],"class_list":{"0":"post-2510","1":"product","2":"type-product","3":"status-publish","4":"has-post-thumbnail","6":"product_cat-bruehmalze","7":"product_cat-malz","8":"pa_brand-dingemans","9":"pa_capacity-1t-groser-beutel","10":"pa_capacity-40-x-25-kg-sacke","12":"first","13":"instock","14":"taxable","15":"shipping-taxable","16":"purchasable","17":"product-type-variable","18":"has-default-attributes"},"_links":{"self":[{"href":"https:\/\/goodbeer.solutions\/de\/wp-json\/wp\/v2\/product\/2510","targetHints":{"allow":["GET"]}}],"collection":[{"href":"https:\/\/goodbeer.solutions\/de\/wp-json\/wp\/v2\/product"}],"about":[{"href":"https:\/\/goodbeer.solutions\/de\/wp-json\/wp\/v2\/types\/product"}],"wp:featuredmedia":[{"embeddable":true,"href":"https:\/\/goodbeer.solutions\/de\/wp-json\/wp\/v2\/media\/1470"}],"wp:attachment":[{"href":"https:\/\/goodbeer.solutions\/de\/wp-json\/wp\/v2\/media?parent=2510"}],"wp:term":[{"taxonomy":"product_brand","embeddable":true,"href":"https:\/\/goodbeer.solutions\/de\/wp-json\/wp\/v2\/product_brand?post=2510"},{"taxonomy":"product_cat","embeddable":true,"href":"https:\/\/goodbeer.solutions\/de\/wp-json\/wp\/v2\/product_cat?post=2510"},{"taxonomy":"product_tag","embeddable":true,"href":"https:\/\/goodbeer.solutions\/de\/wp-json\/wp\/v2\/product_tag?post=2510"}],"curies":[{"name":"wp","href":"https:\/\/api.w.org\/{rel}","templated":true}]}}