{"id":2540,"date":"2024-01-25T12:12:53","date_gmt":"2024-01-25T11:12:53","guid":{"rendered":"https:\/\/goodbeer.solutions\/product\/cara-120-karamellmalz-von-dingemans-malts\/"},"modified":"2024-10-21T12:22:48","modified_gmt":"2024-10-21T11:22:48","slug":"cara-120-karamellmalz-von-dingemans-malts","status":"publish","type":"product","link":"https:\/\/goodbeer.solutions\/de\/produkt\/cara-120-karamellmalz-von-dingemans-malts\/","title":{"rendered":"CARA 120 Karamellmalz von Dingemans"},"content":{"rendered":"<table dir=\"ltr\" style=\"height: 183px;\" border=\"1\" width=\"275\" cellspacing=\"0\" cellpadding=\"0\" data-sheets-root=\"1\">\n<colgroup>\n<col width=\"100\" \/>\n<col width=\"100\" \/><\/colgroup>\n<tbody>\n<tr>\n<td data-sheets-value=\"{\">FARBE EBC:<\/td>\n<td data-sheets-value=\"{\">120<\/td>\n<\/tr>\n<tr>\n<td data-sheets-value=\"{\">LOVIBOND:<\/td>\n<td data-sheets-value=\"{\">47<\/td>\n<\/tr>\n<tr>\n<td data-sheets-value=\"{\">GESCHMACK:<\/td>\n<td data-sheets-value=\"{\">\n<div class=\"field field-name-field-flavour field-type-text field-label-inline clearfix\">\n<div class=\"field-items\">\n<div class=\"field-item even\">Starker s\u00fc\u00dfer Karamellgeschmack<\/div>\n<\/div>\n<\/div>\n<\/td>\n<\/tr>\n<tr>\n<td data-sheets-value=\"{\">ANWENDUNG:<\/td>\n<td data-sheets-value=\"{\">\n<div class=\"field-item even\">\n<div class=\"field-item even\">\n<div class=\"field-item even\">\n<div class=\"field-item even\">\n<div class=\"field-item even\">Abtei-Biere<\/div>\n<div class=\"field-item odd\">Stout<\/div>\n<div class=\"field-item even\">Porter<\/div>\n<div class=\"field-item odd\">Barleywine<\/div>\n<div class=\"field-item even\">Flemish Old Brown<\/div>\n<div class=\"field-item odd\">Dunkles Ale<\/div>\n<div class=\"field-item even\">Belgischer Quadrupel<\/div>\n<\/div>\n<\/div>\n<\/div>\n<\/div>\n<\/td>\n<\/tr>\n<tr>\n<td data-sheets-value=\"{\">Empfohlene Zugabe:<\/td>\n<td data-sheets-value=\"{\">Bis zu 25%<\/td>\n<\/tr>\n<\/tbody>\n<\/table>\n","protected":false},"excerpt":{"rendered":"<div class=\"field field-name-field-colour-ebc field-type-number-integer field-label-inline clearfix\">\n<div class=\"field-label\">\n<p>Unser Cara 120 MD zeichnet sich durch ein reichhaltiges, dunkles Karamellmalz aus, das in einer R\u00f6sttrommel entwickelt wurde. Der allm\u00e4hliche Temperaturanstieg w\u00e4hrend der Produktion verleiht diesem Malz seine tiefe Karamells\u00fc\u00dfe in Aroma und Geschmack sowie seine dunkle F\u00e4rbung.<\/p>\n<p>Viele belgische Brauereien bevorzugen das Cara 120 MD Malz f\u00fcr die Herstellung ihrer Abteibiere.<\/p>\n<p>Karamellisierte Malze wie das Cara 120 MD sind daf\u00fcr bekannt, die Schaumstabilit\u00e4t zu verbessern, und zwar selbst dann, wenn nur 5 % in der Getreidemischung enthalten sind.<\/p>\n<p>Diese Art von karamellisiertem Malz eignet sich f\u00fcr eine Beimischung von bis zu 25% in der Getreidemischung f\u00fcr das Brauen.<\/p>\n<\/div>\n<\/div>\n","protected":false},"featured_media":1456,"template":"","meta":{"_themeisle_gutenberg_block_has_review":false},"product_brand":[],"product_cat":[369,367],"product_tag":[],"class_list":{"0":"post-2540","1":"product","2":"type-product","3":"status-publish","4":"has-post-thumbnail","6":"product_cat-caramelmalze","7":"product_cat-malz","8":"pa_brand-dingemans","9":"pa_capacity-1t-groser-beutel","10":"pa_capacity-40-x-25-kg-sacke","12":"first","13":"onbackorder","14":"taxable","15":"shipping-taxable","16":"purchasable","17":"product-type-variable"},"_links":{"self":[{"href":"https:\/\/goodbeer.solutions\/de\/wp-json\/wp\/v2\/product\/2540","targetHints":{"allow":["GET"]}}],"collection":[{"href":"https:\/\/goodbeer.solutions\/de\/wp-json\/wp\/v2\/product"}],"about":[{"href":"https:\/\/goodbeer.solutions\/de\/wp-json\/wp\/v2\/types\/product"}],"wp:featuredmedia":[{"embeddable":true,"href":"https:\/\/goodbeer.solutions\/de\/wp-json\/wp\/v2\/media\/1456"}],"wp:attachment":[{"href":"https:\/\/goodbeer.solutions\/de\/wp-json\/wp\/v2\/media?parent=2540"}],"wp:term":[{"taxonomy":"product_brand","embeddable":true,"href":"https:\/\/goodbeer.solutions\/de\/wp-json\/wp\/v2\/product_brand?post=2540"},{"taxonomy":"product_cat","embeddable":true,"href":"https:\/\/goodbeer.solutions\/de\/wp-json\/wp\/v2\/product_cat?post=2540"},{"taxonomy":"product_tag","embeddable":true,"href":"https:\/\/goodbeer.solutions\/de\/wp-json\/wp\/v2\/product_tag?post=2540"}],"curies":[{"name":"wp","href":"https:\/\/api.w.org\/{rel}","templated":true}]}}