{"id":2549,"date":"2024-01-25T12:19:36","date_gmt":"2024-01-25T11:19:36","guid":{"rendered":"https:\/\/goodbeer.solutions\/product\/cara-200-md-mittleres-dunkles-karamellmalz-dingemans-malts\/"},"modified":"2024-10-21T12:22:45","modified_gmt":"2024-10-21T11:22:45","slug":"cara-200-md-mittleres-dunkles-karamellmalz-dingemans-malts","status":"publish","type":"product","link":"https:\/\/goodbeer.solutions\/de\/produkt\/cara-200-md-mittleres-dunkles-karamellmalz-dingemans-malts\/","title":{"rendered":"CARA 200 MD mitteldunkles Karamellmalz von Dingemans"},"content":{"rendered":"<table dir=\"ltr\" style=\"height: 183px;\" border=\"1\" width=\"275\" cellspacing=\"0\" cellpadding=\"0\" data-sheets-root=\"1\">\n<colgroup>\n<col width=\"100\" \/>\n<col width=\"100\" \/><\/colgroup>\n<tbody>\n<tr>\n<td data-sheets-value=\"{\">FARBE EBC:<\/td>\n<td data-sheets-value=\"{\">200<\/td>\n<\/tr>\n<tr>\n<td data-sheets-value=\"{\">LOVIBOND:<\/td>\n<td data-sheets-value=\"{\">75<\/td>\n<\/tr>\n<tr>\n<td data-sheets-value=\"{\">GESCHMACK:<\/td>\n<td data-sheets-value=\"{\">\n<div class=\"field field-name-field-flavour field-type-text field-label-inline clearfix\">\n<div class=\"field-items\">\n<div class=\"field-item even\">Karamell dunkel<\/div>\n<\/div>\n<\/div>\n<\/td>\n<\/tr>\n<tr>\n<td data-sheets-value=\"{\">ANWENDUNG:<\/td>\n<td data-sheets-value=\"{\">\n<div class=\"field-item even\">\n<div class=\"field-item even\">\n<div class=\"field-item even\">\n<div class=\"field-item even\">\n<div class=\"field-item even\">\n<div class=\"field-item even\">Abtei-Biere<\/div>\n<div class=\"field-item odd\">Stout<\/div>\n<div class=\"field-item even\">Belgische Spezialit\u00e4t<\/div>\n<div class=\"field-item odd\">Porter<\/div>\n<div class=\"field-item even\">Barleywine<\/div>\n<div class=\"field-item odd\">Flemish Old Brown<\/div>\n<div class=\"field-item even\">Dunkles Ale<\/div>\n<div class=\"field-item odd\">Belgischer Quadrupel<\/div>\n<div class=\"field-item even\">Belgisch Braun<\/div>\n<\/div>\n<\/div>\n<\/div>\n<\/div>\n<\/div>\n<\/td>\n<\/tr>\n<tr>\n<td data-sheets-value=\"{\">Empfohlene Zugabe:<\/td>\n<td data-sheets-value=\"{\">Bis zu 15%<\/td>\n<\/tr>\n<\/tbody>\n<\/table>\n","protected":false},"excerpt":{"rendered":"<div class=\"field field-name-field-colour-ebc field-type-number-integer field-label-inline clearfix\">\n<div class=\"field-label\">\n<p>Das Cara 200 MD Malz, eine tiefdunkle, karamellisierte Sorte, wird in einer R\u00f6sttrommel hergestellt. Nach der Karamellisierung wird es einem gr\u00fcndlichen Trocknungsprozess bei hohen Temperaturen unterzogen, der die Karamells\u00fc\u00dfe verst\u00e4rkt und dem Malz einen tiefen, dunklen Farbton verleiht.<\/p>\n<p>Dieses Malz wird von zahlreichen belgischen Brauereien bevorzugt und ist eine g\u00e4ngige Zutat f\u00fcr die Herstellung von Abteibieren.<\/p>\n<p>Wie alle karamellisierten Malze tr\u00e4gt Cara 200 MD positiv zur Schaumstabilit\u00e4t bei, und zwar selbst dann, wenn es nur 5% der Getreidemischung ausmacht.<\/p>\n<p>Dieses spezielle karamellisierte Malz kann in Brauverfahren in Mengen von bis zu 15 % der gesamten Getreideprobe verwendet werden.<\/p>\n<p>&nbsp;<\/p>\n<\/div>\n<\/div>\n","protected":false},"featured_media":1426,"template":"","meta":{"_themeisle_gutenberg_block_has_review":false},"product_brand":[],"product_cat":[369,367],"product_tag":[],"class_list":{"0":"post-2549","1":"product","2":"type-product","3":"status-publish","4":"has-post-thumbnail","6":"product_cat-caramelmalze","7":"product_cat-malz","8":"pa_brand-dingemans","9":"pa_capacity-1t-groser-beutel","10":"pa_capacity-40-x-25-kg-sacke","12":"first","13":"onbackorder","14":"taxable","15":"shipping-taxable","16":"purchasable","17":"product-type-variable"},"_links":{"self":[{"href":"https:\/\/goodbeer.solutions\/de\/wp-json\/wp\/v2\/product\/2549","targetHints":{"allow":["GET"]}}],"collection":[{"href":"https:\/\/goodbeer.solutions\/de\/wp-json\/wp\/v2\/product"}],"about":[{"href":"https:\/\/goodbeer.solutions\/de\/wp-json\/wp\/v2\/types\/product"}],"wp:featuredmedia":[{"embeddable":true,"href":"https:\/\/goodbeer.solutions\/de\/wp-json\/wp\/v2\/media\/1426"}],"wp:attachment":[{"href":"https:\/\/goodbeer.solutions\/de\/wp-json\/wp\/v2\/media?parent=2549"}],"wp:term":[{"taxonomy":"product_brand","embeddable":true,"href":"https:\/\/goodbeer.solutions\/de\/wp-json\/wp\/v2\/product_brand?post=2549"},{"taxonomy":"product_cat","embeddable":true,"href":"https:\/\/goodbeer.solutions\/de\/wp-json\/wp\/v2\/product_cat?post=2549"},{"taxonomy":"product_tag","embeddable":true,"href":"https:\/\/goodbeer.solutions\/de\/wp-json\/wp\/v2\/product_tag?post=2549"}],"curies":[{"name":"wp","href":"https:\/\/api.w.org\/{rel}","templated":true}]}}