{"id":2574,"date":"2024-01-25T14:46:47","date_gmt":"2024-01-25T13:46:47","guid":{"rendered":"https:\/\/goodbeer.solutions\/product\/mroost-900-schokoladenmalz-dingemans-malts\/"},"modified":"2024-10-21T12:22:29","modified_gmt":"2024-10-21T11:22:29","slug":"mroost-900-schokoladenmalz-dingemans","status":"publish","type":"product","link":"https:\/\/goodbeer.solutions\/de\/produkt\/mroost-900-schokoladenmalz-dingemans\/","title":{"rendered":"MROOST 900 Schokoladenmalz von Dingemans"},"content":{"rendered":"<table dir=\"ltr\" style=\"height: 183px;\" border=\"1\" width=\"275\" cellspacing=\"0\" cellpadding=\"0\" data-sheets-root=\"1\">\n<colgroup>\n<col width=\"100\" \/>\n<col width=\"100\" \/><\/colgroup>\n<tbody>\n<tr>\n<td data-sheets-value=\"{\">FARBE EBC:<\/td>\n<td data-sheets-value=\"{\">900<\/td>\n<\/tr>\n<tr>\n<td data-sheets-value=\"{\">LOVIBOND:<\/td>\n<td data-sheets-value=\"{\">340<\/td>\n<\/tr>\n<tr>\n<td data-sheets-value=\"{\">GESCHMACK:<\/td>\n<td data-sheets-value=\"{\">\n<div class=\"field field-name-field-flavour field-type-text field-label-inline clearfix\">\n<div class=\"field-items\">\n<div class=\"field-item even\">Schokolade, Kakaobohnen, Kaffeebohnen<\/div>\n<\/div>\n<\/div>\n<\/td>\n<\/tr>\n<tr>\n<td data-sheets-value=\"{\">ANWENDUNG:<\/td>\n<td data-sheets-value=\"{\">\n<div class=\"field-item even\">\n<div class=\"field-item even\">\n<div class=\"field-item even\">\n<div class=\"field-item even\">\n<div class=\"field-item even\">\n<div class=\"field-item even\">\n<div class=\"field-item even\">\n<div class=\"field-item even\">\n<div class=\"field-item even\">\n<div class=\"field-item even\">Abtei-Biere<\/div>\n<div class=\"field-item odd\">Stout<\/div>\n<div class=\"field-item even\">Porter<\/div>\n<div class=\"field-item odd\">Dunkles Ale<\/div>\n<div class=\"field-item even\">Belgischer Quadrupel<\/div>\n<div class=\"field-item odd\">Belgisch Braun<\/div>\n<\/div>\n<\/div>\n<\/div>\n<\/div>\n<\/div>\n<\/div>\n<\/div>\n<\/div>\n<\/div>\n<\/td>\n<\/tr>\n<tr>\n<td data-sheets-value=\"{\">Empfohlene Zugabe:<\/td>\n<td data-sheets-value=\"{\">Bis zu 5%<\/td>\n<\/tr>\n<\/tbody>\n<\/table>\n","protected":false},"excerpt":{"rendered":"<div class=\"field field-name-field-colour-ebc field-type-number-integer field-label-inline clearfix\">\n<div class=\"field-label\">\n<p>Das Mroost 900 MD Malz, auch bekannt als Schokoladenmalz, wird in unserer R\u00f6sttrommel bei erh\u00f6hten Temperaturen ger\u00f6stet. Sobald es die gew\u00fcnschte Farbe erreicht hat, wird es schnell abgek\u00fchlt. Dieses Verfahren verleiht dem Mroost 900 MD Malz ein reichhaltiges Aroma, das an Schokolade, Kakaonibs und Kaffee erinnert, und verleiht dem Endprodukt einen dunklen Farbton.<\/p>\n<p>Unsere speziellen Produktionstechniken sorgen daf\u00fcr, dass unsere R\u00f6stmalze einen milderen, weniger adstringierenden Geschmack haben.<\/p>\n<p>Dieses spezielle R\u00f6stmalz kann bis zu 5 % der Getreidemischung ausmachen.<\/p>\n<\/div>\n<\/div>\n","protected":false},"featured_media":1446,"template":"","meta":{"_themeisle_gutenberg_block_has_review":false},"product_brand":[],"product_cat":[299,367],"product_tag":[],"class_list":{"0":"post-2574","1":"product","2":"type-product","3":"status-publish","4":"has-post-thumbnail","6":"product_cat-gebratenes","7":"product_cat-malz","8":"pa_brand-dingemans","9":"pa_capacity-1t-groser-beutel","10":"pa_capacity-40-x-25-kg-sacke","12":"first","13":"onbackorder","14":"taxable","15":"shipping-taxable","16":"purchasable","17":"product-type-variable"},"_links":{"self":[{"href":"https:\/\/goodbeer.solutions\/de\/wp-json\/wp\/v2\/product\/2574","targetHints":{"allow":["GET"]}}],"collection":[{"href":"https:\/\/goodbeer.solutions\/de\/wp-json\/wp\/v2\/product"}],"about":[{"href":"https:\/\/goodbeer.solutions\/de\/wp-json\/wp\/v2\/types\/product"}],"wp:featuredmedia":[{"embeddable":true,"href":"https:\/\/goodbeer.solutions\/de\/wp-json\/wp\/v2\/media\/1446"}],"wp:attachment":[{"href":"https:\/\/goodbeer.solutions\/de\/wp-json\/wp\/v2\/media?parent=2574"}],"wp:term":[{"taxonomy":"product_brand","embeddable":true,"href":"https:\/\/goodbeer.solutions\/de\/wp-json\/wp\/v2\/product_brand?post=2574"},{"taxonomy":"product_cat","embeddable":true,"href":"https:\/\/goodbeer.solutions\/de\/wp-json\/wp\/v2\/product_cat?post=2574"},{"taxonomy":"product_tag","embeddable":true,"href":"https:\/\/goodbeer.solutions\/de\/wp-json\/wp\/v2\/product_tag?post=2574"}],"curies":[{"name":"wp","href":"https:\/\/api.w.org\/{rel}","templated":true}]}}