{"id":2581,"date":"2024-01-25T14:59:20","date_gmt":"2024-01-25T13:59:20","guid":{"rendered":"https:\/\/goodbeer.solutions\/product\/wheat-malt-das-original-belgische-weizenmalz-dingemans-malts\/"},"modified":"2024-10-21T12:22:20","modified_gmt":"2024-10-21T11:22:20","slug":"wheat-weizenmalz-dingemans","status":"publish","type":"product","link":"https:\/\/goodbeer.solutions\/de\/produkt\/wheat-weizenmalz-dingemans\/","title":{"rendered":"WHEAT MALT &#8211; Das urspr\u00fcngliche belgische Weizenmalz von Dingemans"},"content":{"rendered":"<table dir=\"ltr\" style=\"height: 183px;\" border=\"1\" width=\"275\" cellspacing=\"0\" cellpadding=\"0\" data-sheets-root=\"1\">\n<colgroup>\n<col width=\"100\" \/>\n<col width=\"100\" \/><\/colgroup>\n<tbody>\n<tr>\n<td data-sheets-value=\"{\">FARBE EBC:<\/td>\n<td data-sheets-value=\"{\">3<\/td>\n<\/tr>\n<tr>\n<td data-sheets-value=\"{\">LOVIBOND:<\/td>\n<td data-sheets-value=\"{\">1.8<\/td>\n<\/tr>\n<tr>\n<td data-sheets-value=\"{\">GESCHMACK:<\/td>\n<td data-sheets-value=\"{\">\n<div class=\"field field-name-field-flavour field-type-text field-label-inline clearfix\">\n<div class=\"field-items\">\n<div class=\"field-item even\">Spezifischer feiner Weizengeschmack<\/div>\n<\/div>\n<\/div>\n<\/td>\n<\/tr>\n<tr>\n<td data-sheets-value=\"{\">ANWENDUNG:<\/td>\n<td data-sheets-value=\"{\">\n<div class=\"field-item even\">\n<div class=\"field-item even\">\n<div class=\"field-item even\">\n<div class=\"field-item even\">\n<div class=\"field-item even\">\n<div class=\"field-item even\">\n<div class=\"field-item even\">\n<div class=\"field-item even\">\n<div class=\"field-item even\">\n<div class=\"field-item even\">\n<div class=\"field-item even\">alle Stil<\/div>\n<\/div>\n<\/div>\n<\/div>\n<\/div>\n<\/div>\n<\/div>\n<\/div>\n<\/div>\n<\/div>\n<\/div>\n<\/td>\n<\/tr>\n<tr>\n<td data-sheets-value=\"{\">Empfohlene Zugabe:<\/td>\n<td data-sheets-value=\"{\">Bis zu 70%<\/td>\n<\/tr>\n<\/tbody>\n<\/table>\n","protected":false},"excerpt":{"rendered":"<div class=\"field field-name-field-colour-ebc field-type-number-integer field-label-inline clearfix\">\n<div class=\"field-label\">\n<p>Unser Weizenmalz MD verleiht Weizen- oder Witbieren einen ausgepr\u00e4gten Geschmack und eine charakteristische Tr\u00fcbung. Wenn Sie kleine Mengen dieses Weizenmalzes in Ihre Biere geben, k\u00f6nnen Sie die Schaumbildung deutlich verbessern.<\/p>\n<p>Mit seiner relativ hohen enzymatischen Aktivit\u00e4t eignet sich dieses gedarrte Malz f\u00fcr bis zu 70% der Getreidemischung.<\/p>\n<\/div>\n<\/div>\n","protected":false},"featured_media":1484,"template":"","meta":{"_themeisle_gutenberg_block_has_review":false},"product_brand":[],"product_cat":[324,367,298],"product_tag":[],"class_list":{"0":"post-2581","1":"product","2":"type-product","3":"status-publish","4":"has-post-thumbnail","6":"product_cat-gedarrtes-malz","7":"product_cat-malz","8":"product_cat-spezialmalz","9":"pa_brand-dingemans","10":"pa_capacity-1t-groser-beutel","11":"pa_capacity-40-x-25-kg-sacke","13":"first","14":"instock","15":"taxable","16":"shipping-taxable","17":"purchasable","18":"product-type-variable"},"_links":{"self":[{"href":"https:\/\/goodbeer.solutions\/de\/wp-json\/wp\/v2\/product\/2581","targetHints":{"allow":["GET"]}}],"collection":[{"href":"https:\/\/goodbeer.solutions\/de\/wp-json\/wp\/v2\/product"}],"about":[{"href":"https:\/\/goodbeer.solutions\/de\/wp-json\/wp\/v2\/types\/product"}],"wp:featuredmedia":[{"embeddable":true,"href":"https:\/\/goodbeer.solutions\/de\/wp-json\/wp\/v2\/media\/1484"}],"wp:attachment":[{"href":"https:\/\/goodbeer.solutions\/de\/wp-json\/wp\/v2\/media?parent=2581"}],"wp:term":[{"taxonomy":"product_brand","embeddable":true,"href":"https:\/\/goodbeer.solutions\/de\/wp-json\/wp\/v2\/product_brand?post=2581"},{"taxonomy":"product_cat","embeddable":true,"href":"https:\/\/goodbeer.solutions\/de\/wp-json\/wp\/v2\/product_cat?post=2581"},{"taxonomy":"product_tag","embeddable":true,"href":"https:\/\/goodbeer.solutions\/de\/wp-json\/wp\/v2\/product_tag?post=2581"}],"curies":[{"name":"wp","href":"https:\/\/api.w.org\/{rel}","templated":true}]}}