{"id":2613,"date":"2023-11-14T23:16:00","date_gmt":"2023-11-14T22:16:00","guid":{"rendered":"https:\/\/goodbeer.solutions\/product\/protafloc-tabletten-und-granulat-fuer-die-kesselschoenung-von-murphy-and-sons\/"},"modified":"2026-04-21T09:56:56","modified_gmt":"2026-04-21T08:56:56","slug":"protafloc-murphy-and-sons","status":"publish","type":"product","link":"https:\/\/goodbeer.solutions\/de\/produkt\/protafloc-murphy-and-sons\/","title":{"rendered":"Protafloc Tabletten und Granulate f\u00fcr die Kesselkl\u00e4rung von Murphy and Sons"},"content":{"rendered":"<p>Protafloc-Tabletten sind Kesselputzmittel in Lebensmittelqualit\u00e4t, die einem Halbraffinationsprozess unterzogen werden. Diese Tabletten werden etwa 10 Minuten vor Ende des Kochens in den Sud gegeben. Durch die Verwendung einer optimierten Dosierung von 1-5g pro Hektoliter (HL) k\u00f6nnen Brauer von den folgenden Vorteilen profitieren. Protafloc-Granulat ist kosteng\u00fcnstig und \u00e4u\u00dferst effizient, so dass es f\u00fcr eine breite Palette von Brauereien geeignet ist.<\/p>\n<p>&nbsp;<\/p>\n<p>Erfahren Sie mehr in unserem Leitfaden: <a href=\"https:\/\/goodbeer.solutions\/de\/die-klarung-der-wurze-beim-kochen-aka-kettle-fining\/\">https:\/\/goodbeer.solutions\/de\/die-klarung-der-wurze-beim-kochen-aka-kettle-fining\/<\/a><\/p>\n","protected":false},"excerpt":{"rendered":"<p>Protafloc Tabletten bestehen aus granuliertem Carrageen, einer Substanz, die der W\u00fcrze in der Pfanne zugesetzt wird, um die Proteinentfernung w\u00e4hrend des K\u00fchlprozesses zu verbessern.<\/p>\n","protected":false},"featured_media":1350,"template":"","meta":{"_themeisle_gutenberg_block_has_review":false},"product_brand":[],"product_cat":[308,375],"product_tag":[],"class_list":{"0":"post-2613","1":"product","2":"type-product","3":"status-publish","4":"has-post-thumbnail","6":"product_cat-brauzusaetze","7":"product_cat-klaerungsmittel","8":"pa_brand-murphy-and-sons-de","9":"pa_capacity-20kg-de","10":"pa_capacity-2kg-de","12":"first","13":"instock","14":"taxable","15":"shipping-taxable","16":"purchasable","17":"product-type-variable"},"_links":{"self":[{"href":"https:\/\/goodbeer.solutions\/de\/wp-json\/wp\/v2\/product\/2613","targetHints":{"allow":["GET"]}}],"collection":[{"href":"https:\/\/goodbeer.solutions\/de\/wp-json\/wp\/v2\/product"}],"about":[{"href":"https:\/\/goodbeer.solutions\/de\/wp-json\/wp\/v2\/types\/product"}],"wp:featuredmedia":[{"embeddable":true,"href":"https:\/\/goodbeer.solutions\/de\/wp-json\/wp\/v2\/media\/1350"}],"wp:attachment":[{"href":"https:\/\/goodbeer.solutions\/de\/wp-json\/wp\/v2\/media?parent=2613"}],"wp:term":[{"taxonomy":"product_brand","embeddable":true,"href":"https:\/\/goodbeer.solutions\/de\/wp-json\/wp\/v2\/product_brand?post=2613"},{"taxonomy":"product_cat","embeddable":true,"href":"https:\/\/goodbeer.solutions\/de\/wp-json\/wp\/v2\/product_cat?post=2613"},{"taxonomy":"product_tag","embeddable":true,"href":"https:\/\/goodbeer.solutions\/de\/wp-json\/wp\/v2\/product_tag?post=2613"}],"curies":[{"name":"wp","href":"https:\/\/api.w.org\/{rel}","templated":true}]}}