{"id":3985,"date":"2026-03-17T10:06:00","date_gmt":"2026-03-17T09:06:00","guid":{"rendered":"https:\/\/goodbeer.solutions\/product\/spalter-select-hopfenpellets-deutschland-2023-5-kg-t90\/"},"modified":"2026-04-24T13:20:00","modified_gmt":"2026-04-24T12:20:00","slug":"spalter-select-hopfenpellets-deutschland-2023-5-kg-t90","status":"publish","type":"product","link":"https:\/\/goodbeer.solutions\/de\/produkt\/spalter-select-hopfenpellets-deutschland-2023-5-kg-t90\/","title":{"rendered":"Spalter Select Hopfenpellets Deutschland 2023 \u2013 5 kg T90"},"content":{"rendered":"<p>Die Mindestbestellmenge f\u00fcr Hopfen betr\u00e4gt 20 kg. Sie k\u00f6nnen verschiedene Sorten mischen, um die Mindestmenge zu erreichen.<\/p>\n<p>Alle Hopfen sind T90-Pellets, sofern nicht anders angegeben, und werden in 5 kg versiegelten Vakuumbeuteln verkauft.<\/p>\n<p>Hopfen wird stets in einer temperaturkontrollierten Umgebung gelagert, um Frische, Aroma und die Integrit\u00e4t der Alphas\u00e4ure zu erhalten.<\/p>\n<p>Lieferung direkt vom Lager zu Ihrer Brauerei \u2014 keine zus\u00e4tzlichen Geb\u00fchren.<\/p>\n","protected":false},"excerpt":{"rendered":"<p>\u2705 Gelagert in temperaturkontrollierter Umgebung<br \/>\n\u2705 Bezogen von vertrauensw\u00fcrdigem europ\u00e4ischen Lieferanten<br \/>\n\u2705 5 kg versiegelter Vakuumbeutel \u2014 Frische garantiert<\/p>\n","protected":false},"featured_media":3734,"template":"","meta":{"_themeisle_gutenberg_block_has_review":false},"product_brand":[],"product_cat":[551],"product_tag":[],"class_list":{"0":"post-3985","1":"product","2":"type-product","3":"status-publish","4":"has-post-thumbnail","6":"product_cat-deutschland","7":"product_shipping_class-hops","9":"first","10":"instock","11":"taxable","12":"shipping-taxable","13":"purchasable","14":"product-type-simple"},"_links":{"self":[{"href":"https:\/\/goodbeer.solutions\/de\/wp-json\/wp\/v2\/product\/3985","targetHints":{"allow":["GET"]}}],"collection":[{"href":"https:\/\/goodbeer.solutions\/de\/wp-json\/wp\/v2\/product"}],"about":[{"href":"https:\/\/goodbeer.solutions\/de\/wp-json\/wp\/v2\/types\/product"}],"wp:featuredmedia":[{"embeddable":true,"href":"https:\/\/goodbeer.solutions\/de\/wp-json\/wp\/v2\/media\/3734"}],"wp:attachment":[{"href":"https:\/\/goodbeer.solutions\/de\/wp-json\/wp\/v2\/media?parent=3985"}],"wp:term":[{"taxonomy":"product_brand","embeddable":true,"href":"https:\/\/goodbeer.solutions\/de\/wp-json\/wp\/v2\/product_brand?post=3985"},{"taxonomy":"product_cat","embeddable":true,"href":"https:\/\/goodbeer.solutions\/de\/wp-json\/wp\/v2\/product_cat?post=3985"},{"taxonomy":"product_tag","embeddable":true,"href":"https:\/\/goodbeer.solutions\/de\/wp-json\/wp\/v2\/product_tag?post=3985"}],"curies":[{"name":"wp","href":"https:\/\/api.w.org\/{rel}","templated":true}]}}