{"id":1971,"date":"2024-01-29T19:18:41","date_gmt":"2024-01-29T18:18:41","guid":{"rendered":"https:\/\/goodbeer.solutions\/1971-2\/"},"modified":"2024-07-02T10:20:06","modified_gmt":"2024-07-02T09:20:06","slug":"tips","status":"publish","type":"page","link":"https:\/\/goodbeer.solutions\/fr\/tips\/","title":{"rendered":"Conseils"},"content":{"rendered":"\n<div class=\"wp-block-group alignwide\"><div class=\"wp-block-group__inner-container is-layout-constrained wp-block-group-is-layout-constrained\">\n<div class=\"wp-block-group\" style=\"padding-top:var(--wp--preset--spacing--40);padding-bottom:var(--wp--preset--spacing--40)\"><div class=\"wp-block-group__inner-container is-layout-constrained wp-block-group-is-layout-constrained\">\n<h2 class=\"wp-block-heading has-text-align-center\">Magazine<\/h2>\n\n\n\n<p class=\"has-text-align-center\">Vous trouverez ici des conseils, des articles et des informations sur nos produits Plongez dans nos ressources techniques con\u00e7ues pour optimiser votre processus de brassage, comprenant des guides d\u00e9taill\u00e9s, des bonnes pratiques et des conseils d&rsquo;experts sur l&rsquo;utilisation de nos principaux produits : la levure Lallemand, le malt Dingemans, les aides au brassage Murphy &amp; Son et les solutions d&rsquo;hygi\u00e8ne Kersia. Nos ressources sont adapt\u00e9es pour aider les brasseries suisses \u00e0 fabriquer des bi\u00e8res de qualit\u00e9 sup\u00e9rieure, garantissant la qualit\u00e9 du grain au verre.<\/p>\n<\/div><\/div>\n\n\n\n<div class=\"wp-block-columns is-layout-flex wp-container-core-columns-is-layout-a0017d07 wp-block-columns-is-layout-flex\">\n<div class=\"wp-block-column is-layout-flow wp-block-column-is-layout-flow\">\n<div class=\"wp-block-group has-border-color has-middle-light-border-color\" style=\"border-width:1px\"><div class=\"wp-block-group__inner-container is-layout-constrained wp-block-group-is-layout-constrained\">\n<figure class=\"wp-block-image size-full is-resized\"><img loading=\"lazy\" decoding=\"async\" width=\"225\" height=\"150\" src=\"https:\/\/goodbeer.solutions\/wp-content\/uploads\/2024\/01\/gb-tips-1.jpg\" alt=\"Levure houblon malt\" class=\"wp-image-1830\" style=\"aspect-ratio:1.3333333333333333;object-fit:cover;width:400px;height:auto\"\/><\/figure>\n\n\n\n<h2 class=\"wp-block-heading has-text-align-center has-custom-302-b-2-b-color has-text-color has-link-color has-large-font-size wp-elements-7fc880067de59f97cc399b655a9ec0fa\"><a href=\"https:\/\/goodbeer.solutions\/fr\/conseils\/malt-levure-houblon\/\">malt <br>Levure<a href=\"https:\/\/goodbeer.solutions\/fr\/conseils\/malt-levure-houblon\/\"> Houblon<\/a><\/a><\/h2>\n<\/div><\/div>\n<\/div>\n\n\n\n<div class=\"wp-block-column is-layout-flow wp-block-column-is-layout-flow\">\n<div class=\"wp-block-group has-border-color has-middle-light-border-color\" style=\"border-width:1px\"><div class=\"wp-block-group__inner-container is-layout-constrained wp-block-group-is-layout-constrained\">\n<figure class=\"wp-block-image size-full is-resized\"><img loading=\"lazy\" decoding=\"async\" width=\"225\" height=\"150\" src=\"https:\/\/goodbeer.solutions\/wp-content\/uploads\/2024\/01\/gb-tips-2.jpg\" alt=\"Fermentation et clarification\" class=\"wp-image-1833\" style=\"aspect-ratio:1.3333333333333333;object-fit:cover;width:400px;height:auto\"\/><\/figure>\n\n\n\n<h2 class=\"wp-block-heading has-text-align-center has-custom-302-b-2-b-color has-text-color has-link-color has-large-font-size wp-elements-6091ed3f2efdf60b1504d7cc7cea852d\"><a href=\"https:\/\/goodbeer.solutions\/fr\/conseils\/fermentation-et-clarification\/\">Fermentation <br>&amp; clarification<\/a><\/h2>\n<\/div><\/div>\n<\/div>\n\n\n\n<div class=\"wp-block-column is-layout-flow wp-block-column-is-layout-flow\">\n<div class=\"wp-block-group has-border-color has-middle-light-border-color\" style=\"border-width:1px\"><div class=\"wp-block-group__inner-container is-layout-constrained wp-block-group-is-layout-constrained\">\n<figure class=\"wp-block-image size-full is-resized\"><img loading=\"lazy\" decoding=\"async\" width=\"225\" height=\"150\" src=\"https:\/\/goodbeer.solutions\/wp-content\/uploads\/2024\/01\/gb-tips-3.jpg\" alt=\"Eau et mo\u00fbt\" class=\"wp-image-1836\" style=\"aspect-ratio:1.3333333333333333;object-fit:cover;width:400px;height:auto\"\/><\/figure>\n\n\n\n<h2 class=\"wp-block-heading has-text-align-center has-custom-302-b-2-b-color has-text-color has-link-color has-large-font-size wp-elements-997c244913fc3e9aa7e01c1a16ce8cfe\"><a href=\"https:\/\/goodbeer.solutions\/fr\/conseils\/eaux-et-mout\/\">Eau <br>&amp; mo\u00fbt<\/a><\/h2>\n<\/div><\/div>\n<\/div>\n\n\n\n<div class=\"wp-block-column is-layout-flow wp-block-column-is-layout-flow\">\n<div class=\"wp-block-group has-border-color has-middle-light-border-color\" style=\"border-width:1px\"><div class=\"wp-block-group__inner-container is-layout-constrained wp-block-group-is-layout-constrained\">\n<figure class=\"wp-block-image size-full is-resized\"><img loading=\"lazy\" decoding=\"async\" width=\"225\" height=\"150\" src=\"https:\/\/goodbeer.solutions\/wp-content\/uploads\/2024\/01\/gb-tips-4.jpg\" alt=\"Emballage et hygi\u00e8ne\" class=\"wp-image-1839\" style=\"aspect-ratio:1.3333333333333333;object-fit:cover;width:400px;height:auto\"\/><\/figure>\n\n\n\n<h2 class=\"wp-block-heading has-text-align-center has-custom-302-b-2-b-color has-text-color has-link-color has-large-font-size wp-elements-6261f7ddc1058fa641ecdd0aabce95cd\"><a href=\"https:\/\/goodbeer.solutions\/fr\/conseils\/hygiene-et-packaging\/\">Emballage <br>&amp; hygi\u00e8ne<\/a><\/h2>\n<\/div><\/div>\n<\/div>\n<\/div>\n<\/div><\/div>\n","protected":false},"excerpt":{"rendered":"<h2 class=\"wp-block-heading has-text-align-center\">Magazine<\/h2>\n<p class=\"has-text-align-center\">Vous trouverez ici des conseils, des articles et des informations sur nos produits Plongez dans nos ressources techniques con\u00e7ues pour optimiser votre processus de brassage, comprenant des guides d\u00e9taill\u00e9s, des bonnes pratiques et des conseils d&rsquo;experts sur l&rsquo;utilisation de nos principaux produits : la levure Lallemand, le malt Dingemans, les aides au brassage Murphy &amp; Son et les solutions d&rsquo;hygi\u00e8ne Kersia. Nos ressources sont adapt\u00e9es pour aider les brasseries suisses \u00e0 fabriquer des bi\u00e8res de qualit\u00e9 sup\u00e9rieure, garantissant la qualit\u00e9 du grain au verre.<\/p>\n<h2 class=\"wp-block-heading has-text-align-center has-custom-302-b-2-b-color has-text-color has-link-color has-large-font-size wp-elements-7fc880067de59f97cc399b655a9ec0fa\"><a href=\"https:\/\/goodbeer.solutions\/fr\/conseils\/malt-levure-houblon\/\">malt <br \/>Levure<a href=\"https:\/\/goodbeer.solutions\/fr\/conseils\/malt-levure-houblon\/\"> Houblon<\/a><\/a><\/h2>\n<h2 class=\"wp-block-heading has-text-align-center has-custom-302-b-2-b-color has-text-color has-link-color has-large-font-size wp-elements-6091ed3f2efdf60b1504d7cc7cea852d\"><a href=\"https:\/\/goodbeer.solutions\/fr\/conseils\/fermentation-et-clarification\/\">Fermentation <br \/>&amp; clarification<\/a><\/h2>\n<h2 class=\"wp-block-heading has-text-align-center has-custom-302-b-2-b-color has-text-color has-link-color has-large-font-size wp-elements-997c244913fc3e9aa7e01c1a16ce8cfe\"><a href=\"https:\/\/goodbeer.solutions\/fr\/conseils\/eaux-et-mout\/\">Eau <br \/>&amp; mo\u00fbt<\/a><\/h2>\n<h2 class=\"wp-block-heading has-text-align-center has-custom-302-b-2-b-color has-text-color has-link-color has-large-font-size wp-elements-6261f7ddc1058fa641ecdd0aabce95cd\"><a href=\"https:\/\/goodbeer.solutions\/fr\/conseils\/hygiene-et-packaging\/\">Emballage <br \/>&amp; hygi\u00e8ne<\/a><\/h2>\n","protected":false},"author":2,"featured_media":0,"parent":0,"menu_order":0,"comment_status":"closed","ping_status":"closed","template":"","meta":{"_themeisle_gutenberg_block_has_review":false,"footnotes":""},"class_list":["post-1971","page","type-page","status-publish","hentry"],"_links":{"self":[{"href":"https:\/\/goodbeer.solutions\/fr\/wp-json\/wp\/v2\/pages\/1971","targetHints":{"allow":["GET"]}}],"collection":[{"href":"https:\/\/goodbeer.solutions\/fr\/wp-json\/wp\/v2\/pages"}],"about":[{"href":"https:\/\/goodbeer.solutions\/fr\/wp-json\/wp\/v2\/types\/page"}],"author":[{"embeddable":true,"href":"https:\/\/goodbeer.solutions\/fr\/wp-json\/wp\/v2\/users\/2"}],"replies":[{"embeddable":true,"href":"https:\/\/goodbeer.solutions\/fr\/wp-json\/wp\/v2\/comments?post=1971"}],"version-history":[{"count":10,"href":"https:\/\/goodbeer.solutions\/fr\/wp-json\/wp\/v2\/pages\/1971\/revisions"}],"predecessor-version":[{"id":2815,"href":"https:\/\/goodbeer.solutions\/fr\/wp-json\/wp\/v2\/pages\/1971\/revisions\/2815"}],"wp:attachment":[{"href":"https:\/\/goodbeer.solutions\/fr\/wp-json\/wp\/v2\/media?parent=1971"}],"curies":[{"name":"wp","href":"https:\/\/api.w.org\/{rel}","templated":true}]}}