{"id":2077,"date":"2023-11-20T18:14:41","date_gmt":"2023-11-20T17:14:41","guid":{"rendered":"https:\/\/goodbeer.solutions\/2077-2\/"},"modified":"2024-12-10T12:50:00","modified_gmt":"2024-12-10T11:50:00","slug":"2077-2","status":"publish","type":"page","link":"https:\/\/goodbeer.solutions\/fr\/","title":{"rendered":""},"content":{"rendered":"\n<div class=\"wp-block-group alignwide\"><div class=\"wp-block-group__inner-container is-layout-constrained wp-block-group-is-layout-constrained\"><div id=\"metaslider-id-2968\" style=\"width: 100%; margin: 0 auto;\" class=\"ml-slider-3-108-0 metaslider metaslider-flex metaslider-2968 ml-slider home-slider has-dots-nav ms-theme-simply-dark\" role=\"region\" aria-label=\"Home Slider FR\" data-height=\"600\" data-width=\"1200\">\n    <div id=\"metaslider_container_2968\">\n        <div id=\"metaslider_2968\">\n            <ul class='slides'>\n                <li style=\"display: block; width: 100%;\" class=\"slide-3413 ms-image \" aria-roledescription=\"slide\" data-date=\"2025-11-20 15:12:21\" data-filename=\"Brewty-Launch-Advert-1200x600.webp\" data-slide-type=\"image\"><a href=\"https:\/\/goodbeer.solutions\/en\/product\/brewty-1kg-murphy-and-son\/\" target=\"_blank\" aria-label=\"Voir les d\u00e9tails de la diapositive\" class=\"metaslider_image_link\"><img loading=\"lazy\" decoding=\"async\" src=\"https:\/\/goodbeer.solutions\/wp-content\/uploads\/2025\/01\/Brewty-Launch-Advert-1200x600.webp\" height=\"600\" width=\"1200\" alt=\"brewty murphy and son\" class=\"slider-2968 slide-3413 msDefaultImage\" title=\"Brewty-Launch-Advert\" \/><\/a><\/li>\n                <li style=\"display: none; width: 100%;\" class=\"slide-3414 ms-image \" aria-roledescription=\"slide\" data-date=\"2025-11-20 15:14:44\" data-filename=\"Staze-Launch-Advert-1200x600.webp\" data-slide-type=\"image\"><a href=\"https:\/\/goodbeer.solutions\/en\/product\/staze-1kg-murphy-and-son\/\" target=\"_blank\" aria-label=\"Voir les d\u00e9tails de la diapositive\" class=\"metaslider_image_link\"><img loading=\"lazy\" decoding=\"async\" src=\"https:\/\/goodbeer.solutions\/wp-content\/uploads\/2025\/01\/Staze-Launch-Advert-1200x600.webp\" height=\"600\" width=\"1200\" alt=\"haze ipa brewing fermenting neipa staze\" class=\"slider-2968 slide-3414 msDefaultImage\" title=\"Staze-Launch-Advert\" \/><\/a><div class=\"caption-wrap\"><div class=\"caption\"><div>staze murphy and son<\/div><\/div><\/div><\/li>\n            <\/ul>\n        <\/div>\n        \n    <\/div>\n<\/div>\n\n\n\n<h1 class=\"wp-block-heading has-text-align-center\"><strong>Shop pour brasseurs professionnels en Suisse<\/strong><\/h1>\n\n\n\n<p>En Suisse, les brasseurs professionnels sont confront\u00e9s \u00e0 des co\u00fbts \u00e9lev\u00e9s, \u00e0 une logistique complexe, \u00e0 des importations compliqu\u00e9es et \u00e0 des fournisseurs non sp\u00e9cialis\u00e9s. Good Beer Solutions est l\u00e0 pour am\u00e9liorer votre processus de brassage. Nous proposons des prix comp\u00e9titifs, une logistique rationalis\u00e9e et une large s\u00e9lection de malt, de levure et de produits de brassage, avec l&rsquo;appui d&rsquo;une assistance technique qualifi\u00e9e. <\/p>\n\n\n\n<div style=\"height:15px\" aria-hidden=\"true\" class=\"wp-block-spacer\"><\/div>\n\n\n\n<p>En tant que brasseurs professionnels, nous comprenons les besoins des brasseurs professionnels : <strong>Nous fabriquons avec vous<\/strong>.  <\/p>\n\n\n\n<div style=\"height:15px\" aria-hidden=\"true\" class=\"wp-block-spacer\"><\/div>\n\n\n\n<p>Au-del\u00e0 de la vente de mati\u00e8res premi\u00e8res pour le brassage, nous r\u00e9pondons aux questions pour vous aider \u00e0 choisir les bons produits.  <\/p>\n\n\n\n<p>\u00c9crivez-nous un courriel &#8211; <a href=\"mailto:info@goodbeer.solutions\">info@goodbeer.solutions<\/a> &#8211; ou appelez-nous rapidement &#8211; <strong><a href=\"tel:+41215661484\">+41 21 566 14 84<\/a><\/strong> &#8211; nous vous r\u00e9pondrons, sans frais et sans conditions.<\/p>\n\n\n\n<div class=\"wp-block-group\" style=\"padding-top:var(--wp--preset--spacing--40);padding-bottom:var(--wp--preset--spacing--40)\"><div class=\"wp-block-group__inner-container is-layout-constrained wp-block-group-is-layout-constrained\">\n<h2 class=\"wp-block-heading has-text-align-center\">\n          <strong>Nos produits chez Good Beer Solutions<\/strong>\n        <\/h2>\n\n\n\n<p class=\"has-text-align-center\"><\/p>\n<\/div><\/div>\n<\/div><\/div>\n\n\n\n<div class=\"wp-block-columns is-layout-flex wp-container-core-columns-is-layout-087408a8 wp-block-columns-is-layout-flex\">\n<div class=\"wp-block-column is-layout-flow wp-block-column-is-layout-flow\">\n<div class=\"wp-block-group has-border-color has-middle-light-border-color\" style=\"border-width:1px\"><div class=\"wp-block-group__inner-container is-layout-constrained wp-block-group-is-layout-constrained\">\n<div style=\"height:40px\" aria-hidden=\"true\" class=\"wp-block-spacer\"><\/div>\n\n\n<div class=\"wp-block-image\">\n<figure class=\"aligncenter size-full\"><img decoding=\"async\" src=\"https:\/\/goodbeer.solutions\/wp-content\/uploads\/2024\/06\/Icons_V2_Yeast.webp\" alt=\"Levure\" class=\"wp-image-2793\" style=\"object-fit:cover\"\/><\/figure>\n<\/div>\n\n\n<h3 class=\"wp-block-heading has-text-align-center\" style=\"font-style:normal;font-weight:700\"><a href=\"https:\/\/goodbeer.solutions\/fr\/categorie-produit\/levure\/\" data-type=\"product_cat\" data-id=\"364\">Levure<\/a><\/h3>\n<\/div><\/div>\n<\/div>\n\n\n\n<div class=\"wp-block-column is-layout-flow wp-block-column-is-layout-flow\">\n<div class=\"wp-block-group has-border-color has-middle-light-border-color\" style=\"border-width:1px\"><div class=\"wp-block-group__inner-container is-layout-constrained wp-block-group-is-layout-constrained\">\n<div style=\"height:40px\" aria-hidden=\"true\" class=\"wp-block-spacer\"><\/div>\n\n\n<div class=\"wp-block-image\">\n<figure class=\"aligncenter size-full\"><img decoding=\"async\" src=\"https:\/\/goodbeer.solutions\/wp-content\/uploads\/2024\/06\/Icons_V2_BrewingAid.webp\" alt=\"Technique\" class=\"wp-image-2784\"\/><\/figure>\n<\/div>\n\n\n<h3 class=\"wp-block-heading has-text-align-center\" style=\"font-style:normal;font-weight:700\"><a href=\"https:\/\/goodbeer.solutions\/fr\/categorie-produit\/aide-au-brassage\/\" data-type=\"product_cat\" data-id=\"376\">Technique<\/a><\/h3>\n<\/div><\/div>\n<\/div>\n\n\n\n<div class=\"wp-block-column is-layout-flow wp-block-column-is-layout-flow\">\n<div class=\"wp-block-group has-border-color has-middle-light-border-color\" style=\"border-width:1px\"><div class=\"wp-block-group__inner-container is-layout-constrained wp-block-group-is-layout-constrained\">\n<div style=\"height:40px\" aria-hidden=\"true\" class=\"wp-block-spacer\"><\/div>\n\n\n<div class=\"wp-block-image\">\n<figure class=\"aligncenter size-full\"><img decoding=\"async\" src=\"https:\/\/goodbeer.solutions\/wp-content\/uploads\/2024\/06\/Icons_V2_Malt.webp\" alt=\"Malts\" class=\"wp-image-2790\"\/><\/figure>\n<\/div>\n\n\n<h3 class=\"wp-block-heading has-text-align-center\" style=\"font-style:normal;font-weight:700\"><a href=\"https:\/\/goodbeer.solutions\/fr\/categorie-produit\/malt-cereale\/\">Malts<\/a><\/h3>\n<\/div><\/div>\n<\/div>\n\n\n\n<div class=\"wp-block-column is-layout-flow wp-block-column-is-layout-flow\">\n<div class=\"wp-block-group has-border-color has-middle-light-border-color\" style=\"border-width:1px\"><div class=\"wp-block-group__inner-container is-layout-constrained wp-block-group-is-layout-constrained\">\n<div style=\"height:40px\" aria-hidden=\"true\" class=\"wp-block-spacer\"><\/div>\n\n\n<div class=\"wp-block-image\">\n<figure class=\"aligncenter size-full\"><img decoding=\"async\" src=\"https:\/\/goodbeer.solutions\/wp-content\/uploads\/2024\/06\/Icons_V2_Hygiene.webp\" alt=\"Hygi\u00e8ne\" class=\"wp-image-2787\"\/><\/figure>\n<\/div>\n\n\n<h3 class=\"wp-block-heading has-text-align-center\" style=\"font-style:normal;font-weight:700\"><a href=\"https:\/\/goodbeer.solutions\/fr\/categorie-produit\/hygiene-fr\/\">Hygi\u00e8ne<\/a><\/h3>\n<\/div><\/div>\n<\/div>\n<\/div>\n\n\n\n<div class=\"wp-block-group alignwide\" style=\"padding-top:var(--wp--preset--spacing--50);padding-bottom:var(--wp--preset--spacing--50)\"><div class=\"wp-block-group__inner-container is-layout-constrained wp-block-group-is-layout-constrained\">\n<div class=\"wp-block-group\" style=\"padding-top:0;padding-bottom:var(--wp--preset--spacing--40)\"><div class=\"wp-block-group__inner-container is-layout-constrained wp-block-group-is-layout-constrained\">\n<h2 class=\"wp-block-heading has-text-align-center\">\n          <strong>Fournisseurs que vous trouvez chez Good Beer Solutions<\/strong>\n        <\/h2>\n\n\n\n<p class=\"has-text-align-center\"><\/p>\n<\/div><\/div>\n\n\n\n<div class=\"wp-block-columns are-vertically-aligned-center suppliers-logos is-layout-flex wp-container-core-columns-is-layout-9d6595d7 wp-block-columns-is-layout-flex\">\n<div class=\"wp-block-column is-vertically-aligned-center is-layout-flow wp-block-column-is-layout-flow\">\n<div class=\"wp-block-group is-content-justification-center is-nowrap is-layout-flex wp-container-core-group-is-layout-94bc23d7 wp-block-group-is-layout-flex\">\n<figure class=\"wp-block-image size-large is-resized\"><a href=\"https:\/\/goodbeer.solutions\/fr\/brand\/murphy-and-sons\/\"><img loading=\"lazy\" decoding=\"async\" width=\"1024\" height=\"536\" src=\"https:\/\/goodbeer.solutions\/wp-content\/uploads\/2023\/11\/USA_Master_Logo_without_building_transparent-1024x536.webp\" alt=\"Murphy &amp; Sons Logo\" class=\"wp-image-516\" style=\"width:180px\"\/><\/a><\/figure>\n<\/div>\n<\/div>\n\n\n\n<div class=\"wp-block-column is-vertically-aligned-center is-layout-flow wp-block-column-is-layout-flow\">\n<div class=\"wp-block-group is-content-justification-center is-nowrap is-layout-flex wp-container-core-group-is-layout-94bc23d7 wp-block-group-is-layout-flex\">\n<figure class=\"wp-block-image size-full is-resized\"><a href=\"https:\/\/goodbeer.solutions\/fr\/brand\/dingemans\/\"><img loading=\"lazy\" decoding=\"async\" width=\"324\" height=\"212\" src=\"https:\/\/goodbeer.solutions\/wp-content\/uploads\/2023\/12\/logo-Dingemans-324x212-1.png\" alt=\"\" class=\"wp-image-777\" style=\"width:180px\" srcset=\"https:\/\/goodbeer.solutions\/wp-content\/uploads\/2023\/12\/logo-Dingemans-324x212-1.png 324w, https:\/\/goodbeer.solutions\/wp-content\/uploads\/2023\/12\/logo-Dingemans-324x212-1-300x196.png 300w\" sizes=\"auto, (max-width: 324px) 100vw, 324px\" \/><\/a><\/figure>\n<\/div>\n<\/div>\n\n\n\n<div class=\"wp-block-column is-vertically-aligned-center is-layout-flow wp-block-column-is-layout-flow\">\n<div class=\"wp-block-group is-content-justification-center is-nowrap is-layout-flex wp-container-core-group-is-layout-94bc23d7 wp-block-group-is-layout-flex\">\n<figure class=\"wp-block-image size-full is-resized\"><a href=\"https:\/\/goodbeer.solutions\/fr\/brand\/lallemand-lalbrew\/\"><img loading=\"lazy\" decoding=\"async\" width=\"900\" height=\"500\" src=\"https:\/\/goodbeer.solutions\/wp-content\/uploads\/2024\/01\/lallemand-logo-vector.png\" alt=\"Brand Lallemand Logo\" class=\"wp-image-1176\" style=\"width:180px\" srcset=\"https:\/\/goodbeer.solutions\/wp-content\/uploads\/2024\/01\/lallemand-logo-vector.png 900w, https:\/\/goodbeer.solutions\/wp-content\/uploads\/2024\/01\/lallemand-logo-vector-600x333.png 600w, https:\/\/goodbeer.solutions\/wp-content\/uploads\/2024\/01\/lallemand-logo-vector-300x167.png 300w, https:\/\/goodbeer.solutions\/wp-content\/uploads\/2024\/01\/lallemand-logo-vector-768x427.png 768w\" sizes=\"auto, (max-width: 900px) 100vw, 900px\" \/><\/a><\/figure>\n<\/div>\n<\/div>\n\n\n\n<div class=\"wp-block-column is-vertically-aligned-center is-layout-flow wp-block-column-is-layout-flow\">\n<div class=\"wp-block-group is-content-justification-center is-nowrap is-layout-flex wp-container-core-group-is-layout-329d0b8f wp-block-group-is-layout-flex\" style=\"padding-top:20px\">\n<figure class=\"wp-block-image size-full is-resized\"><a href=\"https:\/\/goodbeer.solutions\/fr\/brand\/kersia-fr\/\"><img loading=\"lazy\" decoding=\"async\" width=\"300\" height=\"92\" src=\"https:\/\/goodbeer.solutions\/wp-content\/uploads\/2024\/01\/logo_kersia_retina-e1706264542369.png\" alt=\"\" class=\"wp-image-1247\" style=\"width:180px\"\/><\/a><\/figure>\n<\/div>\n<\/div>\n\n\n\n<div class=\"wp-block-column is-vertically-aligned-center is-layout-flow wp-block-column-is-layout-flow\"><div class=\"wp-block-image\">\n<figure class=\"aligncenter size-large\"><a href=\"https:\/\/goodbeer.solutions\/fr\/brand\/angel-yeast-fr\/\"><img loading=\"lazy\" decoding=\"async\" width=\"1024\" height=\"381\" src=\"https:\/\/goodbeer.solutions\/wp-content\/uploads\/2024\/05\/angel-1024x381.jpg\" alt=\"\" class=\"wp-image-2149\" srcset=\"https:\/\/goodbeer.solutions\/wp-content\/uploads\/2024\/05\/angel-1024x381.jpg 1024w, https:\/\/goodbeer.solutions\/wp-content\/uploads\/2024\/05\/angel-600x223.jpg 600w, https:\/\/goodbeer.solutions\/wp-content\/uploads\/2024\/05\/angel-300x112.jpg 300w, https:\/\/goodbeer.solutions\/wp-content\/uploads\/2024\/05\/angel-768x286.jpg 768w, https:\/\/goodbeer.solutions\/wp-content\/uploads\/2024\/05\/angel.jpg 1380w\" sizes=\"auto, (max-width: 1024px) 100vw, 1024px\" \/><\/a><\/figure>\n<\/div><\/div>\n<\/div>\n<\/div><\/div>\n\n\n\n<h3 class=\"wp-block-heading has-text-align-center\">\n          <strong>Pourquoi acheter vos mati\u00e8res premi\u00e8res de brasserie chez Good Beer Solutions ?<\/strong>\n        <\/h3>\n\n\n\n<p>Good Beer Solutions va au-del\u00e0 de la vente de produits. Nous travaillons en partenariat avec vous pour \u00e9laborer des <strong>solutions sur mesure<\/strong>, depuis l&rsquo;analyse d\u00e9taill\u00e9e de l&rsquo;eau jusqu&rsquo;au processus de fermentation, en passant par l&rsquo;ensemble du processus de brassage et d&#8217;emballage. Avec nous, vous <strong>gagnez plus que des produits<\/strong>; vous gagnez un engagement d&rsquo;excellence et un parcours sans faille vers le brassage d&rsquo;une bi\u00e8re remarquable.<\/p>\n\n\n\n<div style=\"height:15px\" aria-hidden=\"true\" class=\"wp-block-spacer\"><\/div>\n\n\n\n<p>En tant que brasseurs professionnels, nous savons comment s\u00e9lectionner les <strong>meilleurs produits et marques<\/strong>. De plus, nous avons peut-\u00eatre rencontr\u00e9 les m\u00eames d\u00e9fis que vous, ce qui nous permet de r\u00e9pondre aux questions et de vous proposer des solutions. Au fil du temps, nous partagerons des <a href=\"https:\/\/goodbeer.solutions\/fr\/1971-2\/\">conseils sur notre blog<\/a>. Si vous avez besoin de plus amples informations, n&rsquo;h\u00e9sitez pas \u00e0 appeler Luc. Luc parle couramment l&rsquo;anglais, le fran\u00e7ais et l&rsquo;allemand.<\/p>\n\n\n\n<h3 class=\"wp-block-heading has-text-align-center\">\n          <strong>Vous avez des questions sur le choix des mati\u00e8res premi\u00e8res ou sur l&rsquo;optimisation de votre brassage ? <\/strong>\n        <\/h3>\n\n\n\n<p>Good Beer Solutions n&rsquo;est pas seulement un fournisseur &#8211; nous sommes <strong>votre partenaire<\/strong>. Nous sommes l\u00e0 pour vous apporter des r\u00e9ponses et des solutions qui correspondent \u00e0 vos objectifs, en apportant une valeur ajout\u00e9e in\u00e9gal\u00e9e \u00e0 votre brasserie. Notre expertise a pour but de vous aider \u00e0 atteindre vos objectifs en mati\u00e8re de brassage de mani\u00e8re efficace et efficiente, afin de garantir votre satisfaction et celle de vos clients.<\/p>\n\n\n\n<div style=\"height:15px\" aria-hidden=\"true\" class=\"wp-block-spacer\"><\/div>\n\n\n\n<p>Pour en savoir plus sur notre engagement en faveur de votre r\u00e9ussite et sur la valeur que nous vous apportons, consultez notre <a href=\"https:\/\/goodbeer.solutions\/fr\/a-propos-de-nous\/\">page \u00ab\u00a0\u00c0 propos de nous\u00a0\u00bb<\/a>. Travaillons ensemble pour atteindre vos objectifs et produire des bi\u00e8res exceptionnelles.<\/p>\n","protected":false},"excerpt":{"rendered":"<h1 class=\"wp-block-heading has-text-align-center\"><strong>Shop pour brasseurs professionnels en Suisse<\/strong><\/h1>\n<p>En Suisse, les brasseurs professionnels sont confront\u00e9s \u00e0 des co\u00fbts \u00e9lev\u00e9s, \u00e0 une logistique complexe, \u00e0 des importations compliqu\u00e9es et \u00e0 des fournisseurs non sp\u00e9cialis\u00e9s. Good Beer Solutions est l\u00e0 pour am\u00e9liorer votre processus de brassage. Nous proposons des prix comp\u00e9titifs, une logistique rationalis\u00e9e et une large s\u00e9lection de malt, de levure et de produits de brassage, avec l&rsquo;appui d&rsquo;une assistance technique qualifi\u00e9e. <\/p>\n<p>En tant que brasseurs professionnels, nous comprenons les besoins des brasseurs professionnels : <strong>Nous fabriquons avec vous<\/strong>.  <\/p>\n<p>Au-del\u00e0 de la vente de mati\u00e8res premi\u00e8res pour le brassage, nous r\u00e9pondons aux questions pour vous aider \u00e0 choisir les bons produits.  <\/p>\n<p>\u00c9crivez-nous un courriel &#8211; <a href=\"mailto:info@goodbeer.solutions\">info@goodbeer.solutions<\/a> &#8211; ou appelez-nous rapidement &#8211; <strong><a href=\"tel:+41215661484\">+41 21 566 14 84<\/a><\/strong> &#8211; nous vous r\u00e9pondrons, sans frais et sans conditions.<\/p>\n<h2 class=\"wp-block-heading has-text-align-center\">\n          <strong>Nos produits chez Good Beer Solutions<\/strong><br \/>\n        <\/h2>\n<p class=\"has-text-align-center\">\n<h3 class=\"wp-block-heading has-text-align-center\" style=\"font-style:normal;font-weight:700\"><a href=\"https:\/\/goodbeer.solutions\/fr\/categorie-produit\/levure\/\" data-type=\"product_cat\" data-id=\"364\">Levure<\/a><\/h3>\n<h3 class=\"wp-block-heading has-text-align-center\" style=\"font-style:normal;font-weight:700\"><a href=\"https:\/\/goodbeer.solutions\/fr\/categorie-produit\/aide-au-brassage\/\" data-type=\"product_cat\" data-id=\"376\">Technique<\/a><\/h3>\n<h3 class=\"wp-block-heading has-text-align-center\" style=\"font-style:normal;font-weight:700\"><a href=\"https:\/\/goodbeer.solutions\/fr\/categorie-produit\/malt-cereale\/\">Malts<\/a><\/h3>\n<h3 class=\"wp-block-heading has-text-align-center\" style=\"font-style:normal;font-weight:700\"><a href=\"https:\/\/goodbeer.solutions\/fr\/categorie-produit\/hygiene-fr\/\">Hygi\u00e8ne<\/a><\/h3>\n<h2 class=\"wp-block-heading has-text-align-center\">\n          <strong>Fournisseurs que vous trouvez chez Good Beer Solutions<\/strong><br \/>\n        <\/h2>\n<p class=\"has-text-align-center\">\n<h3 class=\"wp-block-heading has-text-align-center\">\n          <strong>Pourquoi acheter vos mati\u00e8res premi\u00e8res de brasserie chez Good Beer Solutions ?<\/strong><br \/>\n        <\/h3>\n<p>Good Beer Solutions va au-del\u00e0 de la vente de produits. Nous travaillons en partenariat avec vous pour \u00e9laborer des <strong>solutions sur mesure<\/strong>, depuis l&rsquo;analyse d\u00e9taill\u00e9e de l&rsquo;eau jusqu&rsquo;au processus de fermentation, en passant par l&rsquo;ensemble du processus de brassage et d&#8217;emballage. Avec nous, vous <strong>gagnez plus que des produits<\/strong>; vous gagnez un engagement d&rsquo;excellence et un parcours sans faille vers le brassage d&rsquo;une bi\u00e8re remarquable.<\/p>\n<p>En tant que brasseurs professionnels, nous savons comment s\u00e9lectionner les <strong>meilleurs produits et marques<\/strong>. De plus, nous avons peut-\u00eatre rencontr\u00e9 les m\u00eames d\u00e9fis que vous, ce qui nous permet de r\u00e9pondre aux questions et de vous proposer des solutions. Au fil du temps, nous partagerons des <a href=\"https:\/\/goodbeer.solutions\/fr\/1971-2\/\">conseils sur notre blog<\/a>. Si vous avez besoin de plus amples informations, n&rsquo;h\u00e9sitez pas \u00e0 appeler Luc. Luc parle couramment l&rsquo;anglais, le fran\u00e7ais et l&rsquo;allemand.<\/p>\n<h3 class=\"wp-block-heading has-text-align-center\">\n          <strong>Vous avez des questions sur le choix des mati\u00e8res premi\u00e8res ou sur l&rsquo;optimisation de votre brassage ? <\/strong><br \/>\n        <\/h3>\n<p>Good Beer Solutions n&rsquo;est pas seulement un fournisseur &#8211; nous sommes <strong>votre partenaire<\/strong>. Nous sommes l\u00e0 pour vous apporter des r\u00e9ponses et des solutions qui correspondent \u00e0 vos objectifs, en apportant une valeur ajout\u00e9e in\u00e9gal\u00e9e \u00e0 votre brasserie. Notre expertise a pour but de vous aider \u00e0 atteindre vos objectifs en mati\u00e8re de brassage de mani\u00e8re efficace et efficiente, afin de garantir votre satisfaction et celle de vos clients.<\/p>\n<p>Pour en savoir plus sur notre engagement en faveur de votre r\u00e9ussite et sur la valeur que nous vous apportons, consultez notre <a href=\"https:\/\/goodbeer.solutions\/fr\/a-propos-de-nous\/\">page \u00ab\u00a0\u00c0 propos de nous\u00a0\u00bb<\/a>. Travaillons ensemble pour atteindre vos objectifs et produire des bi\u00e8res exceptionnelles.<\/p>\n","protected":false},"author":2,"featured_media":0,"parent":0,"menu_order":0,"comment_status":"closed","ping_status":"closed","template":"","meta":{"_themeisle_gutenberg_block_has_review":false,"footnotes":""},"class_list":["post-2077","page","type-page","status-publish","hentry"],"_links":{"self":[{"href":"https:\/\/goodbeer.solutions\/fr\/wp-json\/wp\/v2\/pages\/2077","targetHints":{"allow":["GET"]}}],"collection":[{"href":"https:\/\/goodbeer.solutions\/fr\/wp-json\/wp\/v2\/pages"}],"about":[{"href":"https:\/\/goodbeer.solutions\/fr\/wp-json\/wp\/v2\/types\/page"}],"author":[{"embeddable":true,"href":"https:\/\/goodbeer.solutions\/fr\/wp-json\/wp\/v2\/users\/2"}],"replies":[{"embeddable":true,"href":"https:\/\/goodbeer.solutions\/fr\/wp-json\/wp\/v2\/comments?post=2077"}],"version-history":[{"count":20,"href":"https:\/\/goodbeer.solutions\/fr\/wp-json\/wp\/v2\/pages\/2077\/revisions"}],"predecessor-version":[{"id":3157,"href":"https:\/\/goodbeer.solutions\/fr\/wp-json\/wp\/v2\/pages\/2077\/revisions\/3157"}],"wp:attachment":[{"href":"https:\/\/goodbeer.solutions\/fr\/wp-json\/wp\/v2\/media?parent=2077"}],"curies":[{"name":"wp","href":"https:\/\/api.w.org\/{rel}","templated":true}]}}