{"id":2079,"date":"2023-11-20T18:12:37","date_gmt":"2023-11-20T17:12:37","guid":{"rendered":"https:\/\/goodbeer.solutions\/prix-les-prix-sur-le-site-de-good-beer-solutions-sont-indiques-en-francs-suisses-et-sentendent-hors-taxe-sur-la-valeur-ajoutee-tva-ces-prix-sont-fournis-a-titre-indicatif-et-peuvent-etre-modifies\/"},"modified":"2024-05-10T13:12:51","modified_gmt":"2024-05-10T12:12:51","slug":"prix-les-prix-sur-le-site-de-good-beer-solutions-sont-indiques-en-francs-suisses-et-sentendent-hors-taxe-sur-la-valeur-ajoutee-tva-ces-prix-sont-fournis-a-titre-indicatif-et-peuvent-etre-modifies","status":"publish","type":"page","link":"https:\/\/goodbeer.solutions\/fr\/prix-les-prix-sur-le-site-de-good-beer-solutions-sont-indiques-en-francs-suisses-et-sentendent-hors-taxe-sur-la-valeur-ajoutee-tva-ces-prix-sont-fournis-a-titre-indicatif-et-peuvent-etre-modifies\/","title":{"rendered":"Conditions de Vente"},"content":{"rendered":"\n<p><strong>Prix<\/strong><br\/>Les prix indiqu\u00e9s sur le site web de Good Beer Solutions sont exprim\u00e9s en francs suisses et s&rsquo;entendent hors taxe sur la valeur ajout\u00e9e (TVA). Ces prix sont indicatifs et peuvent \u00eatre modifi\u00e9s sans pr\u00e9avis. Seule la facture officielle \u00e9mise par notre soci\u00e9t\u00e9 est valable.<\/p>\n\n<p><strong>Garantie<\/strong><br\/>Les produits sont couverts par une garantie d&rsquo;un an, limit\u00e9e aux conditions de garantie du fabricant. En cas de d\u00e9faut, Good Beer Solutions s&rsquo;engage \u00e0 faciliter la communication entre le client et le fournisseur, mais ne peut \u00eatre tenu responsable des d\u00e9fauts inh\u00e9rents au produit. La garantie prend effet \u00e0 la date de livraison, attest\u00e9e par le document d&rsquo;accompagnement , qu&rsquo;il est conseill\u00e9 aux clients de conserver pr\u00e9cieusement. Sont exclus de la garantie : les dommages dus \u00e0 un mauvais entretien, \u00e0 une mauvaise utilisation, au non-respect des normes de stockage ou \u00e0 l&rsquo;usure normale.<\/p>\n\n<p><strong>Disponibilit\u00e9<\/strong><br\/>Notre engagement de livraison est nul et non avenu dans le cas o\u00f9 nos fournisseurs ne respectent pas les d\u00e9lais de livraison, pour autant que cette indisponibilit\u00e9 ne soit pas imputable \u00e0 Good Beer Solutions. En cas d&rsquo;indisponibilit\u00e9 d&rsquo;un produit, nous vous en informerons dans les meilleurs d\u00e9lais.<\/p>\n\n<p><strong>Conditions de paiement<\/strong><br\/>Les paiements sont effectu\u00e9s sur facture. Une commande n&rsquo;est pas consid\u00e9r\u00e9e comme valide tant que le paiement int\u00e9gral n&rsquo;a pas \u00e9t\u00e9 re\u00e7u. Des conditions de paiement sp\u00e9cifiques peuvent \u00eatre accord\u00e9es sur la base d&rsquo;un accord \u00e9crit.<\/p>\n\n<p><strong>Livraison et transport<\/strong><br\/>Les articles disponibles sont exp\u00e9di\u00e9s par un service de transport d\u00e9sign\u00e9. Les frais de livraison sont pr\u00e9cis\u00e9s sur la facture et sont d\u00e9finitifs. Good Beer Solutions s&rsquo;efforce d&rsquo;assurer une livraison efficace mais n&rsquo;est pas responsable des retards de livraison. Veuillez noter que Good Beer Solutions ne livre pas aux bo\u00eetes postales et ne fournit des marchandises qu&rsquo;\u00e0 des clients priv\u00e9s sur la base d&rsquo;un accord \u00e9crit sp\u00e9cifique.<\/p>\n\n<p><strong>Retours ou \u00e9changes<\/strong><br\/>Les articles vendus ne sont ni repris ni \u00e9chang\u00e9s, sauf en cas de d\u00e9faut av\u00e9r\u00e9.<\/p>\n\n<p><strong>Garanties juridiques<\/strong><br\/>Inspectez imm\u00e9diatement les marchandises livr\u00e9es afin d&rsquo;exclure tout d\u00e9faut mat\u00e9riel ou de fabrication, ainsi que les dommages li\u00e9s au transport. Conform\u00e9ment \u00e0 la loi, tout d\u00e9faut ou anomalie affectant les marchandises livr\u00e9es doit nous \u00eatre signal\u00e9 sans d\u00e9lai afin que nous puissions y rem\u00e9dier. Les r\u00e9clamations doivent \u00eatre soumises par courrier \u00e9lectronique, en indiquant le num\u00e9ro de lot, le num\u00e9ro de commande et toute information pertinente permettant de justifier le d\u00e9faut. Les d\u00e9fauts qui n&rsquo;ont pas \u00e9t\u00e9 signal\u00e9s imm\u00e9diatement ne pourront pas faire l&rsquo;objet d&rsquo;une r\u00e9clamation. Nous nous r\u00e9servons le droit de remplacer ou de rembourser les articles d\u00e9fectueux.<\/p>\n\n<p><strong>Protection des donn\u00e9es<\/strong><br\/>Toutes les donn\u00e9es personnelles seront trait\u00e9es de mani\u00e8re confidentielle. Les informations n\u00e9cessaires au traitement des commandes feront l&rsquo;objet d&rsquo;un traitement informatique et pourront \u00eatre partag\u00e9es avec des soci\u00e9t\u00e9s associ\u00e9es dans le cadre de la gestion des commandes.<\/p>\n\n<p><strong>Droit applicable et juridiction<\/strong><br\/>Les pr\u00e9sentes conditions g\u00e9n\u00e9rales sont r\u00e9gies par le droit suisse. En cas de litige, les tribunaux de l&rsquo;arrondissement de Lausanne sont comp\u00e9tents.<\/p>\n","protected":false},"excerpt":{"rendered":"<p><strong>Prix<\/strong><br \/>Les prix indiqu\u00e9s sur le site web de Good Beer Solutions sont exprim\u00e9s en francs suisses et s&rsquo;entendent hors taxe sur la valeur ajout\u00e9e (TVA). Ces prix sont indicatifs et peuvent \u00eatre modifi\u00e9s sans pr\u00e9avis. Seule la facture officielle \u00e9mise par notre soci\u00e9t\u00e9 est valable.<\/p>\n<p><strong>Garantie<\/strong><br \/>Les produits sont couverts par une garantie d&rsquo;un an, limit\u00e9e aux conditions de garantie du fabricant. En cas de d\u00e9faut, Good Beer Solutions s&rsquo;engage \u00e0 faciliter la communication entre le client et le fournisseur, mais ne peut \u00eatre tenu responsable des d\u00e9fauts inh\u00e9rents au produit. La garantie prend effet \u00e0 la date de livraison, attest\u00e9e par le document d&rsquo;accompagnement , qu&rsquo;il est conseill\u00e9 aux clients de conserver pr\u00e9cieusement. Sont exclus de la garantie : les dommages dus \u00e0 un mauvais entretien, \u00e0 une mauvaise utilisation, au non-respect des normes de stockage ou \u00e0 l&rsquo;usure normale.<\/p>\n<p><strong>Disponibilit\u00e9<\/strong><br \/>Notre engagement de livraison est nul et non avenu dans le cas o\u00f9 nos fournisseurs ne respectent pas les d\u00e9lais de livraison, pour autant que cette indisponibilit\u00e9 ne soit pas imputable \u00e0 Good Beer Solutions. En cas d&rsquo;indisponibilit\u00e9 d&rsquo;un produit, nous vous en informerons dans les meilleurs d\u00e9lais.<\/p>\n<p><strong>Conditions de paiement<\/strong><br \/>Les paiements sont effectu\u00e9s sur facture. Une commande n&rsquo;est pas consid\u00e9r\u00e9e comme valide tant que le paiement int\u00e9gral n&rsquo;a pas \u00e9t\u00e9 re\u00e7u. Des conditions de paiement sp\u00e9cifiques peuvent \u00eatre accord\u00e9es sur la base d&rsquo;un accord \u00e9crit.<\/p>\n<p><strong>Livraison et transport<\/strong><br \/>Les articles disponibles sont exp\u00e9di\u00e9s par un service de transport d\u00e9sign\u00e9. Les frais de livraison sont pr\u00e9cis\u00e9s sur la facture et sont d\u00e9finitifs. Good Beer Solutions s&rsquo;efforce d&rsquo;assurer une livraison efficace mais n&rsquo;est pas responsable des retards de livraison. Veuillez noter que Good Beer Solutions ne livre pas aux bo\u00eetes postales et ne fournit des marchandises qu&rsquo;\u00e0 des clients priv\u00e9s sur la base d&rsquo;un accord \u00e9crit sp\u00e9cifique.<\/p>\n<p><strong>Retours ou \u00e9changes<\/strong><br \/>Les articles vendus ne sont ni repris ni \u00e9chang\u00e9s, sauf en cas de d\u00e9faut av\u00e9r\u00e9.<\/p>\n<p><strong>Garanties juridiques<\/strong><br \/>Inspectez imm\u00e9diatement les marchandises livr\u00e9es afin d&rsquo;exclure tout d\u00e9faut mat\u00e9riel ou de fabrication, ainsi que les dommages li\u00e9s au transport. Conform\u00e9ment \u00e0 la loi, tout d\u00e9faut ou anomalie affectant les marchandises livr\u00e9es doit nous \u00eatre signal\u00e9 sans d\u00e9lai afin que nous puissions y rem\u00e9dier. Les r\u00e9clamations doivent \u00eatre soumises par courrier \u00e9lectronique, en indiquant le num\u00e9ro de lot, le num\u00e9ro de commande et toute information pertinente permettant de justifier le d\u00e9faut. Les d\u00e9fauts qui n&rsquo;ont pas \u00e9t\u00e9 signal\u00e9s imm\u00e9diatement ne pourront pas faire l&rsquo;objet d&rsquo;une r\u00e9clamation. Nous nous r\u00e9servons le droit de remplacer ou de rembourser les articles d\u00e9fectueux.<\/p>\n<p><strong>Protection des donn\u00e9es<\/strong><br \/>Toutes les donn\u00e9es personnelles seront trait\u00e9es de mani\u00e8re confidentielle. Les informations n\u00e9cessaires au traitement des commandes feront l&rsquo;objet d&rsquo;un traitement informatique et pourront \u00eatre partag\u00e9es avec des soci\u00e9t\u00e9s associ\u00e9es dans le cadre de la gestion des commandes.<\/p>\n<p><strong>Droit applicable et juridiction<\/strong><br \/>Les pr\u00e9sentes conditions g\u00e9n\u00e9rales sont r\u00e9gies par le droit suisse. En cas de litige, les tribunaux de l&rsquo;arrondissement de Lausanne sont comp\u00e9tents.<\/p>\n","protected":false},"author":2,"featured_media":0,"parent":0,"menu_order":0,"comment_status":"closed","ping_status":"closed","template":"","meta":{"_themeisle_gutenberg_block_has_review":false,"footnotes":""},"class_list":["post-2079","page","type-page","status-publish","hentry"],"_links":{"self":[{"href":"https:\/\/goodbeer.solutions\/fr\/wp-json\/wp\/v2\/pages\/2079","targetHints":{"allow":["GET"]}}],"collection":[{"href":"https:\/\/goodbeer.solutions\/fr\/wp-json\/wp\/v2\/pages"}],"about":[{"href":"https:\/\/goodbeer.solutions\/fr\/wp-json\/wp\/v2\/types\/page"}],"author":[{"embeddable":true,"href":"https:\/\/goodbeer.solutions\/fr\/wp-json\/wp\/v2\/users\/2"}],"replies":[{"embeddable":true,"href":"https:\/\/goodbeer.solutions\/fr\/wp-json\/wp\/v2\/comments?post=2079"}],"version-history":[{"count":5,"href":"https:\/\/goodbeer.solutions\/fr\/wp-json\/wp\/v2\/pages\/2079\/revisions"}],"predecessor-version":[{"id":2106,"href":"https:\/\/goodbeer.solutions\/fr\/wp-json\/wp\/v2\/pages\/2079\/revisions\/2106"}],"wp:attachment":[{"href":"https:\/\/goodbeer.solutions\/fr\/wp-json\/wp\/v2\/media?parent=2079"}],"curies":[{"name":"wp","href":"https:\/\/api.w.org\/{rel}","templated":true}]}}