{"id":2178,"date":"2024-01-16T10:33:44","date_gmt":"2024-01-16T09:33:44","guid":{"rendered":"https:\/\/goodbeer.solutions\/livraison\/"},"modified":"2024-05-10T12:58:07","modified_gmt":"2024-05-10T11:58:07","slug":"livraison","status":"publish","type":"page","link":"https:\/\/goodbeer.solutions\/fr\/livraison\/","title":{"rendered":"Livraison"},"content":{"rendered":"\n<div class=\"wp-block-group\"><div class=\"wp-block-group__inner-container is-layout-constrained wp-container-core-group-is-layout-b19b8825 wp-block-group-is-layout-constrained\">\n<h1 class=\"wp-block-heading\">Transport Good Beer Solutions<\/h1>\n\n\n\n<p><\/p>\n\n\n\n<p>Les frais de livraison seront ajout\u00e9s \u00e0 votre facture. Une fois la commande termin\u00e9e, nous vous enverrons une facture avec le co\u00fbt exact bas\u00e9 sur ce calcul. N&rsquo;h\u00e9sitez pas \u00e0 nous contacter pour une demande de renseignements \u00e0 l&rsquo;adresse <a href=\"mailto:info@goodbeers.solutions\" target=\"_blank\" rel=\"noreferrer noopener\">suivante : info@goodbeers.solutions<\/a><\/p>\n\n\n\n<div class=\"wp-block-columns is-layout-flex wp-container-core-columns-is-layout-82eb6e96 wp-block-columns-is-layout-flex\" style=\"padding-top:var(--wp--preset--spacing--40);padding-bottom:var(--wp--preset--spacing--40)\">\n<div class=\"wp-block-column is-layout-flow wp-block-column-is-layout-flow\">\n<h2 class=\"wp-block-heading\" style=\"font-size:1.65rem\">Colis<\/h2>\n\n\n\n<p>Pour la levure, les auxiliaires de brassage et autres petits envois, nous utilisons les services de Planzer.<\/p>\n\n\n\n<p>Le tarif est de 12.- par 25 kg. <\/p>\n<\/div>\n\n\n\n<div class=\"wp-block-column is-layout-flow wp-block-column-is-layout-flow\">\n<h2 class=\"wp-block-heading\" style=\"font-size:1.65rem\">Pour le malt de stock<\/h2>\n\n\n\n<p>120.- pour une palette<\/p>\n\n\n\n<p>240.- par palette pour deux palettes<\/p>\n\n\n\n<p>360.- par palette pour trois palettes<\/p>\n\n\n\n<p>400.- par palette pour quatre palettes<\/p>\n\n\n\n<p>500.- par palette pour cinq palettes<\/p>\n\n\n\n<p>Pour les commandes plus importantes, veuillez nous contacter pour une offre.<\/p>\n<\/div>\n\n\n\n<div class=\"wp-block-column is-layout-flow wp-block-column-is-layout-flow\">\n<h2 class=\"wp-block-heading\" style=\"font-size:1.65rem\">Malt en pr\u00e9commande<\/h2>\n\n\n\n<p>Si votre brasserie utilise des quantit\u00e9s importantes, nous pouvons vous livrer directement depuis la malterie.<\/p>\n\n\n\n<p>Nous pouvons alors vous livrer GRATUITEMENT \u00e0 partir de 6 palettes. Sous conditions La commande doit \u00eatre pass\u00e9e deux \u00e0 trois semaines \u00e0 l&rsquo;avance.<\/p>\n<\/div>\n\n\n\n<div class=\"wp-block-column is-layout-flow wp-block-column-is-layout-flow\">\n<h2 class=\"wp-block-heading\" style=\"font-size:1.65rem\">Nettoyage et d\u00e9sinfection<\/h2>\n\n\n\n<p>Le transport des produits de nettoyage et de d\u00e9sinfection est obligatoirement effectu\u00e9 par des transporteurs agr\u00e9\u00e9s selon la loi. Notre fournisseur organisera une livraison directe en conformit\u00e9 avec la r\u00e9glementation. Par cons\u00e9quent, le prix des commandes dans cette cat\u00e9gorie est de 30.- par commande, avec une commande minimale de 3 articles. De plus, nous avons un programme de recyclage des emballages pour les produits chimiques de cette cat\u00e9gorie. Si vous avez des mat\u00e9riaux d&#8217;emballage \u00e0 \u00e9liminer, veuillez nous en informer lors de la passation de votre commande, et nous nous chargerons du processus de recyclage.<\/p>\n<\/div>\n<\/div>\n\n\n\n<p><\/p>\n\n\n\n<p class=\"has-large-font-size\"><em>Good Beer Solutions, We craft with you.<\/em><\/p>\n<\/div><\/div>\n","protected":false},"excerpt":{"rendered":"<h1 class=\"wp-block-heading\">Transport Good Beer Solutions<\/h1>\n<\/p>\n<p>Les frais de livraison seront ajout\u00e9s \u00e0 votre facture. Une fois la commande termin\u00e9e, nous vous enverrons une facture avec le co\u00fbt exact bas\u00e9 sur ce calcul. N&rsquo;h\u00e9sitez pas \u00e0 nous contacter pour une demande de renseignements \u00e0 l&rsquo;adresse <a href=\"mailto:info@goodbeers.solutions\" target=\"_blank\" rel=\"noreferrer noopener\">suivante : info@goodbeers.solutions<\/a><\/p>\n<h2 class=\"wp-block-heading\" style=\"font-size:1.65rem\">Colis<\/h2>\n<p>Pour la levure, les auxiliaires de brassage et autres petits envois, nous utilisons les services de Planzer.<\/p>\n<p>Le tarif est de 12.- par 25 kg. <\/p>\n<h2 class=\"wp-block-heading\" style=\"font-size:1.65rem\">Pour le malt de stock<\/h2>\n<p>120.- pour une palette<\/p>\n<p>240.- par palette pour deux palettes<\/p>\n<p>360.- par palette pour trois palettes<\/p>\n<p>400.- par palette pour quatre palettes<\/p>\n<p>500.- par palette pour cinq palettes<\/p>\n<p>Pour les commandes plus importantes, veuillez nous contacter pour une offre.<\/p>\n<h2 class=\"wp-block-heading\" style=\"font-size:1.65rem\">Malt en pr\u00e9commande<\/h2>\n<p>Si votre brasserie utilise des quantit\u00e9s importantes, nous pouvons vous livrer directement depuis la malterie.<\/p>\n<p>Nous pouvons alors vous livrer GRATUITEMENT \u00e0 partir de 6 palettes. Sous conditions La commande doit \u00eatre pass\u00e9e deux \u00e0 trois semaines \u00e0 l&rsquo;avance.<\/p>\n<h2 class=\"wp-block-heading\" style=\"font-size:1.65rem\">Nettoyage et d\u00e9sinfection<\/h2>\n<p>Le transport des produits de nettoyage et de d\u00e9sinfection est obligatoirement effectu\u00e9 par des transporteurs agr\u00e9\u00e9s selon la loi. Notre fournisseur organisera une livraison directe en conformit\u00e9 avec la r\u00e9glementation. Par cons\u00e9quent, le prix des commandes dans cette cat\u00e9gorie est de 30.- par commande, avec une commande minimale de 3 articles. De plus, nous avons un programme de recyclage des emballages pour les produits chimiques de cette cat\u00e9gorie. Si vous avez des mat\u00e9riaux d&#8217;emballage \u00e0 \u00e9liminer, veuillez nous en informer lors de la passation de votre commande, et nous nous chargerons du processus de recyclage.<\/p>\n<\/p>\n<p class=\"has-large-font-size\"><em>Good Beer Solutions, We craft with you.<\/em><\/p>\n","protected":false},"author":2,"featured_media":0,"parent":0,"menu_order":0,"comment_status":"closed","ping_status":"closed","template":"","meta":{"_themeisle_gutenberg_block_has_review":false,"footnotes":""},"class_list":["post-2178","page","type-page","status-publish","hentry"],"_links":{"self":[{"href":"https:\/\/goodbeer.solutions\/fr\/wp-json\/wp\/v2\/pages\/2178","targetHints":{"allow":["GET"]}}],"collection":[{"href":"https:\/\/goodbeer.solutions\/fr\/wp-json\/wp\/v2\/pages"}],"about":[{"href":"https:\/\/goodbeer.solutions\/fr\/wp-json\/wp\/v2\/types\/page"}],"author":[{"embeddable":true,"href":"https:\/\/goodbeer.solutions\/fr\/wp-json\/wp\/v2\/users\/2"}],"replies":[{"embeddable":true,"href":"https:\/\/goodbeer.solutions\/fr\/wp-json\/wp\/v2\/comments?post=2178"}],"version-history":[{"count":2,"href":"https:\/\/goodbeer.solutions\/fr\/wp-json\/wp\/v2\/pages\/2178\/revisions"}],"predecessor-version":[{"id":2460,"href":"https:\/\/goodbeer.solutions\/fr\/wp-json\/wp\/v2\/pages\/2178\/revisions\/2460"}],"wp:attachment":[{"href":"https:\/\/goodbeer.solutions\/fr\/wp-json\/wp\/v2\/media?parent=2178"}],"curies":[{"name":"wp","href":"https:\/\/api.w.org\/{rel}","templated":true}]}}