{"id":2905,"date":"2024-07-30T13:12:51","date_gmt":"2024-07-30T12:12:51","guid":{"rendered":"https:\/\/goodbeer.solutions\/on-sale\/"},"modified":"2024-07-31T10:13:06","modified_gmt":"2024-07-31T09:13:06","slug":"on-sale","status":"publish","type":"page","link":"https:\/\/goodbeer.solutions\/fr\/on-sale\/","title":{"rendered":"On Sale"},"content":{"rendered":"\n<h1 class=\"wp-block-heading\">Produits en promotion<\/h1>\n\n<p>Bienvenue sur notre page de promotion ! Vous y trouverez des offres int\u00e9ressantes sur une large gamme de levure de brassage, de malt et de produits de brasserie. Que vous soyez une brasserie artisanale brassant des NEIPA ou une \u00ab\u00a0classique\u00a0\u00bb fabriquant des Lagers, nous avons tout ce dont vous avez besoin pour cr\u00e9er votre brassin parfait \u00e0 des prix imbattables. Profitez de ces offres \u00e0 dur\u00e9e limit\u00e9e pour faire le plein d&rsquo;ingr\u00e9dients et de mati\u00e8res premi\u00e8res de qualit\u00e9. A la cl\u00e9, de belles \u00e9conomies et toujours une bonne bi\u00e8re !<\/p>\n\n<div style=\"height:60px\" aria-hidden=\"true\" class=\"wp-block-spacer\"><\/div>\n<div class=\"woocommerce columns-4 \"><ul class=\"products columns-4\">\n<li class=\"product type-product post-2171 status-publish first instock product_cat-ale-fr product_cat-levure has-post-thumbnail sale taxable shipping-taxable purchasable product-type-simple\">\n\t<a href=\"https:\/\/goodbeer.solutions\/fr\/produit\/lallemand-bry-97-west-coast-500g\/\" class=\"woocommerce-LoopProduct-link woocommerce-loop-product__link\">\n\t<span class=\"onsale\">Promo\u00a0!<\/span>\n\t<img loading=\"lazy\" decoding=\"async\" width=\"300\" height=\"300\" src=\"https:\/\/goodbeer.solutions\/wp-content\/uploads\/2024\/01\/LalBrew-Premium-BRY-97-500g-Packshot-View1-6-300x300.webp\" class=\"attachment-woocommerce_thumbnail size-woocommerce_thumbnail\" alt=\"us-05, chicco strain lallemand bry-97 bry 97\" srcset=\"https:\/\/goodbeer.solutions\/wp-content\/uploads\/2024\/01\/LalBrew-Premium-BRY-97-500g-Packshot-View1-6-300x300.webp 300w, https:\/\/goodbeer.solutions\/wp-content\/uploads\/2024\/01\/LalBrew-Premium-BRY-97-500g-Packshot-View1-6-100x100.webp 100w, https:\/\/goodbeer.solutions\/wp-content\/uploads\/2024\/01\/LalBrew-Premium-BRY-97-500g-Packshot-View1-6-150x150.webp 150w\" sizes=\"auto, (max-width: 300px) 100vw, 300px\" \/><h2 class=\"woocommerce-loop-product__title\">Levure Lallemand Lalbrew BRY-97 West Coast 500g pack<\/h2>\n\t<span class=\"price\"><del aria-hidden=\"true\"><span class=\"woocommerce-Price-amount amount\"><bdi><span class=\"woocommerce-Price-currencySymbol\">&#67;&#72;&#70;<\/span>&nbsp;86.00<\/bdi><\/span><\/del> <span class=\"screen-reader-text\">Le prix initial \u00e9tait\u00a0: &#067;&#072;&#070;&nbsp;86.00.<\/span><ins aria-hidden=\"true\"><span class=\"woocommerce-Price-amount amount\"><bdi><span class=\"woocommerce-Price-currencySymbol\">&#67;&#72;&#70;<\/span>&nbsp;66.00<\/bdi><\/span><\/ins><span class=\"screen-reader-text\">Le prix actuel est\u00a0: &#067;&#072;&#070;&nbsp;66.00.<\/span> <small class=\"woocommerce-price-suffix\">HT<\/small><\/span>\n<\/a><a href=\"\/fr\/wp-json\/wp\/v2\/pages\/2905?add-to-cart=2171\" aria-describedby=\"woocommerce_loop_add_to_cart_link_describedby_2171\" data-quantity=\"1\" class=\"button product_type_simple add_to_cart_button ajax_add_to_cart\" data-product_id=\"2171\" data-product_sku=\"\" aria-label=\"Ajouter au panier\u00a0: &ldquo;Levure Lallemand Lalbrew BRY-97 West Coast 500g pack&rdquo;\" data-success_message=\"\u00ab\u00a0Levure Lallemand Lalbrew BRY-97 West Coast 500g pack\u00a0\u00bb a \u00e9t\u00e9 ajout\u00e9 \u00e0 votre panier\" role=\"button\">Ajouter au panier<\/a>\t<span id=\"woocommerce_loop_add_to_cart_link_describedby_2171\" class=\"screen-reader-text\">\n\t\t\t<\/span>\n<\/li>\n<li class=\"product type-product post-2169 status-publish instock product_cat-ale-fr product_cat-levure has-post-thumbnail sale taxable shipping-taxable purchasable product-type-simple\">\n\t<a href=\"https:\/\/goodbeer.solutions\/fr\/produit\/lallemand-verdant-ipa-500g\/\" class=\"woocommerce-LoopProduct-link woocommerce-loop-product__link\">\n\t<span class=\"onsale\">Promo\u00a0!<\/span>\n\t<img loading=\"lazy\" decoding=\"async\" width=\"300\" height=\"300\" src=\"https:\/\/goodbeer.solutions\/wp-content\/uploads\/2024\/01\/LalBrew-Premium-Verdant-IPA-500g-Packshot-View1-6-300x300.webp\" class=\"attachment-woocommerce_thumbnail size-woocommerce_thumbnail\" alt=\"lallemand,                                                                                  verdant,ipa,neipa\" srcset=\"https:\/\/goodbeer.solutions\/wp-content\/uploads\/2024\/01\/LalBrew-Premium-Verdant-IPA-500g-Packshot-View1-6-300x300.webp 300w, https:\/\/goodbeer.solutions\/wp-content\/uploads\/2024\/01\/LalBrew-Premium-Verdant-IPA-500g-Packshot-View1-6-100x100.webp 100w, https:\/\/goodbeer.solutions\/wp-content\/uploads\/2024\/01\/LalBrew-Premium-Verdant-IPA-500g-Packshot-View1-6-150x150.webp 150w\" sizes=\"auto, (max-width: 300px) 100vw, 300px\" \/><h2 class=\"woocommerce-loop-product__title\">Levure Lallemand Lalbrew Verdant IPA 500g pour NEIPA<\/h2>\n\t<span class=\"price\"><del aria-hidden=\"true\"><span class=\"woocommerce-Price-amount amount\"><bdi><span class=\"woocommerce-Price-currencySymbol\">&#67;&#72;&#70;<\/span>&nbsp;129.00<\/bdi><\/span><\/del> <span class=\"screen-reader-text\">Le prix initial \u00e9tait\u00a0: &#067;&#072;&#070;&nbsp;129.00.<\/span><ins aria-hidden=\"true\"><span class=\"woocommerce-Price-amount amount\"><bdi><span class=\"woocommerce-Price-currencySymbol\">&#67;&#72;&#70;<\/span>&nbsp;59.00<\/bdi><\/span><\/ins><span class=\"screen-reader-text\">Le prix actuel est\u00a0: &#067;&#072;&#070;&nbsp;59.00.<\/span> <small class=\"woocommerce-price-suffix\">HT<\/small><\/span>\n<\/a><a href=\"\/fr\/wp-json\/wp\/v2\/pages\/2905?add-to-cart=2169\" aria-describedby=\"woocommerce_loop_add_to_cart_link_describedby_2169\" data-quantity=\"1\" class=\"button product_type_simple add_to_cart_button ajax_add_to_cart\" data-product_id=\"2169\" data-product_sku=\"\" aria-label=\"Ajouter au panier\u00a0: &ldquo;Levure Lallemand Lalbrew Verdant IPA 500g pour NEIPA&rdquo;\" data-success_message=\"\u00ab\u00a0Levure Lallemand Lalbrew Verdant IPA 500g pour NEIPA\u00a0\u00bb a \u00e9t\u00e9 ajout\u00e9 \u00e0 votre panier\" role=\"button\">Ajouter au panier<\/a>\t<span id=\"woocommerce_loop_add_to_cart_link_describedby_2169\" class=\"screen-reader-text\">\n\t\t\t<\/span>\n<\/li>\n<\/ul>\n<\/div>\n","protected":false},"excerpt":{"rendered":"<h1 class=\"wp-block-heading\">Produits en promotion<\/h1>\n<p>Bienvenue sur notre page de promotion ! Vous y trouverez des offres int\u00e9ressantes sur une large gamme de levure de brassage, de malt et de produits de brasserie. Que vous soyez une brasserie artisanale brassant des NEIPA ou une \u00ab\u00a0classique\u00a0\u00bb fabriquant des Lagers, nous avons tout ce dont vous avez besoin pour cr\u00e9er votre brassin parfait \u00e0 des prix imbattables. Profitez de ces offres \u00e0 dur\u00e9e limit\u00e9e pour faire le plein d&rsquo;ingr\u00e9dients et de mati\u00e8res premi\u00e8res de qualit\u00e9. A la cl\u00e9, de belles \u00e9conomies et toujours une bonne bi\u00e8re !<\/p>\n","protected":false},"author":28,"featured_media":0,"parent":0,"menu_order":0,"comment_status":"closed","ping_status":"closed","template":"","meta":{"_themeisle_gutenberg_block_has_review":false,"footnotes":""},"class_list":["post-2905","page","type-page","status-publish","hentry"],"_links":{"self":[{"href":"https:\/\/goodbeer.solutions\/fr\/wp-json\/wp\/v2\/pages\/2905","targetHints":{"allow":["GET"]}}],"collection":[{"href":"https:\/\/goodbeer.solutions\/fr\/wp-json\/wp\/v2\/pages"}],"about":[{"href":"https:\/\/goodbeer.solutions\/fr\/wp-json\/wp\/v2\/types\/page"}],"author":[{"embeddable":true,"href":"https:\/\/goodbeer.solutions\/fr\/wp-json\/wp\/v2\/users\/28"}],"replies":[{"embeddable":true,"href":"https:\/\/goodbeer.solutions\/fr\/wp-json\/wp\/v2\/comments?post=2905"}],"version-history":[{"count":1,"href":"https:\/\/goodbeer.solutions\/fr\/wp-json\/wp\/v2\/pages\/2905\/revisions"}],"predecessor-version":[{"id":2906,"href":"https:\/\/goodbeer.solutions\/fr\/wp-json\/wp\/v2\/pages\/2905\/revisions\/2906"}],"wp:attachment":[{"href":"https:\/\/goodbeer.solutions\/fr\/wp-json\/wp\/v2\/media?parent=2905"}],"curies":[{"name":"wp","href":"https:\/\/api.w.org\/{rel}","templated":true}]}}