{"id":1722,"date":"2024-01-29T10:54:28","date_gmt":"2024-01-29T09:54:28","guid":{"rendered":"https:\/\/goodbeer.solutions\/product\/deptil-hds\/"},"modified":"2024-09-10T11:53:35","modified_gmt":"2024-09-10T10:53:35","slug":"deptil-hds","status":"publish","type":"product","link":"https:\/\/goodbeer.solutions\/fr\/produit\/deptil-hds\/","title":{"rendered":"Deptil HDS pour la d\u00e9sinfection de contact en spray &#8211; Kersia"},"content":{"rendered":"<p>&nbsp;<\/p>\n<p>D\u00e9sinfection \u00e0 action rapide, par pulv\u00e9risation ou trempage<\/p>\n<p>DEPTIL HDS est un d\u00e9sinfectant bact\u00e9ricide, levuricide et fongicide. Nettoyer et rincer les mat\u00e9riaux et les surfaces au pr\u00e9alable. Appliquer DEPTIL HDS par pulv\u00e9risation ou par trempage. Concentration : non dilu\u00e9e. Temps de contact minimal : 2 minutes pour l&rsquo;activit\u00e9 bact\u00e9ricide et levuricide, 5 minutes pour l&rsquo;activit\u00e9 fongicide. Temp\u00e9rature : temp\u00e9rature ambiante. Laisser s\u00e9cher pendant au moins 5 minutes. Laver r\u00e9guli\u00e8rement le mat\u00e9riel d&rsquo;application. Conforme \u00e0 la norme EN 13697 pour les bact\u00e9ries dans des conditions propres. Les concentrations indiqu\u00e9es dans cette m\u00e9thode d&rsquo;application repr\u00e9sentent les concentrations recommand\u00e9es.<\/p>\n","protected":false},"excerpt":{"rendered":"<p>D\u00e9sinfectant bact\u00e9ricide, fongicide, levuricide et virucide.<\/p>\n<ul>\n<li>Sans rin\u00e7age<\/li>\n<li>Pour la d\u00e9sinfection \u00e0 sec<\/li>\n<li>Pr\u00eat \u00e0 l&#8217;emploi<\/li>\n<li>Non corrosif pour l&rsquo;acier inoxydable et les mati\u00e8res plastiques<\/li>\n<\/ul>\n","protected":false},"featured_media":1629,"template":"","meta":{"_themeisle_gutenberg_block_has_review":false},"product_brand":[],"product_cat":[282,496],"product_tag":[],"class_list":{"0":"post-1722","1":"product","2":"type-product","3":"status-publish","4":"has-post-thumbnail","6":"product_cat-hygiene-fr","7":"product_cat-spray-fr","8":"pa_brand-kersia-fr","10":"first","11":"instock","12":"taxable","13":"shipping-taxable","14":"purchasable","15":"product-type-variable"},"_links":{"self":[{"href":"https:\/\/goodbeer.solutions\/fr\/wp-json\/wp\/v2\/product\/1722","targetHints":{"allow":["GET"]}}],"collection":[{"href":"https:\/\/goodbeer.solutions\/fr\/wp-json\/wp\/v2\/product"}],"about":[{"href":"https:\/\/goodbeer.solutions\/fr\/wp-json\/wp\/v2\/types\/product"}],"wp:featuredmedia":[{"embeddable":true,"href":"https:\/\/goodbeer.solutions\/fr\/wp-json\/wp\/v2\/media\/1629"}],"wp:attachment":[{"href":"https:\/\/goodbeer.solutions\/fr\/wp-json\/wp\/v2\/media?parent=1722"}],"wp:term":[{"taxonomy":"product_brand","embeddable":true,"href":"https:\/\/goodbeer.solutions\/fr\/wp-json\/wp\/v2\/product_brand?post=1722"},{"taxonomy":"product_cat","embeddable":true,"href":"https:\/\/goodbeer.solutions\/fr\/wp-json\/wp\/v2\/product_cat?post=1722"},{"taxonomy":"product_tag","embeddable":true,"href":"https:\/\/goodbeer.solutions\/fr\/wp-json\/wp\/v2\/product_tag?post=1722"}],"curies":[{"name":"wp","href":"https:\/\/api.w.org\/{rel}","templated":true}]}}