{"id":1723,"date":"2024-01-29T10:45:20","date_gmt":"2024-01-29T09:45:20","guid":{"rendered":"https:\/\/goodbeer.solutions\/product\/departement-ws\/"},"modified":"2024-09-10T12:00:49","modified_gmt":"2024-09-10T11:00:49","slug":"deptal-ws","status":"publish","type":"product","link":"https:\/\/goodbeer.solutions\/fr\/produit\/deptal-ws\/","title":{"rendered":"Nettoyant caustique DEPTAL WS pour CIP en brasserie &#8211; Kersia"},"content":{"rendered":"<p>nettoyant caustique liquide<\/p>\n","protected":false},"excerpt":{"rendered":"<p>Nettoyant liquide caustique peu moussant, formul\u00e9 sp\u00e9cifiquement pour le nettoyage des \u00e9quipements de traitement \u00e0 chaud, HTST, \u00e9vaporateurs et autres applications CIP. Combine une haute alcalinit\u00e9 avec d&rsquo;excellentes propri\u00e9t\u00e9s de mouillage, de s\u00e9questration et de d\u00e9moussage. Con\u00e7u pour les eaux dures. Peut \u00eatre utilis\u00e9 avec des distributeurs automatiques. La formule sans chlore permet d&rsquo;obtenir des r\u00e9sultats exceptionnels en termes de stabilit\u00e9 et de nettoyage.<\/p>\n","protected":false},"featured_media":1625,"template":"","meta":{"_themeisle_gutenberg_block_has_review":false},"product_brand":[],"product_cat":[282,490],"product_tag":[],"class_list":{"0":"post-1723","1":"product","2":"type-product","3":"status-publish","4":"has-post-thumbnail","6":"product_cat-hygiene-fr","7":"product_cat-nettoyage","8":"pa_brand-kersia-fr","10":"first","11":"instock","12":"taxable","13":"shipping-taxable","14":"purchasable","15":"product-type-variable"},"_links":{"self":[{"href":"https:\/\/goodbeer.solutions\/fr\/wp-json\/wp\/v2\/product\/1723","targetHints":{"allow":["GET"]}}],"collection":[{"href":"https:\/\/goodbeer.solutions\/fr\/wp-json\/wp\/v2\/product"}],"about":[{"href":"https:\/\/goodbeer.solutions\/fr\/wp-json\/wp\/v2\/types\/product"}],"wp:featuredmedia":[{"embeddable":true,"href":"https:\/\/goodbeer.solutions\/fr\/wp-json\/wp\/v2\/media\/1625"}],"wp:attachment":[{"href":"https:\/\/goodbeer.solutions\/fr\/wp-json\/wp\/v2\/media?parent=1723"}],"wp:term":[{"taxonomy":"product_brand","embeddable":true,"href":"https:\/\/goodbeer.solutions\/fr\/wp-json\/wp\/v2\/product_brand?post=1723"},{"taxonomy":"product_cat","embeddable":true,"href":"https:\/\/goodbeer.solutions\/fr\/wp-json\/wp\/v2\/product_cat?post=1723"},{"taxonomy":"product_tag","embeddable":true,"href":"https:\/\/goodbeer.solutions\/fr\/wp-json\/wp\/v2\/product_tag?post=1723"}],"curies":[{"name":"wp","href":"https:\/\/api.w.org\/{rel}","templated":true}]}}